{"id":1958,"date":"2020-05-07T08:35:38","date_gmt":"2020-05-07T08:35:38","guid":{"rendered":"http:\/\/localhost\/theratio\/?page_id=1958"},"modified":"2026-03-18T11:09:42","modified_gmt":"2026-03-18T11:09:42","slug":"biz-kimiz","status":"publish","type":"page","link":"https:\/\/ucgegroup.com\/tr\/who-we-are\/","title":{"rendered":"Biz kimiz?"},"content":{"rendered":"<div data-elementor-type=\"wp-page\" data-elementor-id=\"1958\" class=\"elementor elementor-1958\" data-elementor-post-type=\"page\">\n\t\t\t\t\t\t<section class=\"elementor-section elementor-top-section elementor-element elementor-element-bdd9939 elementor-section-content-middle elementor-section-boxed elementor-section-height-default elementor-section-height-default\" data-id=\"bdd9939\" data-element_type=\"section\" data-e-type=\"section\">\n\t\t\t\t\t\t<div class=\"elementor-container elementor-column-gap-extended\">\n\t\t\t\t\t<div class=\"elementor-column elementor-col-50 elementor-top-column elementor-element elementor-element-12b070d ot-flex-column-vertical\" data-id=\"12b070d\" data-element_type=\"column\" data-e-type=\"column\">\n\t\t\t<div class=\"elementor-widget-wrap elementor-element-populated\">\n\t\t\t\t\t\t<div class=\"elementor-element elementor-element-ea70568 elementor-widget elementor-widget-image\" data-id=\"ea70568\" data-element_type=\"widget\" data-e-type=\"widget\" data-widget_type=\"image.default\">\n\t\t\t\t\t\t\t\t\t\t\t\t\t\t\t<img fetchpriority=\"high\" decoding=\"async\" width=\"1947\" height=\"1781\" src=\"https:\/\/ucgegroup.com\/wp-content\/uploads\/2025\/08\/hakkimizda-gorsel.webp\" class=\"attachment-full size-full wp-image-7443\" alt=\"\" srcset=\"https:\/\/ucgegroup.com\/wp-content\/uploads\/2025\/08\/hakkimizda-gorsel.webp 1947w, https:\/\/ucgegroup.com\/wp-content\/uploads\/2025\/08\/hakkimizda-gorsel-300x274.webp 300w, https:\/\/ucgegroup.com\/wp-content\/uploads\/2025\/08\/hakkimizda-gorsel-1024x937.webp 1024w, https:\/\/ucgegroup.com\/wp-content\/uploads\/2025\/08\/hakkimizda-gorsel-768x703.webp 768w, https:\/\/ucgegroup.com\/wp-content\/uploads\/2025\/08\/hakkimizda-gorsel-1536x1405.webp 1536w, https:\/\/ucgegroup.com\/wp-content\/uploads\/2025\/08\/hakkimizda-gorsel-13x12.webp 13w\" sizes=\"(max-width: 1947px) 100vw, 1947px\" \/>\t\t\t\t\t\t\t\t\t\t\t\t\t\t\t<\/div>\n\t\t\t\t\t<\/div>\n\t\t<\/div>\n\t\t\t\t<div class=\"elementor-column elementor-col-50 elementor-top-column elementor-element elementor-element-c955026 ot-flex-column-vertical\" data-id=\"c955026\" data-element_type=\"column\" data-e-type=\"column\">\n\t\t\t<div class=\"elementor-widget-wrap elementor-element-populated\">\n\t\t\t\t\t\t<div class=\"elementor-element elementor-element-94474d6 elementor-widget elementor-widget-iheading\" data-id=\"94474d6\" data-element_type=\"widget\" data-e-type=\"widget\" data-widget_type=\"iheading.default\">\n\t\t\t\t<div class=\"elementor-widget-container\">\n\t\t\t\t\t\t\t<div class=\"ot-heading\">\r\n\t        <span>G\u00fc\u00e7, G\u00fcven, G\u00f6rkem<\/span>\t        <h1 class=\"main-heading\">Biz kimiz?<\/h1>\t    <\/div>\r\n\t    \t\t\t\t<\/div>\n\t\t\t\t<\/div>\n\t\t\t\t<div class=\"elementor-element elementor-element-ad6eda2 elementor-widget__width-auto elementor-widget elementor-widget-text-editor\" data-id=\"ad6eda2\" data-element_type=\"widget\" data-e-type=\"widget\" data-widget_type=\"text-editor.default\">\n\t\t\t\t\t\t\t\t\t<p>\u00dc\u00c7GE, 50 y\u0131ll\u0131k tecr\u00fcbesi ve yenilik\u00e7i vizyonu ile ma\u011faza ekipmanlar\u0131, depo raf sistemleri, ak\u0131ll\u0131 depolama, dijital sistem \u00e7\u00f6z\u00fcmleri, \u00e7evre \u00e7\u00f6z\u00fcmleri ve geni\u015f end\u00fcstriyel \u00fcr\u00fcn yelpazesinde d\u00fcnyan\u0131n \u00f6nemli tedarik\u00e7ilerinden biri olarak faaliyetlerini s\u00fcrd\u00fcrmektedir. 92 \u00fclkeye ihracat yapan \u00dc\u00c7GE, Bursa ve \u0130stanbul'da faaliyet g\u00f6steren 9 \u015firketi, Bursa'da 6 fabrikas\u0131, d\u00fcnya \u00e7ap\u0131nda 40'tan fazla distrib\u00fct\u00f6r\u00fc ve 750 \u00e7al\u0131\u015fan\u0131 ile hizmet veriyor.<\/p><p>Payda\u015flar\u0131yla birlikte s\u00fcrd\u00fcr\u00fclebilir de\u011fer yaratarak gelece\u011fe iz b\u0131rakmak i\u00e7in ilerliyor.<\/p>\t\t\t\t\t\t\t\t<\/div>\n\t\t\t\t\t<\/div>\n\t\t<\/div>\n\t\t\t\t\t<\/div>\n\t\t<\/section>\n\t\t<div class=\"elementor-element elementor-element-c9d9332 e-flex e-con-boxed e-con e-parent\" data-id=\"c9d9332\" data-element_type=\"container\" data-e-type=\"container\" data-settings=\"{&quot;background_background&quot;:&quot;classic&quot;}\">\n\t\t\t\t\t<div class=\"e-con-inner\">\n\t\t\t\t<div class=\"elementor-element elementor-element-f6e39e4 elementor-widget__width-initial theratio-align-center elementor-widget elementor-widget-iheading\" data-id=\"f6e39e4\" data-element_type=\"widget\" data-e-type=\"widget\" data-widget_type=\"iheading.default\">\n\t\t\t\t<div class=\"elementor-widget-container\">\n\t\t\t\t\t\t\t<div class=\"ot-heading\">\r\n\t        \t        <h2 class=\"main-heading\">50 Y\u0131ll\u0131k Miras, Global Bir Yolculuk<\/h2>\t    <\/div>\r\n\t    \t\t\t\t<\/div>\n\t\t\t\t<\/div>\n\t\t\t\t\t<\/div>\n\t\t\t\t<\/div>\n\t\t<div class=\"elementor-element elementor-element-f34f13a e-flex e-con-boxed e-con e-parent\" data-id=\"f34f13a\" data-element_type=\"container\" data-e-type=\"container\" data-settings=\"{&quot;background_background&quot;:&quot;classic&quot;}\">\n\t\t\t\t\t<div class=\"e-con-inner\">\n\t\t<div class=\"elementor-element elementor-element-ab65c36 e-grid e-con-full e-con e-child\" data-id=\"ab65c36\" data-element_type=\"container\" data-e-type=\"container\" data-no-translation=\"\">\n\t\t\t\t<div class=\"elementor-element elementor-element-b0d1e42 elementor-widget elementor-widget-icounter\" data-id=\"b0d1e42\" data-element_type=\"widget\" data-e-type=\"widget\" data-widget_type=\"icounter.default\">\n\t\t\t\t<div class=\"elementor-widget-container\">\n\t\t\t\t\t    \t<div class=\"ot-counter\" data-counter=\"50\">\r\n        \t<div>\r\n        \t\t<span><\/span>\r\n        \t\t<span class=\"num\" data-to=\"50\" data-time= \"2000\"><\/span>\r\n        \t\t<span><\/span>\r\n        \t<\/div>\r\n        \t<h6 class=\"counter-title\">YILLIK DENEY\u0130M<\/h6>    \t\t\t\t        \r\n\t    <\/div>\r\n\t    \t\t\t\t<\/div>\n\t\t\t\t<\/div>\n\t\t\t\t<div class=\"elementor-element elementor-element-77b27cd elementor-widget elementor-widget-icounter\" data-id=\"77b27cd\" data-element_type=\"widget\" data-e-type=\"widget\" data-widget_type=\"icounter.default\">\n\t\t\t\t<div class=\"elementor-widget-container\">\n\t\t\t\t\t    \t<div class=\"ot-counter\" data-counter=\"92\">\r\n        \t<div>\r\n        \t\t<span><\/span>\r\n        \t\t<span class=\"num\" data-to=\"92\" data-time= \"2000\"><\/span>\r\n        \t\t<span><\/span>\r\n        \t<\/div>\r\n        \t<h6 class=\"counter-title\">\u00dcLKEYE \u0130HRACAT<\/h6>    \t\t\t\t        \r\n\t    <\/div>\r\n\t    \t\t\t\t<\/div>\n\t\t\t\t<\/div>\n\t\t\t\t<div class=\"elementor-element elementor-element-8350748 elementor-widget elementor-widget-icounter\" data-id=\"8350748\" data-element_type=\"widget\" data-e-type=\"widget\" data-widget_type=\"icounter.default\">\n\t\t\t\t<div class=\"elementor-widget-container\">\n\t\t\t\t\t    \t<div class=\"ot-counter\" data-counter=\"700\">\r\n        \t<div>\r\n        \t\t<span><\/span>\r\n        \t\t<span class=\"num\" data-to=\"700\" data-time= \"2000\"><\/span>\r\n        \t\t<span>+<\/span>\r\n        \t<\/div>\r\n        \t<h6 class=\"counter-title\">\u00c7ALI\u015eAN<\/h6>    \t\t\t\t        \r\n\t    <\/div>\r\n\t    \t\t\t\t<\/div>\n\t\t\t\t<\/div>\n\t\t\t\t<div class=\"elementor-element elementor-element-543fa54 elementor-widget elementor-widget-icounter\" data-id=\"543fa54\" data-element_type=\"widget\" data-e-type=\"widget\" data-widget_type=\"icounter.default\">\n\t\t\t\t<div class=\"elementor-widget-container\">\n\t\t\t\t\t    \t<div class=\"ot-counter\" data-counter=\"40\">\r\n        \t<div>\r\n        \t\t<span><\/span>\r\n        \t\t<span class=\"num\" data-to=\"40\" data-time= \"2000\"><\/span>\r\n        \t\t<span>+<\/span>\r\n        \t<\/div>\r\n        \t<h6 class=\"counter-title\">\u00dcLKEDE D\u0130STR\u0130B\u00dcT\u00d6R<\/h6>    \t\t\t\t        \r\n\t    <\/div>\r\n\t    \t\t\t\t<\/div>\n\t\t\t\t<\/div>\n\t\t\t\t<div class=\"elementor-element elementor-element-9e1c0c9 elementor-widget elementor-widget-icounter\" data-id=\"9e1c0c9\" data-element_type=\"widget\" data-e-type=\"widget\" data-widget_type=\"icounter.default\">\n\t\t\t\t<div class=\"elementor-widget-container\">\n\t\t\t\t\t    \t<div class=\"ot-counter\" data-counter=\"6\">\r\n        \t<div>\r\n        \t\t<span><\/span>\r\n        \t\t<span class=\"num\" data-to=\"6\" data-time= \"2000\"><\/span>\r\n        \t\t<span><\/span>\r\n        \t<\/div>\r\n        \t<h6 class=\"counter-title\">FABR\u0130KA<\/h6>    \t\t\t\t        \r\n\t    <\/div>\r\n\t    \t\t\t\t<\/div>\n\t\t\t\t<\/div>\n\t\t\t\t<div class=\"elementor-element elementor-element-0acf158 elementor-widget elementor-widget-icounter\" data-id=\"0acf158\" data-element_type=\"widget\" data-e-type=\"widget\" data-widget_type=\"icounter.default\">\n\t\t\t\t<div class=\"elementor-widget-container\">\n\t\t\t\t\t    \t<div class=\"ot-counter\" data-counter=\"100000\">\r\n        \t<div>\r\n        \t\t<span><\/span>\r\n        \t\t<span class=\"num\" data-to=\"100000\" data-time= \"3000\"><\/span>\r\n        \t\t<span>M\u00b2<\/span>\r\n        \t<\/div>\r\n        \t<h6 class=\"counter-title\">\u00dcRET\u0130M ALANI<\/h6>    \t\t\t\t        \r\n\t    <\/div>\r\n\t    \t\t\t\t<\/div>\n\t\t\t\t<\/div>\n\t\t\t\t<\/div>\n\t\t\t\t\t<\/div>\n\t\t\t\t<\/div>\n\t\t\t\t<\/div>","protected":false},"excerpt":{"rendered":"<p>Power, Trust, Glory Who we are? \u00dc\u00c7GE, with its 50 years of experience and innovative vision, continues its activities as one of the world\u2019s major suppliers of store equipment, warehouse shelving systems, smart storage, digital system solutions, environmental solutions and a wide range of industrial products. Exporting to 92 countries, \u00dc\u00c7GE serves with 9 companies [&hellip;]<\/p>\n","protected":false},"author":1,"featured_media":0,"parent":0,"menu_order":0,"comment_status":"closed","ping_status":"closed","template":"","meta":{"footnotes":""},"class_list":["post-1958","page","type-page","status-publish","hentry"],"_links":{"self":[{"href":"https:\/\/ucgegroup.com\/tr\/wp-json\/wp\/v2\/pages\/1958","targetHints":{"allow":["GET"]}}],"collection":[{"href":"https:\/\/ucgegroup.com\/tr\/wp-json\/wp\/v2\/pages"}],"about":[{"href":"https:\/\/ucgegroup.com\/tr\/wp-json\/wp\/v2\/types\/page"}],"author":[{"embeddable":true,"href":"https:\/\/ucgegroup.com\/tr\/wp-json\/wp\/v2\/users\/1"}],"replies":[{"embeddable":true,"href":"https:\/\/ucgegroup.com\/tr\/wp-json\/wp\/v2\/comments?post=1958"}],"version-history":[{"count":0,"href":"https:\/\/ucgegroup.com\/tr\/wp-json\/wp\/v2\/pages\/1958\/revisions"}],"wp:attachment":[{"href":"https:\/\/ucgegroup.com\/tr\/wp-json\/wp\/v2\/media?parent=1958"}],"curies":[{"name":"wp","href":"https:\/\/api.w.org\/{rel}","templated":true}]}}