{"id":2079,"date":"2020-05-11T08:05:02","date_gmt":"2020-05-11T08:05:02","guid":{"rendered":"http:\/\/localhost\/theratio\/?page_id=2079"},"modified":"2025-12-22T08:52:26","modified_gmt":"2025-12-22T08:52:26","slug":"odagimiz","status":"publish","type":"page","link":"https:\/\/ucgegroup.com\/tr\/ourfocus\/","title":{"rendered":"Oda\u011f\u0131m\u0131z"},"content":{"rendered":"<div data-elementor-type=\"wp-page\" data-elementor-id=\"2079\" class=\"elementor elementor-2079\" data-elementor-post-type=\"page\">\n\t\t\t\t<div class=\"elementor-element elementor-element-a81a45e e-con-full e-flex e-con e-parent\" data-id=\"a81a45e\" data-element_type=\"container\" data-e-type=\"container\">\n\t\t<div class=\"elementor-element elementor-element-b2c5370 e-con-full e-flex e-con e-child\" data-id=\"b2c5370\" data-element_type=\"container\" data-e-type=\"container\">\n\t\t\t\t<div class=\"elementor-element elementor-element-8127753 elementor-hidden-mobile elementor-widget elementor-widget-imagecategory\" data-id=\"8127753\" data-element_type=\"widget\" data-e-type=\"widget\" data-widget_type=\"imagecategory.default\">\n\t\t\t\t<div class=\"elementor-widget-container\">\n\t\t\t\t\t\t\t<div class=\"cate-lines\">\r\n\t\t\t<div class=\"cate-item\">\r\n\t\t\t\t<a href=\"https:\/\/ucgegroup.com\/tr\/gelecege-deger\/\">\t\t\t\t<img fetchpriority=\"high\" decoding=\"async\" width=\"777\" height=\"1454\" src=\"https:\/\/ucgegroup.com\/wp-content\/uploads\/2025\/07\/odagimiz-1.webp\" class=\"attachment-full size-full wp-image-7247\" alt=\"\" srcset=\"https:\/\/ucgegroup.com\/wp-content\/uploads\/2025\/07\/odagimiz-1.webp 777w, https:\/\/ucgegroup.com\/wp-content\/uploads\/2025\/07\/odagimiz-1-160x300.webp 160w, https:\/\/ucgegroup.com\/wp-content\/uploads\/2025\/07\/odagimiz-1-547x1024.webp 547w, https:\/\/ucgegroup.com\/wp-content\/uploads\/2025\/07\/odagimiz-1-768x1437.webp 768w, https:\/\/ucgegroup.com\/wp-content\/uploads\/2025\/07\/odagimiz-1-6x12.webp 6w\" sizes=\"(max-width: 777px) 100vw, 777px\" \/>\t\t\t\t<\/a>\t\t        <div class=\"cate-item_content\">\r\n\t\t\t        <a href=\"https:\/\/ucgegroup.com\/tr\/gelecege-deger\/\">\t\t\t        \t<h2><span class=\"number-stroke\"><\/span><\/h2>\r\n\t\t\t        <\/a>\t\t\t\t<\/div>\r\n\t\t\t<\/div>\r\n\t    <\/div>\r\n\t    \t\t\t\t<\/div>\n\t\t\t\t<\/div>\n\t\t\t\t<div class=\"elementor-element elementor-element-f163978 elementor-hidden-desktop elementor-hidden-tablet elementor-widget elementor-widget-imagecategory\" data-id=\"f163978\" data-element_type=\"widget\" data-e-type=\"widget\" data-widget_type=\"imagecategory.default\">\n\t\t\t\t<div class=\"elementor-widget-container\">\n\t\t\t\t\t\t\t<div class=\"cate-lines\">\r\n\t\t\t<div class=\"cate-item\">\r\n\t\t\t\t<a href=\"https:\/\/ucgegroup.com\/tr\/gelecege-deger\/\">\t\t\t\t<img decoding=\"async\" src=\"https:\/\/ucgegroup.com\/wp-content\/uploads\/2025\/12\/value_01.png\" title=\"\" alt=\"\" loading=\"lazy\" \/>\t\t\t\t<\/a>\t\t        <div class=\"cate-item_content\">\r\n\t\t\t        <a href=\"https:\/\/ucgegroup.com\/tr\/gelecege-deger\/\">\t\t\t        \t<h2><span class=\"number-stroke\"><\/span><\/h2>\r\n\t\t\t        <\/a>\t\t\t\t<\/div>\r\n\t\t\t<\/div>\r\n\t    <\/div>\r\n\t    \t\t\t\t<\/div>\n\t\t\t\t<\/div>\n\t\t\t\t<\/div>\n\t\t<div class=\"elementor-element elementor-element-b8bd459 e-con-full e-flex e-con e-child\" data-id=\"b8bd459\" data-element_type=\"container\" data-e-type=\"container\">\n\t\t\t\t<div class=\"elementor-element elementor-element-6312b85 elementor-hidden-mobile elementor-widget elementor-widget-imagecategory\" data-id=\"6312b85\" data-element_type=\"widget\" data-e-type=\"widget\" data-widget_type=\"imagecategory.default\">\n\t\t\t\t<div class=\"elementor-widget-container\">\n\t\t\t\t\t\t\t<div class=\"cate-lines\">\r\n\t\t\t<div class=\"cate-item\">\r\n\t\t\t\t<a href=\"https:\/\/ucgegroup.com\/tr\/surdurulebilirlik\/\">\t\t\t\t<img decoding=\"async\" width=\"777\" height=\"1454\" src=\"https:\/\/ucgegroup.com\/wp-content\/uploads\/2025\/07\/odagimiz-2.webp\" class=\"attachment-full size-full wp-image-7248\" alt=\"\" srcset=\"https:\/\/ucgegroup.com\/wp-content\/uploads\/2025\/07\/odagimiz-2.webp 777w, https:\/\/ucgegroup.com\/wp-content\/uploads\/2025\/07\/odagimiz-2-160x300.webp 160w, https:\/\/ucgegroup.com\/wp-content\/uploads\/2025\/07\/odagimiz-2-547x1024.webp 547w, https:\/\/ucgegroup.com\/wp-content\/uploads\/2025\/07\/odagimiz-2-768x1437.webp 768w, https:\/\/ucgegroup.com\/wp-content\/uploads\/2025\/07\/odagimiz-2-6x12.webp 6w\" sizes=\"(max-width: 777px) 100vw, 777px\" \/>\t\t\t\t<\/a>\t\t        <div class=\"cate-item_content\">\r\n\t\t\t        <a href=\"https:\/\/ucgegroup.com\/tr\/surdurulebilirlik\/\">\t\t\t        \t<h2><span class=\"number-stroke\"><\/span><\/h2>\r\n\t\t\t        <\/a>\t\t\t\t<\/div>\r\n\t\t\t<\/div>\r\n\t    <\/div>\r\n\t    \t\t\t\t<\/div>\n\t\t\t\t<\/div>\n\t\t\t\t<div class=\"elementor-element elementor-element-e920146 elementor-hidden-desktop elementor-hidden-tablet elementor-widget elementor-widget-imagecategory\" data-id=\"e920146\" data-element_type=\"widget\" data-e-type=\"widget\" data-widget_type=\"imagecategory.default\">\n\t\t\t\t<div class=\"elementor-widget-container\">\n\t\t\t\t\t\t\t<div class=\"cate-lines\">\r\n\t\t\t<div class=\"cate-item\">\r\n\t\t\t\t<a href=\"https:\/\/ucgegroup.com\/tr\/surdurulebilirlik\/\">\t\t\t\t<img decoding=\"async\" src=\"https:\/\/ucgegroup.com\/wp-content\/uploads\/2025\/12\/sustainable_01.png\" title=\"\" alt=\"\" loading=\"lazy\" \/>\t\t\t\t<\/a>\t\t        <div class=\"cate-item_content\">\r\n\t\t\t        <a href=\"https:\/\/ucgegroup.com\/tr\/surdurulebilirlik\/\">\t\t\t        \t<h2><span class=\"number-stroke\"><\/span><\/h2>\r\n\t\t\t        <\/a>\t\t\t\t<\/div>\r\n\t\t\t<\/div>\r\n\t    <\/div>\r\n\t    \t\t\t\t<\/div>\n\t\t\t\t<\/div>\n\t\t\t\t<\/div>\n\t\t<div class=\"elementor-element elementor-element-45ffa59 e-con-full e-flex e-con e-child\" data-id=\"45ffa59\" data-element_type=\"container\" data-e-type=\"container\">\n\t\t\t\t<div class=\"elementor-element elementor-element-c7393ad elementor-hidden-mobile elementor-widget elementor-widget-imagecategory\" data-id=\"c7393ad\" data-element_type=\"widget\" data-e-type=\"widget\" data-widget_type=\"imagecategory.default\">\n\t\t\t\t<div class=\"elementor-widget-container\">\n\t\t\t\t\t\t\t<div class=\"cate-lines\">\r\n\t\t\t<div class=\"cate-item\">\r\n\t\t\t\t<a href=\"https:\/\/ucgegroup.com\/tr\/di%cc%87ji%cc%87tal-donusum\/\">\t\t\t\t<img decoding=\"async\" width=\"777\" height=\"1454\" src=\"https:\/\/ucgegroup.com\/wp-content\/uploads\/2025\/07\/odagimiz-3.webp\" class=\"attachment-full size-full wp-image-7249\" alt=\"\" srcset=\"https:\/\/ucgegroup.com\/wp-content\/uploads\/2025\/07\/odagimiz-3.webp 777w, https:\/\/ucgegroup.com\/wp-content\/uploads\/2025\/07\/odagimiz-3-160x300.webp 160w, https:\/\/ucgegroup.com\/wp-content\/uploads\/2025\/07\/odagimiz-3-547x1024.webp 547w, https:\/\/ucgegroup.com\/wp-content\/uploads\/2025\/07\/odagimiz-3-768x1437.webp 768w, https:\/\/ucgegroup.com\/wp-content\/uploads\/2025\/07\/odagimiz-3-6x12.webp 6w\" sizes=\"(max-width: 777px) 100vw, 777px\" \/>\t\t\t\t<\/a>\t\t        <div class=\"cate-item_content\">\r\n\t\t\t        <a href=\"https:\/\/ucgegroup.com\/tr\/di%cc%87ji%cc%87tal-donusum\/\">\t\t\t        \t<h2><span class=\"number-stroke\"><\/span><\/h2>\r\n\t\t\t        <\/a>\t\t\t\t<\/div>\r\n\t\t\t<\/div>\r\n\t    <\/div>\r\n\t    \t\t\t\t<\/div>\n\t\t\t\t<\/div>\n\t\t\t\t<div class=\"elementor-element elementor-element-93ffee2 elementor-hidden-desktop elementor-hidden-tablet elementor-widget elementor-widget-imagecategory\" data-id=\"93ffee2\" data-element_type=\"widget\" data-e-type=\"widget\" data-widget_type=\"imagecategory.default\">\n\t\t\t\t<div class=\"elementor-widget-container\">\n\t\t\t\t\t\t\t<div class=\"cate-lines\">\r\n\t\t\t<div class=\"cate-item\">\r\n\t\t\t\t<a href=\"https:\/\/ucgegroup.com\/tr\/di%cc%87ji%cc%87tal-donusum\/\">\t\t\t\t<img decoding=\"async\" src=\"https:\/\/ucgegroup.com\/wp-content\/uploads\/2025\/12\/digital_1.png\" title=\"\" alt=\"\" loading=\"lazy\" \/>\t\t\t\t<\/a>\t\t        <div class=\"cate-item_content\">\r\n\t\t\t        <a href=\"https:\/\/ucgegroup.com\/tr\/di%cc%87ji%cc%87tal-donusum\/\">\t\t\t        \t<h2><span class=\"number-stroke\"><\/span><\/h2>\r\n\t\t\t        <\/a>\t\t\t\t<\/div>\r\n\t\t\t<\/div>\r\n\t    <\/div>\r\n\t    \t\t\t\t<\/div>\n\t\t\t\t<\/div>\n\t\t\t\t<\/div>\n\t\t<div class=\"elementor-element elementor-element-1db1429 e-con-full e-flex e-con e-child\" data-id=\"1db1429\" data-element_type=\"container\" data-e-type=\"container\">\n\t\t\t\t<div class=\"elementor-element elementor-element-73986bf elementor-hidden-mobile elementor-widget elementor-widget-imagecategory\" data-id=\"73986bf\" data-element_type=\"widget\" data-e-type=\"widget\" data-widget_type=\"imagecategory.default\">\n\t\t\t\t<div class=\"elementor-widget-container\">\n\t\t\t\t\t\t\t<div class=\"cate-lines\">\r\n\t\t\t<div class=\"cate-item\">\r\n\t\t\t\t<a href=\"https:\/\/ucgegroup.com\/tr\/insan\/\">\t\t\t\t<img loading=\"lazy\" decoding=\"async\" width=\"777\" height=\"1454\" src=\"https:\/\/ucgegroup.com\/wp-content\/uploads\/2025\/07\/odagimiz-4.webp\" class=\"attachment-full size-full wp-image-7245\" alt=\"\" srcset=\"https:\/\/ucgegroup.com\/wp-content\/uploads\/2025\/07\/odagimiz-4.webp 777w, https:\/\/ucgegroup.com\/wp-content\/uploads\/2025\/07\/odagimiz-4-160x300.webp 160w, https:\/\/ucgegroup.com\/wp-content\/uploads\/2025\/07\/odagimiz-4-547x1024.webp 547w, https:\/\/ucgegroup.com\/wp-content\/uploads\/2025\/07\/odagimiz-4-768x1437.webp 768w, https:\/\/ucgegroup.com\/wp-content\/uploads\/2025\/07\/odagimiz-4-6x12.webp 6w\" sizes=\"(max-width: 777px) 100vw, 777px\" \/>\t\t\t\t<\/a>\t\t        <div class=\"cate-item_content\">\r\n\t\t\t        <a href=\"https:\/\/ucgegroup.com\/tr\/insan\/\">\t\t\t        \t<h2><span class=\"number-stroke\"><\/span><\/h2>\r\n\t\t\t        <\/a>\t\t\t\t<\/div>\r\n\t\t\t<\/div>\r\n\t    <\/div>\r\n\t    \t\t\t\t<\/div>\n\t\t\t\t<\/div>\n\t\t\t\t<div class=\"elementor-element elementor-element-e190f71 elementor-hidden-desktop elementor-hidden-tablet elementor-widget elementor-widget-imagecategory\" data-id=\"e190f71\" data-element_type=\"widget\" data-e-type=\"widget\" data-widget_type=\"imagecategory.default\">\n\t\t\t\t<div class=\"elementor-widget-container\">\n\t\t\t\t\t\t\t<div class=\"cate-lines\">\r\n\t\t\t<div class=\"cate-item\">\r\n\t\t\t\t<a href=\"https:\/\/ucgegroup.com\/tr\/insan\/\">\t\t\t\t<img loading=\"lazy\" decoding=\"async\" width=\"1080\" height=\"1080\" src=\"https:\/\/ucgegroup.com\/wp-content\/uploads\/2025\/12\/human_01.png\" class=\"attachment-full size-full wp-image-8707\" alt=\"insan_01\" srcset=\"https:\/\/ucgegroup.com\/wp-content\/uploads\/2025\/12\/human_01.png 1080w, https:\/\/ucgegroup.com\/wp-content\/uploads\/2025\/12\/human_01-300x300.png 300w, https:\/\/ucgegroup.com\/wp-content\/uploads\/2025\/12\/human_01-1024x1024.png 1024w, https:\/\/ucgegroup.com\/wp-content\/uploads\/2025\/12\/human_01-150x150.png 150w, https:\/\/ucgegroup.com\/wp-content\/uploads\/2025\/12\/human_01-768x768.png 768w, https:\/\/ucgegroup.com\/wp-content\/uploads\/2025\/12\/human_01-12x12.png 12w, https:\/\/ucgegroup.com\/wp-content\/uploads\/2025\/12\/human_01-720x720.png 720w\" sizes=\"(max-width: 1080px) 100vw, 1080px\" \/>\t\t\t\t<\/a>\t\t        <div class=\"cate-item_content\">\r\n\t\t\t        <a href=\"https:\/\/ucgegroup.com\/tr\/insan\/\">\t\t\t        \t<h2><span class=\"number-stroke\"><\/span><\/h2>\r\n\t\t\t        <\/a>\t\t\t\t<\/div>\r\n\t\t\t<\/div>\r\n\t    <\/div>\r\n\t    \t\t\t\t<\/div>\n\t\t\t\t<\/div>\n\t\t\t\t<\/div>\n\t\t<div class=\"elementor-element elementor-element-9f2f141 e-con-full e-flex e-con e-child\" data-id=\"9f2f141\" data-element_type=\"container\" data-e-type=\"container\">\n\t\t\t\t<div class=\"elementor-element elementor-element-fcc1090 elementor-hidden-mobile elementor-widget elementor-widget-imagecategory\" data-id=\"fcc1090\" data-element_type=\"widget\" data-e-type=\"widget\" data-widget_type=\"imagecategory.default\">\n\t\t\t\t<div class=\"elementor-widget-container\">\n\t\t\t\t\t\t\t<div class=\"cate-lines\">\r\n\t\t\t<div class=\"cate-item\">\r\n\t\t\t\t<a href=\"https:\/\/ucgegroup.com\/tr\/inovasyon\/\">\t\t\t\t<img loading=\"lazy\" decoding=\"async\" width=\"777\" height=\"1454\" src=\"https:\/\/ucgegroup.com\/wp-content\/uploads\/2025\/07\/odagimiz-5.webp\" class=\"attachment-full size-full wp-image-7246\" alt=\"\" srcset=\"https:\/\/ucgegroup.com\/wp-content\/uploads\/2025\/07\/odagimiz-5.webp 777w, https:\/\/ucgegroup.com\/wp-content\/uploads\/2025\/07\/odagimiz-5-160x300.webp 160w, https:\/\/ucgegroup.com\/wp-content\/uploads\/2025\/07\/odagimiz-5-547x1024.webp 547w, https:\/\/ucgegroup.com\/wp-content\/uploads\/2025\/07\/odagimiz-5-768x1437.webp 768w, https:\/\/ucgegroup.com\/wp-content\/uploads\/2025\/07\/odagimiz-5-6x12.webp 6w\" sizes=\"(max-width: 777px) 100vw, 777px\" \/>\t\t\t\t<\/a>\t\t        <div class=\"cate-item_content\">\r\n\t\t\t        <a href=\"https:\/\/ucgegroup.com\/tr\/inovasyon\/\">\t\t\t        \t<h2><span class=\"number-stroke\"><\/span><\/h2>\r\n\t\t\t        <\/a>\t\t\t\t<\/div>\r\n\t\t\t<\/div>\r\n\t    <\/div>\r\n\t    \t\t\t\t<\/div>\n\t\t\t\t<\/div>\n\t\t\t\t<div class=\"elementor-element elementor-element-17d62ce elementor-hidden-desktop elementor-hidden-tablet elementor-widget elementor-widget-imagecategory\" data-id=\"17d62ce\" data-element_type=\"widget\" data-e-type=\"widget\" data-widget_type=\"imagecategory.default\">\n\t\t\t\t<div class=\"elementor-widget-container\">\n\t\t\t\t\t\t\t<div class=\"cate-lines\">\r\n\t\t\t<div class=\"cate-item\">\r\n\t\t\t\t<a href=\"https:\/\/ucgegroup.com\/tr\/inovasyon\/\">\t\t\t\t<img loading=\"lazy\" decoding=\"async\" width=\"1080\" height=\"1080\" src=\"https:\/\/ucgegroup.com\/wp-content\/uploads\/2025\/12\/innovation_01.png\" class=\"attachment-full size-full wp-image-8708\" alt=\"innovation_01\" srcset=\"https:\/\/ucgegroup.com\/wp-content\/uploads\/2025\/12\/innovation_01.png 1080w, https:\/\/ucgegroup.com\/wp-content\/uploads\/2025\/12\/innovation_01-300x300.png 300w, https:\/\/ucgegroup.com\/wp-content\/uploads\/2025\/12\/innovation_01-1024x1024.png 1024w, https:\/\/ucgegroup.com\/wp-content\/uploads\/2025\/12\/innovation_01-150x150.png 150w, https:\/\/ucgegroup.com\/wp-content\/uploads\/2025\/12\/innovation_01-768x768.png 768w, https:\/\/ucgegroup.com\/wp-content\/uploads\/2025\/12\/innovation_01-12x12.png 12w, https:\/\/ucgegroup.com\/wp-content\/uploads\/2025\/12\/innovation_01-720x720.png 720w\" sizes=\"(max-width: 1080px) 100vw, 1080px\" \/>\t\t\t\t<\/a>\t\t        <div class=\"cate-item_content\">\r\n\t\t\t        <a href=\"https:\/\/ucgegroup.com\/tr\/inovasyon\/\">\t\t\t        \t<h2><span class=\"number-stroke\"><\/span><\/h2>\r\n\t\t\t        <\/a>\t\t\t\t<\/div>\r\n\t\t\t<\/div>\r\n\t    <\/div>\r\n\t    \t\t\t\t<\/div>\n\t\t\t\t<\/div>\n\t\t\t\t<\/div>\n\t\t\t\t<\/div>\n\t\t\t\t<\/div>","protected":false},"excerpt":{"rendered":"","protected":false},"author":1,"featured_media":0,"parent":0,"menu_order":0,"comment_status":"closed","ping_status":"closed","template":"","meta":{"footnotes":""},"class_list":["post-2079","page","type-page","status-publish","hentry"],"_links":{"self":[{"href":"https:\/\/ucgegroup.com\/tr\/wp-json\/wp\/v2\/pages\/2079","targetHints":{"allow":["GET"]}}],"collection":[{"href":"https:\/\/ucgegroup.com\/tr\/wp-json\/wp\/v2\/pages"}],"about":[{"href":"https:\/\/ucgegroup.com\/tr\/wp-json\/wp\/v2\/types\/page"}],"author":[{"embeddable":true,"href":"https:\/\/ucgegroup.com\/tr\/wp-json\/wp\/v2\/users\/1"}],"replies":[{"embeddable":true,"href":"https:\/\/ucgegroup.com\/tr\/wp-json\/wp\/v2\/comments?post=2079"}],"version-history":[{"count":0,"href":"https:\/\/ucgegroup.com\/tr\/wp-json\/wp\/v2\/pages\/2079\/revisions"}],"wp:attachment":[{"href":"https:\/\/ucgegroup.com\/tr\/wp-json\/wp\/v2\/media?parent=2079"}],"curies":[{"name":"wp","href":"https:\/\/api.w.org\/{rel}","templated":true}]}}