{"id":7599,"date":"2025-08-19T09:24:09","date_gmt":"2025-08-19T09:24:09","guid":{"rendered":"https:\/\/ucgegroup.com\/?page_id=7599"},"modified":"2026-04-09T09:50:22","modified_gmt":"2026-04-09T09:50:22","slug":"haber","status":"publish","type":"page","link":"https:\/\/ucgegroup.com\/tr\/news\/","title":{"rendered":"Haberler"},"content":{"rendered":"<div data-elementor-type=\"wp-page\" data-elementor-id=\"7599\" class=\"elementor elementor-7599\" data-elementor-post-type=\"page\">\n\t\t\t\t<div class=\"elementor-element elementor-element-1fdacc0 e-con-full e-flex e-con e-parent\" data-id=\"1fdacc0\" data-element_type=\"container\" data-e-type=\"container\">\n\t\t\t\t<div class=\"elementor-element elementor-element-5f889d0 elementor-widget elementor-widget-ipost_carousel\" data-id=\"5f889d0\" data-element_type=\"widget\" data-e-type=\"widget\" data-widget_type=\"ipost_carousel.default\">\n\t\t\t\t<div class=\"elementor-widget-container\">\n\t\t\t\t\t\r\n\t\t<div class=\"blog-slider swiper swiper-container v-light\" data-slider_options=\"{&quot;slides_show_desktop&quot;:4,&quot;slides_show_tablet&quot;:2,&quot;slides_show_mobile&quot;:1,&quot;slides_scroll_desktop&quot;:4,&quot;slides_scroll_tablet&quot;:1,&quot;slides_scroll_mobile&quot;:1,&quot;margin_desktop&quot;:30,&quot;margin_tablet&quot;:30,&quot;margin_mobile&quot;:30,&quot;arrows&quot;:true,&quot;dots&quot;:true}\"  data-item-slider=\"ot_slider_5f889d0\">\r\n\t\t\t<div class=\"swiper-wrapper\">\r\n\t         \r\n\t\t        \t<div class=\"swiper-slide\">\r\n\t\t\t\t\t\t<article id=\"post-9253\" class=\"post-box post-9253 post type-post status-publish format-standard has-post-thumbnail hentry category-news\">\r\n\t\t\t\t\t\t\t<div class=\"post-inner\">\r\n\t\t\t\t\t\t\t    \t\t\t\t\t\t\t\t\t<div class=\"entry-media post-cat-abs\">\r\n\t\t\t\t\t\t\t            <a href=\"https:\/\/ucgegroup.com\/tr\/meaningful-award-from-the-women-friendly-brands-platform-for-ucge\/\">\r\n\t\t\t\t\t\t\t                <img fetchpriority=\"high\" decoding=\"async\" width=\"2560\" height=\"1417\" src=\"https:\/\/ucgegroup.com\/wp-content\/uploads\/dfg_11zon.webp\" class=\"attachment-full size-full wp-post-image\" alt=\"\" srcset=\"https:\/\/ucgegroup.com\/wp-content\/uploads\/dfg_11zon.webp 2560w, https:\/\/ucgegroup.com\/wp-content\/uploads\/dfg_11zon-300x166.webp 300w, https:\/\/ucgegroup.com\/wp-content\/uploads\/dfg_11zon-1024x567.webp 1024w, https:\/\/ucgegroup.com\/wp-content\/uploads\/dfg_11zon-768x425.webp 768w, https:\/\/ucgegroup.com\/wp-content\/uploads\/dfg_11zon-1536x850.webp 1536w, https:\/\/ucgegroup.com\/wp-content\/uploads\/dfg_11zon-2048x1134.webp 2048w, https:\/\/ucgegroup.com\/wp-content\/uploads\/dfg_11zon-18x10.webp 18w\" sizes=\"(max-width: 2560px) 100vw, 2560px\" \/>\t\t\t\t\t\t\t            <\/a>\r\n\t\t\t\t\t\t\t            <div class=\"post-cat\"><div class=\"posted-in\"><a href=\"https:\/\/ucgegroup.com\/tr\/category\/news\/\" rel=\"category tag\">Haberler<\/a><\/div><\/div>\t\t\t\t\t\t\t        <\/div>\t\t\t\t\t       \r\n\t\t\t\t\t\t\t    \t\t\t\t\t\t\t    <div class=\"inner-post\">\r\n\t\t\t\t\t\t\t\t\t<div class=\"entry-header\">\r\n\t\t\t\t\t\t\t\t\t\t\r\n\t\t\t\t\t\t\t\t\t\t<h5 class=\"entry-title\"><a class=\"title-link\" href=\"https:\/\/ucgegroup.com\/tr\/meaningful-award-from-the-women-friendly-brands-platform-for-ucge\/\" rel=\"bookmark\">\u00dc\u00c7GE\u2019ye Kad\u0131n Dostu Markalar Platformu\u2019ndan Anlaml\u0131 \u00d6d\u00fcl<\/a><\/h5>\t\t\t\t\t\t\t\t\t<\/div><!-- .entry-header -->\r\n\t\t\t\t\t\t\t\t\t<div class=\"the-excerpt\">\r\n\t\t\t\t\t\t\t            Anlaml\u0131 \u00d6d\u00fcl...\t\t\t\t\t\t\t        <\/div><!-- .entry-content -->\r\n\t\t\t\t\t\t\t\t<\/div>\r\n\t\t\t\t\t\t\t<\/div>\r\n\t\t\t\t\t\t<\/article>\r\n\t\t\t\t\t<\/div>\r\n\r\n\t\t         \r\n\t\t        \t<div class=\"swiper-slide\">\r\n\t\t\t\t\t\t<article id=\"post-9176\" class=\"post-box post-9176 post type-post status-publish format-standard has-post-thumbnail hentry category-news\">\r\n\t\t\t\t\t\t\t<div class=\"post-inner\">\r\n\t\t\t\t\t\t\t    \t\t\t\t\t\t\t\t\t<div class=\"entry-media post-cat-abs\">\r\n\t\t\t\t\t\t\t            <a href=\"https:\/\/ucgegroup.com\/tr\/ucge-carried-50-years-of-experience-at-euroshop-2026\/\">\r\n\t\t\t\t\t\t\t                <img decoding=\"async\" width=\"2560\" height=\"1417\" src=\"https:\/\/ucgegroup.com\/wp-content\/uploads\/2026\/03\/1-19-scaled-e1773056842222.jpg\" class=\"attachment-full size-full wp-post-image\" alt=\"\" srcset=\"https:\/\/ucgegroup.com\/wp-content\/uploads\/2026\/03\/1-19-scaled-e1773056842222.jpg 2560w, https:\/\/ucgegroup.com\/wp-content\/uploads\/2026\/03\/1-19-scaled-e1773056842222-300x166.jpg 300w, https:\/\/ucgegroup.com\/wp-content\/uploads\/2026\/03\/1-19-scaled-e1773056842222-1024x567.jpg 1024w, https:\/\/ucgegroup.com\/wp-content\/uploads\/2026\/03\/1-19-scaled-e1773056842222-768x425.jpg 768w, https:\/\/ucgegroup.com\/wp-content\/uploads\/2026\/03\/1-19-scaled-e1773056842222-1536x850.jpg 1536w, https:\/\/ucgegroup.com\/wp-content\/uploads\/2026\/03\/1-19-scaled-e1773056842222-2048x1134.jpg 2048w, https:\/\/ucgegroup.com\/wp-content\/uploads\/2026\/03\/1-19-scaled-e1773056842222-18x10.jpg 18w\" sizes=\"(max-width: 2560px) 100vw, 2560px\" \/>\t\t\t\t\t\t\t            <\/a>\r\n\t\t\t\t\t\t\t            <div class=\"post-cat\"><div class=\"posted-in\"><a href=\"https:\/\/ucgegroup.com\/tr\/category\/news\/\" rel=\"category tag\">Haberler<\/a><\/div><\/div>\t\t\t\t\t\t\t        <\/div>\t\t\t\t\t       \r\n\t\t\t\t\t\t\t    \t\t\t\t\t\t\t    <div class=\"inner-post\">\r\n\t\t\t\t\t\t\t\t\t<div class=\"entry-header\">\r\n\t\t\t\t\t\t\t\t\t\t\r\n\t\t\t\t\t\t\t\t\t\t<h5 class=\"entry-title\"><a class=\"title-link\" href=\"https:\/\/ucgegroup.com\/tr\/ucge-carried-50-years-of-experience-at-euroshop-2026\/\" rel=\"bookmark\">\u00dc\u00c7GE, 50 Y\u0131ll\u0131k Birikimini EuroShop 2026\u2019da Global Gelece\u011fe Ta\u015f\u0131d\u0131<\/a><\/h5>\t\t\t\t\t\t\t\t\t<\/div><!-- .entry-header -->\r\n\t\t\t\t\t\t\t\t\t<div class=\"the-excerpt\">\r\n\t\t\t\t\t\t\t            \u00dc\u00c7GE 50'yi Ta\u015f\u0131d\u0131...\t\t\t\t\t\t\t        <\/div><!-- .entry-content -->\r\n\t\t\t\t\t\t\t\t<\/div>\r\n\t\t\t\t\t\t\t<\/div>\r\n\t\t\t\t\t\t<\/article>\r\n\t\t\t\t\t<\/div>\r\n\r\n\t\t         \r\n\t\t        \t<div class=\"swiper-slide\">\r\n\t\t\t\t\t\t<article id=\"post-8867\" class=\"post-box post-8867 post type-post status-publish format-standard has-post-thumbnail hentry category-news\">\r\n\t\t\t\t\t\t\t<div class=\"post-inner\">\r\n\t\t\t\t\t\t\t    \t\t\t\t\t\t\t\t\t<div class=\"entry-media post-cat-abs\">\r\n\t\t\t\t\t\t\t            <a href=\"https:\/\/ucgegroup.com\/tr\/ucge-turkiye-perakendeciler-federasyonunu-agirladi\/\">\r\n\t\t\t\t\t\t\t                <img decoding=\"async\" width=\"1100\" height=\"638\" src=\"https:\/\/ucgegroup.com\/wp-content\/uploads\/2025\/12\/perden-ucge-01_11zon.webp\" class=\"attachment-full size-full wp-post-image\" alt=\"perden-ucge-01_11zon\" srcset=\"https:\/\/ucgegroup.com\/wp-content\/uploads\/2025\/12\/perden-ucge-01_11zon.webp 1100w, https:\/\/ucgegroup.com\/wp-content\/uploads\/2025\/12\/perden-ucge-01_11zon-300x174.webp 300w, https:\/\/ucgegroup.com\/wp-content\/uploads\/2025\/12\/perden-ucge-01_11zon-1024x594.webp 1024w, https:\/\/ucgegroup.com\/wp-content\/uploads\/2025\/12\/perden-ucge-01_11zon-768x445.webp 768w, https:\/\/ucgegroup.com\/wp-content\/uploads\/2025\/12\/perden-ucge-01_11zon-18x10.webp 18w\" sizes=\"(max-width: 1100px) 100vw, 1100px\" \/>\t\t\t\t\t\t\t            <\/a>\r\n\t\t\t\t\t\t\t            <div class=\"post-cat\"><div class=\"posted-in\"><a href=\"https:\/\/ucgegroup.com\/tr\/category\/news\/\" rel=\"category tag\">Haberler<\/a><\/div><\/div>\t\t\t\t\t\t\t        <\/div>\t\t\t\t\t       \r\n\t\t\t\t\t\t\t    \t\t\t\t\t\t\t    <div class=\"inner-post\">\r\n\t\t\t\t\t\t\t\t\t<div class=\"entry-header\">\r\n\t\t\t\t\t\t\t\t\t\t\r\n\t\t\t\t\t\t\t\t\t\t<h5 class=\"entry-title\"><a class=\"title-link\" href=\"https:\/\/ucgegroup.com\/tr\/ucge-turkiye-perakendeciler-federasyonunu-agirladi\/\" rel=\"bookmark\">\u00dc\u00c7GE T\u00fcrkiye Perakendeciler Federasyonu'nu A\u011f\u0131rlad\u0131<\/a><\/h5>\t\t\t\t\t\t\t\t\t<\/div><!-- .entry-header -->\r\n\t\t\t\t\t\t\t\t\t<div class=\"the-excerpt\">\r\n\t\t\t\t\t\t\t            \u00dc\u00c7GE T\u00fcrkleri A\u011f\u0131rlad\u0131...\t\t\t\t\t\t\t        <\/div><!-- .entry-content -->\r\n\t\t\t\t\t\t\t\t<\/div>\r\n\t\t\t\t\t\t\t<\/div>\r\n\t\t\t\t\t\t<\/article>\r\n\t\t\t\t\t<\/div>\r\n\r\n\t\t         \r\n\t\t        \t<div class=\"swiper-slide\">\r\n\t\t\t\t\t\t<article id=\"post-7118\" class=\"post-box post-7118 post type-post status-publish format-standard has-post-thumbnail hentry category-news\">\r\n\t\t\t\t\t\t\t<div class=\"post-inner\">\r\n\t\t\t\t\t\t\t    \t\t\t\t\t\t\t\t\t<div class=\"entry-media post-cat-abs\">\r\n\t\t\t\t\t\t\t            <a href=\"https:\/\/ucgegroup.com\/tr\/meaningful-support-to-art-from-ucge\/\">\r\n\t\t\t\t\t\t\t                <img loading=\"lazy\" decoding=\"async\" width=\"1100\" height=\"638\" src=\"https:\/\/ucgegroup.com\/wp-content\/uploads\/2025\/07\/3.jpg\" class=\"attachment-full size-full wp-post-image\" alt=\"\" srcset=\"https:\/\/ucgegroup.com\/wp-content\/uploads\/2025\/07\/3.jpg 1100w, https:\/\/ucgegroup.com\/wp-content\/uploads\/2025\/07\/3-300x174.jpg 300w, https:\/\/ucgegroup.com\/wp-content\/uploads\/2025\/07\/3-1024x594.jpg 1024w, https:\/\/ucgegroup.com\/wp-content\/uploads\/2025\/07\/3-768x445.jpg 768w, https:\/\/ucgegroup.com\/wp-content\/uploads\/2025\/07\/3-18x10.jpg 18w\" sizes=\"(max-width: 1100px) 100vw, 1100px\" \/>\t\t\t\t\t\t\t            <\/a>\r\n\t\t\t\t\t\t\t            <div class=\"post-cat\"><div class=\"posted-in\"><a href=\"https:\/\/ucgegroup.com\/tr\/category\/news\/\" rel=\"category tag\">Haberler<\/a><\/div><\/div>\t\t\t\t\t\t\t        <\/div>\t\t\t\t\t       \r\n\t\t\t\t\t\t\t    \t\t\t\t\t\t\t    <div class=\"inner-post\">\r\n\t\t\t\t\t\t\t\t\t<div class=\"entry-header\">\r\n\t\t\t\t\t\t\t\t\t\t\r\n\t\t\t\t\t\t\t\t\t\t<h5 class=\"entry-title translation-block\">\u00dc\u00c7GE'den Sanata <br>Anlaml\u0131 Destek<\/h5>\t\t\t\t\t\t\t\t\t<\/div><!-- .entry-header -->\r\n\t\t\t\t\t\t\t\t\t<div class=\"the-excerpt\">\r\n\t\t\t\t\t\t\t            Sanata Anlaml\u0131 Destek.\t\t\t\t\t\t\t        <\/div><!-- .entry-content -->\r\n\t\t\t\t\t\t\t\t<\/div>\r\n\t\t\t\t\t\t\t<\/div>\r\n\t\t\t\t\t\t<\/article>\r\n\t\t\t\t\t<\/div>\r\n\r\n\t\t        \t\t    <\/div>\r\n\t\t   \t\t\t\t<!-- Add Dots -->\r\n\t\t\t<div class=\"octf-swiper-pagination\" data-slider=\"ot_slider_5f889d0\"><\/div>\r\n\t\t\t\t\t\t\t\t\t<!-- Add Arrows -->\r\n\t\t\t<div class=\"octf-swiper-button-next\" data-slider=\"ot_slider_5f889d0\"><i class=\"ot-flaticon-right-arrow\"><\/i><\/div>\r\n\t\t\t<div class=\"octf-swiper-button-prev\" data-slider=\"ot_slider_5f889d0\"><i class=\"ot-flaticon-left-arrow\"><\/i><\/div>\r\n\t\t\t\t    <\/div>\r\n\t\t\t\t\t\t<\/div>\n\t\t\t\t<\/div>\n\t\t\t\t<\/div>\n\t\t\t\t<\/div>","protected":false},"excerpt":{"rendered":"<p>News Meaningful Award from the Women-Friendly Brands Platform for \u00dc\u00c7GE Meaningful Award from the&#8230; News \u00dc\u00c7GE Carried Its 50 Years of Experience into the Global Future at EuroShop 2026 \u00dc\u00c7GE Carried Its 50&#8230; News \u00dc\u00c7GE Hosted the Turkish Retailers Federation \u00dc\u00c7GE Hosted the Turkish&#8230; News Meaningful Support toArt from \u00dc\u00c7GE Meaningful Support to Art&#8230;<\/p>","protected":false},"author":1,"featured_media":0,"parent":0,"menu_order":0,"comment_status":"closed","ping_status":"closed","template":"","meta":{"footnotes":""},"class_list":["post-7599","page","type-page","status-publish","hentry"],"_links":{"self":[{"href":"https:\/\/ucgegroup.com\/tr\/wp-json\/wp\/v2\/pages\/7599","targetHints":{"allow":["GET"]}}],"collection":[{"href":"https:\/\/ucgegroup.com\/tr\/wp-json\/wp\/v2\/pages"}],"about":[{"href":"https:\/\/ucgegroup.com\/tr\/wp-json\/wp\/v2\/types\/page"}],"author":[{"embeddable":true,"href":"https:\/\/ucgegroup.com\/tr\/wp-json\/wp\/v2\/users\/1"}],"replies":[{"embeddable":true,"href":"https:\/\/ucgegroup.com\/tr\/wp-json\/wp\/v2\/comments?post=7599"}],"version-history":[{"count":0,"href":"https:\/\/ucgegroup.com\/tr\/wp-json\/wp\/v2\/pages\/7599\/revisions"}],"wp:attachment":[{"href":"https:\/\/ucgegroup.com\/tr\/wp-json\/wp\/v2\/media?parent=7599"}],"curies":[{"name":"wp","href":"https:\/\/api.w.org\/{rel}","templated":true}]}}