{"id":7694,"date":"2025-08-22T07:11:02","date_gmt":"2025-08-22T07:11:02","guid":{"rendered":"https:\/\/ucgegroup.com\/?page_id=7694"},"modified":"2025-12-23T12:00:16","modified_gmt":"2025-12-23T12:00:16","slug":"gelecege-deger","status":"publish","type":"page","link":"https:\/\/ucgegroup.com\/tr\/value-to-the-future\/","title":{"rendered":"Gelece\u011fe de\u011fer"},"content":{"rendered":"<div data-elementor-type=\"wp-page\" data-elementor-id=\"7694\" class=\"elementor elementor-7694\" data-elementor-post-type=\"page\">\n\t\t\t\t\t\t<section class=\"elementor-section elementor-top-section elementor-element elementor-element-0e1519f elementor-section-boxed elementor-section-height-default elementor-section-height-default\" data-id=\"0e1519f\" data-element_type=\"section\" data-e-type=\"section\" data-settings=\"{&quot;background_background&quot;:&quot;classic&quot;}\">\n\t\t\t\t\t\t<div class=\"elementor-container elementor-column-gap-extended\">\n\t\t\t\t\t<div class=\"elementor-column elementor-col-50 elementor-top-column elementor-element elementor-element-d2a3f6a ot-flex-column-vertical\" data-id=\"d2a3f6a\" data-element_type=\"column\" data-e-type=\"column\">\n\t\t\t<div class=\"elementor-widget-wrap elementor-element-populated\">\n\t\t\t\t\t\t<div class=\"elementor-element elementor-element-f34dc81 elementor-widget elementor-widget-iiconbox1\" data-id=\"f34dc81\" data-element_type=\"widget\" data-e-type=\"widget\" data-widget_type=\"iiconbox1.default\">\n\t\t\t\t<div class=\"elementor-widget-container\">\n\t\t\t\t\t\t\t<div class=\"icon-box icon-box--bg-img icon-box--icon-top icon-box--is-line-hover\">\r\n\t\t\t<div class=\"icon-main\">\r\n\t\t        \t\t\t    \t\t        \t        <\/div>\r\n\t        <div class=\"content-box\">\r\n\t\t        \t\t        <p><\/p>\r\n\t\t\t<\/div>\r\n\t\t\t\t\r\n\t    <\/div>\r\n\t    \t\t\t\t<\/div>\n\t\t\t\t<\/div>\n\t\t\t\t\t<\/div>\n\t\t<\/div>\n\t\t\t\t<div class=\"elementor-column elementor-col-50 elementor-top-column elementor-element elementor-element-0505b3d ot-flex-column-vertical\" data-id=\"0505b3d\" data-element_type=\"column\" data-e-type=\"column\">\n\t\t\t<div class=\"elementor-widget-wrap elementor-element-populated\">\n\t\t\t\t\t\t<div class=\"elementor-element elementor-element-3624e55 elementor-widget elementor-widget-iheading\" data-id=\"3624e55\" data-element_type=\"widget\" data-e-type=\"widget\" data-widget_type=\"iheading.default\">\n\t\t\t\t<div class=\"elementor-widget-container\">\n\t\t\t\t\t\t\t<div class=\"ot-heading\">\r\n\t        <span>Gelece\u011fe de\u011fer<\/span>\t        <h2 class=\"main-heading\">Asl\u0131nda Bizi Her Yerde G\u00f6r\u00fcyorsunuz<\/h2>\t    <\/div>\r\n\t    \t\t\t\t<\/div>\n\t\t\t\t<\/div>\n\t\t\t\t<div class=\"elementor-element elementor-element-4dd6442 elementor-widget elementor-widget-iiconbox3\" data-id=\"4dd6442\" data-element_type=\"widget\" data-e-type=\"widget\" data-widget_type=\"iiconbox3.default\">\n\t\t\t\t<div class=\"elementor-widget-container\">\n\t\t\t\t\t\t\t<div class=\"icon-box icon-box--bg-color icon-box--icon-left\">\r\n\t\t\t<div class=\"icon-main\">\r\n\t\t        \t\t\t    \r\n\t\t\t    <img decoding=\"async\" src=\"https:\/\/ucgegroup.com\/wp-content\/uploads\/2025\/08\/our-vision-icon.png\" title=\"vi\u0307zyonumuz-si\u0307mgesi\u0307\" alt=\"vi\u0307zyonumuz-si\u0307mgesi\u0307\" loading=\"lazy\" \/>\t\t        \t        <\/div>\r\n\t        <div class=\"content-box\">\r\n\t        \t<h5 class=\"icon-box-title\">Vizyonumuz<\/h5>\t\t        <p>Markas\u0131nda: G\u00fc\u00e7l\u00fc De\u011ferler\n<p>\nPayda\u015flar\u0131 ile: G\u00fcvene Dayal\u0131 \u0130li\u015fkiler\n<p>\nSekt\u00f6r\u00fcnde: Muhte\u015fem Ba\u015far\u0131lar<\/p>\r\n\t\t\t<\/div>\r\n\t\t\t\t    <\/div>\r\n\t    \t\t\t\t<\/div>\n\t\t\t\t<\/div>\n\t\t\t\t<div class=\"elementor-element elementor-element-55d8d11 elementor-widget elementor-widget-iiconbox3\" data-id=\"55d8d11\" data-element_type=\"widget\" data-e-type=\"widget\" data-widget_type=\"iiconbox3.default\">\n\t\t\t\t<div class=\"elementor-widget-container\">\n\t\t\t\t\t\t\t<div class=\"icon-box icon-box--bg-color icon-box--icon-left\">\r\n\t\t\t<div class=\"icon-main\">\r\n\t\t        \t\t\t    \r\n\t\t\t    <img decoding=\"async\" src=\"https:\/\/ucgegroup.com\/wp-content\/uploads\/2025\/08\/our-purpose-icon.png\" title=\"amacimiz-si\u0307mgesi\u0307\" alt=\"amacimiz-si\u0307mgesi\u0307\" loading=\"lazy\" \/>\t\t        \t        <\/div>\r\n\t        <div class=\"content-box\">\r\n\t        \t<h5 class=\"icon-box-title\">Amac\u0131m\u0131z<\/h5>\t\t        <p>Yaratarak Gelece\u011fe \u0130z B\u0131rakmak <br>Payda\u015flar\u0131m\u0131zla S\u00fcrd\u00fcr\u00fclebilir De\u011fer<\/p>\r\n\t\t\t<\/div>\r\n\t\t\t\t    <\/div>\r\n\t    \t\t\t\t<\/div>\n\t\t\t\t<\/div>\n\t\t\t\t\t<\/div>\n\t\t<\/div>\n\t\t\t\t\t<\/div>\n\t\t<\/section>\n\t\t\t\t<section class=\"elementor-section elementor-top-section elementor-element elementor-element-5d7d265 elementor-section-boxed elementor-section-height-default elementor-section-height-default\" data-id=\"5d7d265\" data-element_type=\"section\" data-e-type=\"section\">\n\t\t\t\t\t\t<div class=\"elementor-container elementor-column-gap-extended\">\n\t\t\t\t\t<div class=\"elementor-column elementor-col-33 elementor-top-column elementor-element elementor-element-ef79c16 ot-flex-column-vertical\" data-id=\"ef79c16\" data-element_type=\"column\" data-e-type=\"column\">\n\t\t\t<div class=\"elementor-widget-wrap elementor-element-populated\">\n\t\t\t\t\t\t<div class=\"elementor-element elementor-element-b1ec494 elementor-invisible elementor-widget elementor-widget-image\" data-id=\"b1ec494\" data-element_type=\"widget\" data-e-type=\"widget\" data-settings=\"{&quot;_animation&quot;:&quot;fadeIn&quot;}\" data-widget_type=\"image.default\">\n\t\t\t\t\t\t\t\t\t\t\t\t\t\t\t<img fetchpriority=\"high\" decoding=\"async\" width=\"500\" height=\"500\" src=\"https:\/\/ucgegroup.com\/wp-content\/uploads\/2025\/08\/our-value-icon.png\" class=\"attachment-full size-full wp-image-7741\" alt=\"\" srcset=\"https:\/\/ucgegroup.com\/wp-content\/uploads\/2025\/08\/our-value-icon.png 500w, https:\/\/ucgegroup.com\/wp-content\/uploads\/2025\/08\/our-value-icon-300x300.png 300w, https:\/\/ucgegroup.com\/wp-content\/uploads\/2025\/08\/our-value-icon-150x150.png 150w, https:\/\/ucgegroup.com\/wp-content\/uploads\/2025\/08\/our-value-icon-12x12.png 12w\" sizes=\"(max-width: 500px) 100vw, 500px\" \/>\t\t\t\t\t\t\t\t\t\t\t\t\t\t\t<\/div>\n\t\t\t\t\t<\/div>\n\t\t<\/div>\n\t\t\t\t<div class=\"elementor-column elementor-col-33 elementor-top-column elementor-element elementor-element-46cb06b ot-flex-column-vertical\" data-id=\"46cb06b\" data-element_type=\"column\" data-e-type=\"column\">\n\t\t\t<div class=\"elementor-widget-wrap elementor-element-populated\">\n\t\t\t\t\t\t<div class=\"elementor-element elementor-element-723dad2 elementor-widget-tablet__width-initial elementor-widget-mobile__width-inherit elementor-widget elementor-widget-iheading\" data-id=\"723dad2\" data-element_type=\"widget\" data-e-type=\"widget\" data-widget_type=\"iheading.default\">\n\t\t\t\t<div class=\"elementor-widget-container\">\n\t\t\t\t\t\t\t<div class=\"ot-heading\">\r\n\t        <span>Gelece\u011fe de\u011fer<\/span>\t        <h2 class=\"main-heading\">De\u011ferimiz<\/h2>\t    <\/div>\r\n\t    \t\t\t\t<\/div>\n\t\t\t\t<\/div>\n\t\t\t\t\t<\/div>\n\t\t<\/div>\n\t\t\t\t<div class=\"elementor-column elementor-col-33 elementor-top-column elementor-element elementor-element-3c2521f ot-flex-column-vertical\" data-id=\"3c2521f\" data-element_type=\"column\" data-e-type=\"column\">\n\t\t\t<div class=\"elementor-widget-wrap elementor-element-populated\">\n\t\t\t\t\t\t<section class=\"elementor-section elementor-inner-section elementor-element elementor-element-873060b elementor-section-full_width elementor-section-height-default elementor-section-height-default\" data-id=\"873060b\" data-element_type=\"section\" data-e-type=\"section\">\n\t\t\t\t\t\t<div class=\"elementor-container elementor-column-gap-extended\">\n\t\t\t\t\t<div class=\"elementor-column elementor-col-50 elementor-inner-column elementor-element elementor-element-e237c86 ot-flex-column-vertical\" data-id=\"e237c86\" data-element_type=\"column\" data-e-type=\"column\">\n\t\t\t<div class=\"elementor-widget-wrap elementor-element-populated\">\n\t\t\t\t\t\t<div class=\"elementor-element elementor-element-aecc919 elementor-widget elementor-widget-iiconbox2\" data-id=\"aecc919\" data-element_type=\"widget\" data-e-type=\"widget\" data-widget_type=\"iiconbox2.default\">\n\t\t\t\t<div class=\"elementor-widget-container\">\n\t\t\t\t\t\t\t<div class=\"icon-box icon-box--classic icon-box--icon-top\">\r\n\t\t\t<div class=\"icon-main\">\r\n\t\t        \t\t\t    <img decoding=\"async\" src=\"https:\/\/ucgegroup.com\/wp-content\/uploads\/elementor\/thumbs\/tranparent-icon-ramvkh7qqcfhfptqqhaxk453yawfr0p5fkmo8vpezk.png\" title=\"tranparent-icon\" alt=\"tranparent-icon\" loading=\"lazy\" \/>\t\t        \t        <\/div>\r\n\t        <div class=\"content-box\">\r\n\t\t        <h5 class=\"icon-box-title\">\u015eeffaf\u0131z<\/h5>\t\t        <p>\u00dc\u00c7GE, \u00e7al\u0131\u015fanlardan hissedarlara, m\u00fc\u015fterilerden kamu kurumlar\u0131na kadar her alanda do\u011fru, d\u00fczenli ve objektif veri sa\u011flar.<\/p>\r\n\t\t\t<\/div>\r\n\t    <\/div>\r\n\t    \t\t\t\t<\/div>\n\t\t\t\t<\/div>\n\t\t\t\t\t<\/div>\n\t\t<\/div>\n\t\t\t\t<div class=\"elementor-column elementor-col-50 elementor-inner-column elementor-element elementor-element-f5c9db7 ot-flex-column-vertical\" data-id=\"f5c9db7\" data-element_type=\"column\" data-e-type=\"column\">\n\t\t\t<div class=\"elementor-widget-wrap elementor-element-populated\">\n\t\t\t\t\t\t<div class=\"elementor-element elementor-element-932f259 elementor-widget elementor-widget-iiconbox2\" data-id=\"932f259\" data-element_type=\"widget\" data-e-type=\"widget\" data-widget_type=\"iiconbox2.default\">\n\t\t\t\t<div class=\"elementor-widget-container\">\n\t\t\t\t\t\t\t<div class=\"icon-box icon-box--classic icon-box--icon-top\">\r\n\t\t\t<div class=\"icon-main\">\r\n\t\t        \t\t\t    <img decoding=\"async\" src=\"https:\/\/ucgegroup.com\/wp-content\/uploads\/elementor\/thumbs\/trustworthy-icon-ramvkk19aujcejpna0it9lfhqgije40cfyl4opl8gw.png\" title=\"trustworthy-icon\" alt=\"trustworthy-icon\" loading=\"lazy\" \/>\t\t        \t        <\/div>\r\n\t        <div class=\"content-box\">\r\n\t\t        <h5 class=\"icon-box-title\">G\u00fcveniliriz<\/h5>\t\t        <p>\u00dc\u00c7GE, adil, d\u00fcr\u00fcst ve tarafs\u0131z davranarak verdi\u011fi s\u00f6zleri tutar, payda\u015flar\u0131yla kar\u015f\u0131l\u0131kl\u0131 fayda arar ve \u00e7al\u0131\u015fanlar\u0131n\u0131n yan\u0131nda yer al\u0131r.<\/p>\r\n\t\t\t<\/div>\r\n\t    <\/div>\r\n\t    \t\t\t\t<\/div>\n\t\t\t\t<\/div>\n\t\t\t\t\t<\/div>\n\t\t<\/div>\n\t\t\t\t\t<\/div>\n\t\t<\/section>\n\t\t\t\t<section class=\"elementor-section elementor-inner-section elementor-element elementor-element-ce69320 elementor-section-full_width elementor-section-height-default elementor-section-height-default\" data-id=\"ce69320\" data-element_type=\"section\" data-e-type=\"section\">\n\t\t\t\t\t\t<div class=\"elementor-container elementor-column-gap-extended\">\n\t\t\t\t\t<div class=\"elementor-column elementor-col-50 elementor-inner-column elementor-element elementor-element-c751dca ot-flex-column-vertical\" data-id=\"c751dca\" data-element_type=\"column\" data-e-type=\"column\">\n\t\t\t<div class=\"elementor-widget-wrap elementor-element-populated\">\n\t\t\t\t\t\t<div class=\"elementor-element elementor-element-b06a477 elementor-widget elementor-widget-iiconbox2\" data-id=\"b06a477\" data-element_type=\"widget\" data-e-type=\"widget\" data-widget_type=\"iiconbox2.default\">\n\t\t\t\t<div class=\"elementor-widget-container\">\n\t\t\t\t\t\t\t<div class=\"icon-box icon-box--classic icon-box--icon-top\">\r\n\t\t\t<div class=\"icon-main\">\r\n\t\t        \t\t\t    <img decoding=\"async\" src=\"https:\/\/ucgegroup.com\/wp-content\/uploads\/elementor\/thumbs\/respectful-icon-ramvkee85ubmgvxu6y31umuq65ac3xdyf6o7t1tli8.png\" title=\"respectful-icon\" alt=\"respectful-icon\" loading=\"lazy\" \/>\t\t        \t        <\/div>\r\n\t        <div class=\"content-box\">\r\n\t\t        <h5 class=\"icon-box-title\">Sayg\u0131l\u0131y\u0131z<\/h5>\t\t        <p>\u00dc\u00c7GE, \u00e7e\u015fitlili\u011fe de\u011fer verir, birbirini \u00f6nemser, do\u011fay\u0131 ve canl\u0131lar\u0131 koruyarak sayg\u0131l\u0131 bir ya\u015fam ortam\u0131 yarat\u0131r.<\/p>\r\n\t\t\t<\/div>\r\n\t    <\/div>\r\n\t    \t\t\t\t<\/div>\n\t\t\t\t<\/div>\n\t\t\t\t\t<\/div>\n\t\t<\/div>\n\t\t\t\t<div class=\"elementor-column elementor-col-50 elementor-inner-column elementor-element elementor-element-41bf1a6 ot-flex-column-vertical\" data-id=\"41bf1a6\" data-element_type=\"column\" data-e-type=\"column\">\n\t\t\t<div class=\"elementor-widget-wrap elementor-element-populated\">\n\t\t\t\t\t\t<div class=\"elementor-element elementor-element-b268688 elementor-widget elementor-widget-iiconbox2\" data-id=\"b268688\" data-element_type=\"widget\" data-e-type=\"widget\" data-widget_type=\"iiconbox2.default\">\n\t\t\t\t<div class=\"elementor-widget-container\">\n\t\t\t\t\t\t\t<div class=\"icon-box icon-box--classic icon-box--icon-top\">\r\n\t\t\t<div class=\"icon-main\">\r\n\t\t        \t\t\t    <img decoding=\"async\" src=\"https:\/\/ucgegroup.com\/wp-content\/uploads\/elementor\/thumbs\/passionate-icon-ramvklwxoilx1rmwz1c2ekyex899ti7t47w3n9ig4g.png\" title=\"tutkulu-ikon\" alt=\"tutkulu-ikon\" loading=\"lazy\" \/>\t\t        \t        <\/div>\r\n\t        <div class=\"content-box\">\r\n\t\t        <h5 class=\"icon-box-title\">Tutkuluyuz<\/h5>\t\t        <p>\u00dc\u00c7GE, hayata ve i\u015fe tutkuyla yakla\u015f\u0131r, birlikte ba\u015far\u0131ya odaklan\u0131r ve ortak hedeflere sosyal sorumlulukla ula\u015f\u0131r.<\/p>\r\n\t\t\t<\/div>\r\n\t    <\/div>\r\n\t    \t\t\t\t<\/div>\n\t\t\t\t<\/div>\n\t\t\t\t\t<\/div>\n\t\t<\/div>\n\t\t\t\t\t<\/div>\n\t\t<\/section>\n\t\t\t\t\t<\/div>\n\t\t<\/div>\n\t\t\t\t\t<\/div>\n\t\t<\/section>\n\t\t\t\t<section class=\"elementor-section elementor-top-section elementor-element elementor-element-5d72077 elementor-section-boxed elementor-section-height-default elementor-section-height-default\" data-id=\"5d72077\" data-element_type=\"section\" data-e-type=\"section\">\n\t\t\t\t\t\t<div class=\"elementor-container elementor-column-gap-extended\">\n\t\t\t\t\t<div class=\"elementor-column elementor-col-33 elementor-top-column elementor-element elementor-element-6862596 ot-flex-column-vertical\" data-id=\"6862596\" data-element_type=\"column\" data-e-type=\"column\">\n\t\t\t<div class=\"elementor-widget-wrap elementor-element-populated\">\n\t\t\t\t\t\t<div class=\"elementor-element elementor-element-d774ba1 elementor-widget__width-auto elementor-invisible elementor-widget elementor-widget-image\" data-id=\"d774ba1\" data-element_type=\"widget\" data-e-type=\"widget\" data-settings=\"{&quot;_animation&quot;:&quot;fadeIn&quot;}\" data-widget_type=\"image.default\">\n\t\t\t\t\t\t\t\t\t\t\t\t\t\t\t<img decoding=\"async\" width=\"500\" height=\"500\" src=\"https:\/\/ucgegroup.com\/wp-content\/uploads\/2025\/08\/our-principles-icon.png\" class=\"attachment-full size-full wp-image-7740\" alt=\"\" srcset=\"https:\/\/ucgegroup.com\/wp-content\/uploads\/2025\/08\/our-principles-icon.png 500w, https:\/\/ucgegroup.com\/wp-content\/uploads\/2025\/08\/our-principles-icon-300x300.png 300w, https:\/\/ucgegroup.com\/wp-content\/uploads\/2025\/08\/our-principles-icon-150x150.png 150w, https:\/\/ucgegroup.com\/wp-content\/uploads\/2025\/08\/our-principles-icon-12x12.png 12w\" sizes=\"(max-width: 500px) 100vw, 500px\" \/>\t\t\t\t\t\t\t\t\t\t\t\t\t\t\t<\/div>\n\t\t\t\t\t<\/div>\n\t\t<\/div>\n\t\t\t\t<div class=\"elementor-column elementor-col-33 elementor-top-column elementor-element elementor-element-31c85b2 ot-flex-column-vertical\" data-id=\"31c85b2\" data-element_type=\"column\" data-e-type=\"column\">\n\t\t\t<div class=\"elementor-widget-wrap elementor-element-populated\">\n\t\t\t\t\t\t<div class=\"elementor-element elementor-element-61e2490 elementor-widget-tablet__width-initial elementor-widget elementor-widget-iheading\" data-id=\"61e2490\" data-element_type=\"widget\" data-e-type=\"widget\" data-widget_type=\"iheading.default\">\n\t\t\t\t<div class=\"elementor-widget-container\">\n\t\t\t\t\t\t\t<div class=\"ot-heading\">\r\n\t        <span>Gelece\u011fe de\u011fer<\/span>\t        <h2 class=\"main-heading\">Prensiplerimiz<\/h2>\t    <\/div>\r\n\t    \t\t\t\t<\/div>\n\t\t\t\t<\/div>\n\t\t\t\t\t<\/div>\n\t\t<\/div>\n\t\t\t\t<div class=\"elementor-column elementor-col-33 elementor-top-column elementor-element elementor-element-97a37d8 ot-flex-column-vertical\" data-id=\"97a37d8\" data-element_type=\"column\" data-e-type=\"column\">\n\t\t\t<div class=\"elementor-widget-wrap elementor-element-populated\">\n\t\t\t\t\t\t<section class=\"elementor-section elementor-inner-section elementor-element elementor-element-14cfddc elementor-section-full_width elementor-section-height-default elementor-section-height-default\" data-id=\"14cfddc\" data-element_type=\"section\" data-e-type=\"section\">\n\t\t\t\t\t\t<div class=\"elementor-container elementor-column-gap-extended\">\n\t\t\t\t\t<div class=\"elementor-column elementor-col-50 elementor-inner-column elementor-element elementor-element-7c22b1f ot-flex-column-vertical\" data-id=\"7c22b1f\" data-element_type=\"column\" data-e-type=\"column\">\n\t\t\t<div class=\"elementor-widget-wrap elementor-element-populated\">\n\t\t\t\t\t\t<div class=\"elementor-element elementor-element-39a098a elementor-widget elementor-widget-iiconbox2\" data-id=\"39a098a\" data-element_type=\"widget\" data-e-type=\"widget\" data-widget_type=\"iiconbox2.default\">\n\t\t\t\t<div class=\"elementor-widget-container\">\n\t\t\t\t\t\t\t<div class=\"icon-box icon-box--classic icon-box--icon-top\">\r\n\t\t\t<div class=\"icon-main\">\r\n\t\t        \t\t\t    <img decoding=\"async\" src=\"https:\/\/ucgegroup.com\/wp-content\/uploads\/elementor\/thumbs\/delivering-results-icon-ramwfbb4xon4b719ob5buu0hicwx9k45c7340nzgv4.png\" title=\"sonu\u00e7lari sunmak-ikon\" alt=\"sonu\u00e7lari sunmak-ikon\" loading=\"lazy\" \/>\t\t        \t        <\/div>\r\n\t        <div class=\"content-box\">\r\n\t\t        <h5 class=\"icon-box-title\">Sonu\u00e7 \u00dcretmek<\/h5>\t\t        <p>\u00dc\u00c7GE, g\u00f6revleri do\u011fru aksiyonlarla tamamlar, s\u00fcre\u00e7leri planlar ve kontrol eder, projeleri zaman\u0131nda tamamlar.<\/p>\r\n\t\t\t<\/div>\r\n\t    <\/div>\r\n\t    \t\t\t\t<\/div>\n\t\t\t\t<\/div>\n\t\t\t\t\t<\/div>\n\t\t<\/div>\n\t\t\t\t<div class=\"elementor-column elementor-col-50 elementor-inner-column elementor-element elementor-element-10f06ca ot-flex-column-vertical\" data-id=\"10f06ca\" data-element_type=\"column\" data-e-type=\"column\">\n\t\t\t<div class=\"elementor-widget-wrap elementor-element-populated\">\n\t\t\t\t\t\t<div class=\"elementor-element elementor-element-d31fa3f elementor-widget elementor-widget-iiconbox2\" data-id=\"d31fa3f\" data-element_type=\"widget\" data-e-type=\"widget\" data-widget_type=\"iiconbox2.default\">\n\t\t\t\t<div class=\"elementor-widget-container\">\n\t\t\t\t\t\t\t<div class=\"icon-box icon-box--classic icon-box--icon-top\">\r\n\t\t\t<div class=\"icon-main\">\r\n\t\t        \t\t\t    <img decoding=\"async\" src=\"https:\/\/ucgegroup.com\/wp-content\/uploads\/elementor\/thumbs\/being-innovative-icon-ramwfkpiu0zzjanm5f7ljrn3g7mlej5gphlytflj4w.png\" title=\"yenilik\u00e7i olmak-ikon\" alt=\"yenilik\u00e7i olmak-ikon\" loading=\"lazy\" \/>\t\t        \t        <\/div>\r\n\t        <div class=\"content-box\">\r\n\t\t        <h5 class=\"icon-box-title\">Yenilik\u00e7i Olmak<\/h5>\t\t        <p>\u00dc\u00c7GE, de\u011fi\u015fime a\u00e7\u0131k, s\u00fcrekli geli\u015fime odakl\u0131 ve payda\u015flar\u0131n\u0131 inovasyon s\u00fcrecine dahil eden yakla\u015f\u0131m\u0131yla sekt\u00f6rde fark yaratmaktad\u0131r.<\/p>\r\n\t\t\t<\/div>\r\n\t    <\/div>\r\n\t    \t\t\t\t<\/div>\n\t\t\t\t<\/div>\n\t\t\t\t\t<\/div>\n\t\t<\/div>\n\t\t\t\t\t<\/div>\n\t\t<\/section>\n\t\t\t\t<section class=\"elementor-section elementor-inner-section elementor-element elementor-element-2bdf19d elementor-section-full_width elementor-section-height-default elementor-section-height-default\" data-id=\"2bdf19d\" data-element_type=\"section\" data-e-type=\"section\">\n\t\t\t\t\t\t<div class=\"elementor-container elementor-column-gap-extended\">\n\t\t\t\t\t<div class=\"elementor-column elementor-col-50 elementor-inner-column elementor-element elementor-element-814142f ot-flex-column-vertical\" data-id=\"814142f\" data-element_type=\"column\" data-e-type=\"column\">\n\t\t\t<div class=\"elementor-widget-wrap elementor-element-populated\">\n\t\t\t\t\t\t<div class=\"elementor-element elementor-element-dd2746e elementor-widget elementor-widget-iiconbox2\" data-id=\"dd2746e\" data-element_type=\"widget\" data-e-type=\"widget\" data-widget_type=\"iiconbox2.default\">\n\t\t\t\t<div class=\"elementor-widget-container\">\n\t\t\t\t\t\t\t<div class=\"icon-box icon-box--classic icon-box--icon-top\">\r\n\t\t\t<div class=\"icon-main\">\r\n\t\t        \t\t\t    <img decoding=\"async\" src=\"https:\/\/ucgegroup.com\/wp-content\/uploads\/elementor\/thumbs\/leading-the-way-icon-ramwff2hp0s9lmvt2cru4t2bvwee4cj2opp1xrtw68.png\" title=\"yol g\u00f6sterici-ikon\" alt=\"yol g\u00f6sterici-ikon\" loading=\"lazy\" \/>\t\t        \t        <\/div>\r\n\t        <div class=\"content-box\">\r\n\t\t        <h5 class=\"icon-box-title\">Liderlik Etmek<\/h5>\t\t        <p>\u00dc\u00c7GE, yeni giri\u015fimlere \u00f6nc\u00fcl\u00fck ederek \u00f6rnek olmakta, \u00e7al\u0131\u015fanlar\u0131n\u0131n geli\u015fimini \u00f6n planda tutmakta, do\u011fru verilere dayal\u0131 etkin ve \u00e7evik kararlar almaktad\u0131r.<\/p>\r\n\t\t\t<\/div>\r\n\t    <\/div>\r\n\t    \t\t\t\t<\/div>\n\t\t\t\t<\/div>\n\t\t\t\t\t<\/div>\n\t\t<\/div>\n\t\t\t\t<div class=\"elementor-column elementor-col-50 elementor-inner-column elementor-element elementor-element-3438c8d ot-flex-column-vertical\" data-id=\"3438c8d\" data-element_type=\"column\" data-e-type=\"column\">\n\t\t\t<div class=\"elementor-widget-wrap elementor-element-populated\">\n\t\t\t\t\t\t<div class=\"elementor-element elementor-element-a8e6a68 elementor-widget elementor-widget-iiconbox2\" data-id=\"a8e6a68\" data-element_type=\"widget\" data-e-type=\"widget\" data-widget_type=\"iiconbox2.default\">\n\t\t\t\t<div class=\"elementor-widget-container\">\n\t\t\t\t\t\t\t<div class=\"icon-box icon-box--classic icon-box--icon-top\">\r\n\t\t\t<div class=\"icon-main\">\r\n\t\t        \t\t\t    <img decoding=\"async\" src=\"https:\/\/ucgegroup.com\/wp-content\/uploads\/elementor\/thumbs\/staying-aligned-icon-ramwfhw09iw4kgrplvzpuacpo20hrfu9p3nidlppnk.png\" title=\"hizada kalmak-ikon\" alt=\"hizada kalmak-ikon\" loading=\"lazy\" \/>\t\t        \t        <\/div>\r\n\t        <div class=\"content-box\">\r\n\t\t        <h5 class=\"icon-box-title\">Uyumlu Olmak<\/h5>\t\t        <p>\u00dc\u00c7GE, mevzuata ve etik kurallara uyar, toplumsal fayday\u0131 g\u00f6zetir, g\u00fc\u00e7l\u00fc sosyal ili\u015fkiler kurar ve yenilikleri mevcut sistemlere entegre eder.<\/p>\r\n\t\t\t<\/div>\r\n\t    <\/div>\r\n\t    \t\t\t\t<\/div>\n\t\t\t\t<\/div>\n\t\t\t\t\t<\/div>\n\t\t<\/div>\n\t\t\t\t\t<\/div>\n\t\t<\/section>\n\t\t\t\t\t<\/div>\n\t\t<\/div>\n\t\t\t\t\t<\/div>\n\t\t<\/section>\n\t\t\t\t<\/div>","protected":false},"excerpt":{"rendered":"<p>Value to the future Actually You See Us Everywhere Our Vision In its Brand: Strong Values With its Stakeholders: Trust-Based Relationships In its Industry: Magnificent Achievements Our Purpose Leaving a Mark on the Future by Creating Sustainable Value with Our Stakeholders Value to the future Our Value We are transparent \u00dc\u00c7GE provides accurate, regular and [&hellip;]<\/p>\n","protected":false},"author":1,"featured_media":0,"parent":0,"menu_order":0,"comment_status":"closed","ping_status":"closed","template":"","meta":{"footnotes":""},"class_list":["post-7694","page","type-page","status-publish","hentry"],"_links":{"self":[{"href":"https:\/\/ucgegroup.com\/tr\/wp-json\/wp\/v2\/pages\/7694","targetHints":{"allow":["GET"]}}],"collection":[{"href":"https:\/\/ucgegroup.com\/tr\/wp-json\/wp\/v2\/pages"}],"about":[{"href":"https:\/\/ucgegroup.com\/tr\/wp-json\/wp\/v2\/types\/page"}],"author":[{"embeddable":true,"href":"https:\/\/ucgegroup.com\/tr\/wp-json\/wp\/v2\/users\/1"}],"replies":[{"embeddable":true,"href":"https:\/\/ucgegroup.com\/tr\/wp-json\/wp\/v2\/comments?post=7694"}],"version-history":[{"count":0,"href":"https:\/\/ucgegroup.com\/tr\/wp-json\/wp\/v2\/pages\/7694\/revisions"}],"wp:attachment":[{"href":"https:\/\/ucgegroup.com\/tr\/wp-json\/wp\/v2\/media?parent=7694"}],"curies":[{"name":"wp","href":"https:\/\/api.w.org\/{rel}","templated":true}]}}