{"id":7768,"date":"2025-08-22T14:54:57","date_gmt":"2025-08-22T14:54:57","guid":{"rendered":"https:\/\/ucgegroup.com\/?page_id=7768"},"modified":"2025-12-18T11:02:34","modified_gmt":"2025-12-18T11:02:34","slug":"magaza-perakende-cozumleri","status":"publish","type":"page","link":"https:\/\/ucgegroup.com\/tr\/store-retail-solutions\/","title":{"rendered":"Ma\u011faza ve Perakende \u00c7\u00f6z\u00fcmleri"},"content":{"rendered":"<div data-elementor-type=\"wp-page\" data-elementor-id=\"7768\" class=\"elementor elementor-7768\" data-elementor-post-type=\"page\">\n\t\t\t\t\t\t<section class=\"elementor-section elementor-top-section elementor-element elementor-element-91c942a elementor-section-content-middle has-lines-vertical has-lines-vertical-center elementor-section-boxed elementor-section-height-default elementor-section-height-default\" data-id=\"91c942a\" data-element_type=\"section\" data-e-type=\"section\">\n\t\t\t\t\t\t<div class=\"elementor-container elementor-column-gap-extended\">\n\t\t\t\t\t<div class=\"elementor-column elementor-col-50 elementor-top-column elementor-element elementor-element-4f3c350 ot-flex-column-vertical\" data-id=\"4f3c350\" data-element_type=\"column\" data-e-type=\"column\">\n\t\t\t<div class=\"elementor-widget-wrap elementor-element-populated\">\n\t\t\t\t\t\t<div class=\"elementor-element elementor-element-86bedcb elementor-widget elementor-widget-iiconbox1\" data-id=\"86bedcb\" data-element_type=\"widget\" data-e-type=\"widget\" data-widget_type=\"iiconbox1.default\">\n\t\t\t\t<div class=\"elementor-widget-container\">\n\t\t\t\t\t\t\t<div class=\"icon-box icon-box--bg-img icon-box--icon-top icon-box--is-line-hover\">\r\n\t\t\t<div class=\"icon-main\">\r\n\t\t        \t\t\t    \t\t        \t        <\/div>\r\n\t        <div class=\"content-box\">\r\n\t\t        \t\t        <p><\/p>\r\n\t\t\t<\/div>\r\n\t\t\t\t\r\n\t    <\/div>\r\n\t    \t\t\t\t<\/div>\n\t\t\t\t<\/div>\n\t\t\t\t\t<\/div>\n\t\t<\/div>\n\t\t\t\t<div class=\"elementor-column elementor-col-50 elementor-top-column elementor-element elementor-element-fae9e86 ot-flex-column-vertical\" data-id=\"fae9e86\" data-element_type=\"column\" data-e-type=\"column\">\n\t\t\t<div class=\"elementor-widget-wrap elementor-element-populated\">\n\t\t\t\t\t\t<div class=\"elementor-element elementor-element-c2560a0 elementor-widget elementor-widget-image\" data-id=\"c2560a0\" data-element_type=\"widget\" data-e-type=\"widget\" data-widget_type=\"image.default\">\n\t\t\t\t\t\t\t\t\t\t\t\t\t\t\t<img decoding=\"async\" width=\"378\" height=\"85\" src=\"https:\/\/ucgegroup.com\/wp-content\/uploads\/2026\/02\/ume-tr-logo.png\" class=\"attachment-full size-full wp-image-7936\" alt=\"\" srcset=\"https:\/\/ucgegroup.com\/wp-content\/uploads\/2026\/02\/ume-tr-logo.png 378w, https:\/\/ucgegroup.com\/wp-content\/uploads\/2026\/02\/ume-tr-logo-300x67.png 300w, https:\/\/ucgegroup.com\/wp-content\/uploads\/2026\/02\/ume-tr-logo-18x4.png 18w\" sizes=\"(max-width: 378px) 100vw, 378px\" \/>\t\t\t\t\t\t\t\t\t\t\t\t\t\t\t<\/div>\n\t\t\t\t<div class=\"elementor-element elementor-element-ff2bb69 elementor-widget elementor-widget-iheading\" data-id=\"ff2bb69\" data-element_type=\"widget\" data-e-type=\"widget\" data-widget_type=\"iheading.default\">\n\t\t\t\t<div class=\"elementor-widget-container\">\n\t\t\t\t\t\t\t<div class=\"ot-heading\">\r\n\t        <span>Perakende ser\u00fcveniniz burada ba\u015fl\u0131yor<\/span>\t        <h2 class=\"main-heading\">\u00dc\u00c7GE Ma\u011faza Ekipmanlar\u0131<\/h2>\t    <\/div>\r\n\t    \t\t\t\t<\/div>\n\t\t\t\t<\/div>\n\t\t\t\t<div class=\"elementor-element elementor-element-8d34784 elementor-widget elementor-widget-text-editor\" data-id=\"8d34784\" data-element_type=\"widget\" data-e-type=\"widget\" data-widget_type=\"text-editor.default\">\n\t\t\t\t\t\t\t\t\t<p>1976 y\u0131l\u0131nda kurulan \u00dc\u00c7GE Ma\u011faza Ekipmanlar\u0131, hipermarketlerden yap\u0131 marketlere, butiklerden eczanelere, z\u00fcccaciyeden elektronik marketlere kadar d\u00fcnya devleri de dahil olmak \u00fczere t\u00fcm sat\u0131\u015f noktalar\u0131 i\u00e7in ma\u011faza ekipmanlar\u0131 ve raf sistemleri \u00fcretmektedir.<br \/>Ar-Ge merkezinde geli\u015ftirdi\u011fi inovasyon ve teknoloji odakl\u0131 yeni nesil ak\u0131ll\u0131 \u00fcr\u00fcn ve sistemlerle sekt\u00f6r\u00fcn yenilik\u00e7i \u00e7\u00f6z\u00fcm orta\u011f\u0131 olma misyonunu s\u00fcrd\u00fcrmeye devam ediyor.<\/p>\t\t\t\t\t\t\t\t<\/div>\n\t\t\t\t<div class=\"elementor-element elementor-element-ff8a5a4 elementor-widget elementor-widget-ibutton\" data-id=\"ff8a5a4\" data-element_type=\"widget\" data-e-type=\"widget\" data-widget_type=\"ibutton.default\">\n\t\t\t\t<div class=\"elementor-widget-container\">\n\t\t\t\t\t\t\t<div class=\"ot-button\">\r\n\t\t\t<a href=\"https:\/\/ucge.com\/en\" class=\"octf-btn octf-btn-dark\">Web Sitesini G\u00f6r\u00fcnt\u00fcle<\/a>\r\n\t    <\/div>\r\n\t    \t\t\t\t<\/div>\n\t\t\t\t<\/div>\n\t\t\t\t\t<\/div>\n\t\t<\/div>\n\t\t\t\t\t<\/div>\n\t\t<\/section>\n\t\t\t\t<section class=\"elementor-section elementor-top-section elementor-element elementor-element-3e097d9 elementor-section-content-middle has-lines-vertical has-lines-vertical-center elementor-section-boxed elementor-section-height-default elementor-section-height-default\" data-id=\"3e097d9\" data-element_type=\"section\" data-e-type=\"section\">\n\t\t\t\t\t\t<div class=\"elementor-container elementor-column-gap-extended\">\n\t\t\t\t\t<div class=\"elementor-column elementor-col-50 elementor-top-column elementor-element elementor-element-3946e01 ot-flex-column-vertical\" data-id=\"3946e01\" data-element_type=\"column\" data-e-type=\"column\">\n\t\t\t<div class=\"elementor-widget-wrap elementor-element-populated\">\n\t\t\t\t\t\t<div class=\"elementor-element elementor-element-6d9c0c1 elementor-hidden-desktop elementor-hidden-tablet elementor-widget elementor-widget-iiconbox1\" data-id=\"6d9c0c1\" data-element_type=\"widget\" data-e-type=\"widget\" data-widget_type=\"iiconbox1.default\">\n\t\t\t\t<div class=\"elementor-widget-container\">\n\t\t\t\t\t\t\t<div class=\"icon-box icon-box--bg-img icon-box--icon-top icon-box--is-line-hover\">\r\n\t\t\t<div class=\"icon-main\">\r\n\t\t        \t\t\t    \t\t        \t        <\/div>\r\n\t        <div class=\"content-box\">\r\n\t\t        \t\t        <p><\/p>\r\n\t\t\t<\/div>\r\n\t\t\t\t\r\n\t    <\/div>\r\n\t    \t\t\t\t<\/div>\n\t\t\t\t<\/div>\n\t\t\t\t<div class=\"elementor-element elementor-element-1e51019 elementor-widget elementor-widget-image\" data-id=\"1e51019\" data-element_type=\"widget\" data-e-type=\"widget\" data-widget_type=\"image.default\">\n\t\t\t\t\t\t\t\t\t\t\t\t\t\t\t<img decoding=\"async\" width=\"378\" height=\"85\" src=\"https:\/\/ucgegroup.com\/wp-content\/uploads\/2025\/08\/onto-yatay-logo_6_11zon.webp\" class=\"attachment-full size-full wp-image-7976\" alt=\"\" srcset=\"https:\/\/ucgegroup.com\/wp-content\/uploads\/2025\/08\/onto-yatay-logo_6_11zon.webp 378w, https:\/\/ucgegroup.com\/wp-content\/uploads\/2025\/08\/onto-yatay-logo_6_11zon-300x67.webp 300w, https:\/\/ucgegroup.com\/wp-content\/uploads\/2025\/08\/onto-yatay-logo_6_11zon-18x4.webp 18w\" sizes=\"(max-width: 378px) 100vw, 378px\" \/>\t\t\t\t\t\t\t\t\t\t\t\t\t\t\t<\/div>\n\t\t\t\t<div class=\"elementor-element elementor-element-520fe65 elementor-widget elementor-widget-iheading\" data-id=\"520fe65\" data-element_type=\"widget\" data-e-type=\"widget\" data-widget_type=\"iheading.default\">\n\t\t\t\t<div class=\"elementor-widget-container\">\n\t\t\t\t\t\t\t<div class=\"ot-heading\">\r\n\t        <span>Markan\u0131 sahneye \u00e7\u0131kar<\/span>\t        <h2 class=\"main-heading\">ONTO Perakende \u00c7\u00f6z\u00fcmleri<\/h2>\t    <\/div>\r\n\t    \t\t\t\t<\/div>\n\t\t\t\t<\/div>\n\t\t\t\t<div class=\"elementor-element elementor-element-dbfe222 elementor-widget__width-initial elementor-widget elementor-widget-text-editor\" data-id=\"dbfe222\" data-element_type=\"widget\" data-e-type=\"widget\" data-widget_type=\"text-editor.default\">\n\t\t\t\t\t\t\t\t\t<p>ONTO, markalara b\u00fct\u00fcnsel ma\u011faza i\u00e7i deneyimler sunmak i\u00e7in \u00fcretim g\u00fcc\u00fcn\u00fc yarat\u0131c\u0131 bir zihniyetle harmanl\u0131yor. ONTO, her projede estetik ve m\u00fchendisli\u011fi bir araya getirerek \u00f6zenle planlanm\u0131\u015f, \u00fcretilebilir ve kullan\u0131c\u0131lar i\u00e7in duygusal olarak ilgi \u00e7ekici alanlar yarat\u0131r. \u00dc\u00c7GE Grup \u015eirketleri'nin yakla\u015f\u0131k yar\u0131m as\u0131rl\u0131k end\u00fcstriyel uzmanl\u0131\u011f\u0131 ve 92 \u00fclkedeki k\u00fcresel deneyimi ile ONTO, tasar\u0131m, \u00fcretim, kurulum ve teslimat s\u00fcre\u00e7lerini tek bir \u00e7at\u0131 alt\u0131nda y\u00f6netmektedir. Y\u00fcksek \u00fcretim kapasitesi ve geli\u015fmi\u015f hassasiyetle \u00e7al\u0131\u015fan ONTO, ah\u015fap, metal, cam ve pleksiglas gibi \u00e7ok \u00e7e\u015fitli malzemelerin yan\u0131 s\u0131ra farkl\u0131 ihtiya\u00e7lara g\u00f6re uyarlanm\u0131\u015f di\u011fer malzemelerle de ustal\u0131kla \u00e7al\u0131\u015fmaktad\u0131r.<\/p>\t\t\t\t\t\t\t\t<\/div>\n\t\t\t\t<div class=\"elementor-element elementor-element-483ab0c elementor-widget elementor-widget-ibutton\" data-id=\"483ab0c\" data-element_type=\"widget\" data-e-type=\"widget\" data-widget_type=\"ibutton.default\">\n\t\t\t\t<div class=\"elementor-widget-container\">\n\t\t\t\t\t\t\t<div class=\"ot-button\">\r\n\t\t\t<a href=\"https:\/\/ontoretail.com\/\" class=\"octf-btn octf-btn-dark\">Web Sitesini G\u00f6r\u00fcnt\u00fcle<\/a>\r\n\t    <\/div>\r\n\t    \t\t\t\t<\/div>\n\t\t\t\t<\/div>\n\t\t\t\t\t<\/div>\n\t\t<\/div>\n\t\t\t\t<div class=\"elementor-column elementor-col-50 elementor-top-column elementor-element elementor-element-5f6a34b elementor-hidden-mobile ot-flex-column-vertical\" data-id=\"5f6a34b\" data-element_type=\"column\" data-e-type=\"column\">\n\t\t\t<div class=\"elementor-widget-wrap elementor-element-populated\">\n\t\t\t\t\t\t<div class=\"elementor-element elementor-element-816d099 elementor-widget elementor-widget-iiconbox1\" data-id=\"816d099\" data-element_type=\"widget\" data-e-type=\"widget\" data-widget_type=\"iiconbox1.default\">\n\t\t\t\t<div class=\"elementor-widget-container\">\n\t\t\t\t\t\t\t<div class=\"icon-box icon-box--bg-img icon-box--icon-top icon-box--is-line-hover\">\r\n\t\t\t<div class=\"icon-main\">\r\n\t\t        \t\t\t    \t\t        \t        <\/div>\r\n\t        <div class=\"content-box\">\r\n\t\t        \t\t        <p><\/p>\r\n\t\t\t<\/div>\r\n\t\t\t\t\r\n\t    <\/div>\r\n\t    \t\t\t\t<\/div>\n\t\t\t\t<\/div>\n\t\t\t\t\t<\/div>\n\t\t<\/div>\n\t\t\t\t\t<\/div>\n\t\t<\/section>\n\t\t\t\t<section class=\"elementor-section elementor-top-section elementor-element elementor-element-9db3286 elementor-section-content-middle has-lines-vertical has-lines-vertical-center elementor-section-boxed elementor-section-height-default elementor-section-height-default\" data-id=\"9db3286\" data-element_type=\"section\" data-e-type=\"section\">\n\t\t\t\t\t\t<div class=\"elementor-container elementor-column-gap-extended\">\n\t\t\t\t\t<div class=\"elementor-column elementor-col-50 elementor-top-column elementor-element elementor-element-4914632 ot-flex-column-vertical\" data-id=\"4914632\" data-element_type=\"column\" data-e-type=\"column\">\n\t\t\t<div class=\"elementor-widget-wrap elementor-element-populated\">\n\t\t\t\t\t\t<div class=\"elementor-element elementor-element-6a7fc17 elementor-widget elementor-widget-iiconbox1\" data-id=\"6a7fc17\" data-element_type=\"widget\" data-e-type=\"widget\" data-widget_type=\"iiconbox1.default\">\n\t\t\t\t<div class=\"elementor-widget-container\">\n\t\t\t\t\t\t\t<div class=\"icon-box icon-box--bg-img icon-box--icon-top icon-box--is-line-hover\">\r\n\t\t\t<div class=\"icon-main\">\r\n\t\t        \t\t\t    \t\t        \t        <\/div>\r\n\t        <div class=\"content-box\">\r\n\t\t        \t\t        <p><\/p>\r\n\t\t\t<\/div>\r\n\t\t\t\t\r\n\t    <\/div>\r\n\t    \t\t\t\t<\/div>\n\t\t\t\t<\/div>\n\t\t\t\t\t<\/div>\n\t\t<\/div>\n\t\t\t\t<div class=\"elementor-column elementor-col-50 elementor-top-column elementor-element elementor-element-e2a6c12 ot-flex-column-vertical\" data-id=\"e2a6c12\" data-element_type=\"column\" data-e-type=\"column\">\n\t\t\t<div class=\"elementor-widget-wrap elementor-element-populated\">\n\t\t\t\t\t\t<div class=\"elementor-element elementor-element-4c4a02f elementor-widget elementor-widget-image\" data-id=\"4c4a02f\" data-element_type=\"widget\" data-e-type=\"widget\" data-widget_type=\"image.default\">\n\t\t\t\t\t\t\t\t\t\t\t\t\t\t\t<img decoding=\"async\" width=\"368\" height=\"85\" src=\"https:\/\/ucgegroup.com\/wp-content\/uploads\/2025\/08\/eurometall-yatay-logo_5_11zon-e1756281691538.webp\" class=\"attachment-full size-full wp-image-7975\" alt=\"\" srcset=\"https:\/\/ucgegroup.com\/wp-content\/uploads\/2025\/08\/eurometall-yatay-logo_5_11zon-e1756281691538.webp 368w, https:\/\/ucgegroup.com\/wp-content\/uploads\/2025\/08\/eurometall-yatay-logo_5_11zon-e1756281691538-300x69.webp 300w, https:\/\/ucgegroup.com\/wp-content\/uploads\/2025\/08\/eurometall-yatay-logo_5_11zon-e1756281691538-18x4.webp 18w\" sizes=\"(max-width: 368px) 100vw, 368px\" \/>\t\t\t\t\t\t\t\t\t\t\t\t\t\t\t<\/div>\n\t\t\t\t<div class=\"elementor-element elementor-element-9a831e6 elementor-widget elementor-widget-iheading\" data-id=\"9a831e6\" data-element_type=\"widget\" data-e-type=\"widget\" data-widget_type=\"iheading.default\">\n\t\t\t\t<div class=\"elementor-widget-container\">\n\t\t\t\t\t\t\t<div class=\"ot-heading\">\r\n\t        <span>Her i\u015f yerinde eurometall var<\/span>\t        <h2 class=\"main-heading\">Eurometall<\/h2>\t    <\/div>\r\n\t    \t\t\t\t<\/div>\n\t\t\t\t<\/div>\n\t\t\t\t<div class=\"elementor-element elementor-element-6f0d137 elementor-widget elementor-widget-text-editor\" data-id=\"6f0d137\" data-element_type=\"widget\" data-e-type=\"widget\" data-widget_type=\"text-editor.default\">\n\t\t\t\t\t\t\t\t\tHer zaman yan\u0131n\u0131zda: \u0130\u015finizi kolayla\u015ft\u0131ran ekipman. \u0130\u015fyerinize de\u011fer katman\u0131n kolay yolu. Eurometall, perakende, depolama, lojistik, end\u00fcstriyel, ofis, ya\u015fam ve dekorasyon dahil olmak \u00fczere d\u00fczinelerce kategoride binlerce \u00fcr\u00fcn sunarak i\u015fyerlerine de\u011fer veren t\u00fcm i\u015fletmelere hizmet vermektedir.\n\nEurocar, Eurobox, Eurogate ve Clenns gibi kendi markalar\u0131n\u0131n yan\u0131 s\u0131ra d\u00fcnyan\u0131n \u00f6nde gelen markalar\u0131n\u0131 da hedef sekt\u00f6rlerine ta\u015f\u0131yan Eurometall, yenilik\u00e7i ve fayda odakl\u0131 yakla\u015f\u0131mlar\u0131yla t\u00fcm i\u015fletmelere de\u011fer katmakta ve ekipman \u00e7\u00f6z\u00fcmlerinde T\u00fcrkiye'nin lider markas\u0131 olmaya devam etmektedir.\t\t\t\t\t\t\t\t<\/div>\n\t\t\t\t<div class=\"elementor-element elementor-element-eeef4a3 elementor-widget elementor-widget-ibutton\" data-id=\"eeef4a3\" data-element_type=\"widget\" data-e-type=\"widget\" data-widget_type=\"ibutton.default\">\n\t\t\t\t<div class=\"elementor-widget-container\">\n\t\t\t\t\t\t\t<div class=\"ot-button\">\r\n\t\t\t<a href=\"https:\/\/eurometall.com.tr\/en\" class=\"octf-btn octf-btn-dark\">Web Sitesini G\u00f6r\u00fcnt\u00fcle<\/a>\r\n\t    <\/div>\r\n\t    \t\t\t\t<\/div>\n\t\t\t\t<\/div>\n\t\t\t\t\t<\/div>\n\t\t<\/div>\n\t\t\t\t\t<\/div>\n\t\t<\/section>\n\t\t\t\t<\/div>","protected":false},"excerpt":{"rendered":"<p>Your retail journey starts here \u00dc\u00c7GE Shopfitting &#038; Design Founded in 1976, \u00dc\u00c7GE Store Equipment produces store equipment and shelving systems for all sales points, including world giants, from hypermarkets to DIY markets, from boutiques to pharmacies, from glassware to electronic markets.It continues to maintain its mission as the industry&#8217;s innovative solution partner with the [&hellip;]<\/p>\n","protected":false},"author":1,"featured_media":0,"parent":0,"menu_order":0,"comment_status":"closed","ping_status":"closed","template":"","meta":{"footnotes":""},"class_list":["post-7768","page","type-page","status-publish","hentry"],"_links":{"self":[{"href":"https:\/\/ucgegroup.com\/tr\/wp-json\/wp\/v2\/pages\/7768","targetHints":{"allow":["GET"]}}],"collection":[{"href":"https:\/\/ucgegroup.com\/tr\/wp-json\/wp\/v2\/pages"}],"about":[{"href":"https:\/\/ucgegroup.com\/tr\/wp-json\/wp\/v2\/types\/page"}],"author":[{"embeddable":true,"href":"https:\/\/ucgegroup.com\/tr\/wp-json\/wp\/v2\/users\/1"}],"replies":[{"embeddable":true,"href":"https:\/\/ucgegroup.com\/tr\/wp-json\/wp\/v2\/comments?post=7768"}],"version-history":[{"count":0,"href":"https:\/\/ucgegroup.com\/tr\/wp-json\/wp\/v2\/pages\/7768\/revisions"}],"wp:attachment":[{"href":"https:\/\/ucgegroup.com\/tr\/wp-json\/wp\/v2\/media?parent=7768"}],"curies":[{"name":"wp","href":"https:\/\/api.w.org\/{rel}","templated":true}]}}