{"id":7786,"date":"2025-08-23T13:16:57","date_gmt":"2025-08-23T13:16:57","guid":{"rendered":"https:\/\/ucgegroup.com\/?page_id=7786"},"modified":"2026-01-21T14:02:58","modified_gmt":"2026-01-21T14:02:58","slug":"endustri%cc%87yel-i%cc%87sleme-paketleme-teknoloji%cc%87leri%cc%87","status":"publish","type":"page","link":"https:\/\/ucgegroup.com\/tr\/industrial-processing-packaging-technologies\/","title":{"rendered":"End\u00fcstriyel \u0130\u015fleme ve Paketleme Teknolojileri"},"content":{"rendered":"<div data-elementor-type=\"wp-page\" data-elementor-id=\"7786\" class=\"elementor elementor-7786\" data-elementor-post-type=\"page\">\n\t\t\t\t\t\t<section class=\"elementor-section elementor-top-section elementor-element elementor-element-14cf623 elementor-section-content-middle has-lines-vertical has-lines-vertical-center elementor-section-boxed elementor-section-height-default elementor-section-height-default\" data-id=\"14cf623\" data-element_type=\"section\" data-e-type=\"section\">\n\t\t\t\t\t\t<div class=\"elementor-container elementor-column-gap-extended\">\n\t\t\t\t\t<div class=\"elementor-column elementor-col-50 elementor-top-column elementor-element elementor-element-4be709b ot-flex-column-vertical\" data-id=\"4be709b\" data-element_type=\"column\" data-e-type=\"column\">\n\t\t\t<div class=\"elementor-widget-wrap elementor-element-populated\">\n\t\t\t\t\t\t<div class=\"elementor-element elementor-element-ac5a7be elementor-widget elementor-widget-iiconbox1\" data-id=\"ac5a7be\" data-element_type=\"widget\" data-e-type=\"widget\" data-widget_type=\"iiconbox1.default\">\n\t\t\t\t<div class=\"elementor-widget-container\">\n\t\t\t\t\t\t\t<div class=\"icon-box icon-box--bg-img icon-box--icon-top icon-box--is-line-hover\">\r\n\t\t\t<div class=\"icon-main\">\r\n\t\t        \t\t\t    \t\t        \t        <\/div>\r\n\t        <div class=\"content-box\">\r\n\t\t        \t\t        <p><\/p>\r\n\t\t\t<\/div>\r\n\t\t\t\t\r\n\t    <\/div>\r\n\t    \t\t\t\t<\/div>\n\t\t\t\t<\/div>\n\t\t\t\t\t<\/div>\n\t\t<\/div>\n\t\t\t\t<div class=\"elementor-column elementor-col-50 elementor-top-column elementor-element elementor-element-14a821e ot-flex-column-vertical\" data-id=\"14a821e\" data-element_type=\"column\" data-e-type=\"column\">\n\t\t\t<div class=\"elementor-widget-wrap elementor-element-populated\">\n\t\t\t\t\t\t<div class=\"elementor-element elementor-element-d593c2d elementor-widget elementor-widget-image\" data-id=\"d593c2d\" data-element_type=\"widget\" data-e-type=\"widget\" data-widget_type=\"image.default\">\n\t\t\t\t\t\t\t\t\t\t\t\t\t\t\t<img decoding=\"async\" width=\"378\" height=\"85\" src=\"https:\/\/ucgegroup.com\/wp-content\/uploads\/2025\/12\/elktr.png\" class=\"attachment-full size-full wp-image-7974\" alt=\"\" srcset=\"https:\/\/ucgegroup.com\/wp-content\/uploads\/2025\/12\/elktr.png 378w, https:\/\/ucgegroup.com\/wp-content\/uploads\/2025\/12\/elktr-300x67.png 300w, https:\/\/ucgegroup.com\/wp-content\/uploads\/2025\/12\/elktr-18x4.png 18w\" sizes=\"(max-width: 378px) 100vw, 378px\" \/>\t\t\t\t\t\t\t\t\t\t\t\t\t\t\t<\/div>\n\t\t\t\t<div class=\"elementor-element elementor-element-d9157a3 elementor-widget elementor-widget-iheading\" data-id=\"d9157a3\" data-element_type=\"widget\" data-e-type=\"widget\" data-widget_type=\"iheading.default\">\n\t\t\t\t<div class=\"elementor-widget-container\">\n\t\t\t\t\t\t\t<div class=\"ot-heading\">\r\n\t        <span>100% Do\u011fru \u00dcr\u00fcnler, 100% Do\u011fru \u00c7\u00f6z\u00fcmler<\/span>\t        <h2 class=\"main-heading\">\u00dc\u00c7GE ELEKTRONI\u0307K<\/h2>\t    <\/div>\r\n\t    \t\t\t\t<\/div>\n\t\t\t\t<\/div>\n\t\t\t\t<div class=\"elementor-element elementor-element-91d6cb3 elementor-widget elementor-widget-text-editor\" data-id=\"91d6cb3\" data-element_type=\"widget\" data-e-type=\"widget\" data-widget_type=\"text-editor.default\">\n\t\t\t\t\t\t\t\t\t\u00dc\u00c7GE Elektronik, 1994 y\u0131l\u0131ndan bu yana perakende ve end\u00fcstriyel \u00fcretim sekt\u00f6rlerine teknolojik \u00fcr\u00fcnler tedarik etmektedir\nve alan\u0131nda lider markalar\u0131n T\u00fcrkiye distrib\u00fct\u00f6rl\u00fc\u011f\u00fcn\u00fc yapmaktad\u0131r.\nFirmam\u0131z, her \u00fcr\u00fcn grubunda k\u00fc\u00e7\u00fck, orta ve b\u00fcy\u00fck sanayi i\u015fletmelerine uygun model ve kapasiteler sunarak, hem g\u0131da hem de g\u0131da d\u0131\u015f\u0131 sekt\u00f6rler i\u00e7in end\u00fcstriyel makine \u00e7\u00f6z\u00fcmleri ve sat\u0131\u015f sonras\u0131 teknik servis hizmeti vermeye devam etmektedir.\t\t\t\t\t\t\t\t<\/div>\n\t\t\t\t<div class=\"elementor-element elementor-element-b413d3f elementor-widget elementor-widget-ibutton\" data-id=\"b413d3f\" data-element_type=\"widget\" data-e-type=\"widget\" data-widget_type=\"ibutton.default\">\n\t\t\t\t<div class=\"elementor-widget-container\">\n\t\t\t\t\t\t\t<div class=\"ot-button\">\r\n\t\t\t<a href=\"https:\/\/ucge.com.tr\/en\/solutions\/\" class=\"octf-btn octf-btn-dark\">Web Sitesini G\u00f6r\u00fcnt\u00fcle<\/a>\r\n\t    <\/div>\r\n\t    \t\t\t\t<\/div>\n\t\t\t\t<\/div>\n\t\t\t\t\t<\/div>\n\t\t<\/div>\n\t\t\t\t\t<\/div>\n\t\t<\/section>\n\t\t\t\t<\/div>","protected":false},"excerpt":{"rendered":"<p>100% Right Products, 100% Right Solutions \u00dc\u00c7GE ELECTRONIC Since 1994, \u00dc\u00c7GE Elektronik has been supplying technological products to the retail and industrial production sectors and acting as the Turkey distributor for leading brands in its field. Our company continues to provide industrial machinery solutions and after-sales technical service for both food and non-food industries, offering [&hellip;]<\/p>\n","protected":false},"author":1,"featured_media":0,"parent":0,"menu_order":0,"comment_status":"closed","ping_status":"closed","template":"","meta":{"footnotes":""},"class_list":["post-7786","page","type-page","status-publish","hentry"],"_links":{"self":[{"href":"https:\/\/ucgegroup.com\/tr\/wp-json\/wp\/v2\/pages\/7786","targetHints":{"allow":["GET"]}}],"collection":[{"href":"https:\/\/ucgegroup.com\/tr\/wp-json\/wp\/v2\/pages"}],"about":[{"href":"https:\/\/ucgegroup.com\/tr\/wp-json\/wp\/v2\/types\/page"}],"author":[{"embeddable":true,"href":"https:\/\/ucgegroup.com\/tr\/wp-json\/wp\/v2\/users\/1"}],"replies":[{"embeddable":true,"href":"https:\/\/ucgegroup.com\/tr\/wp-json\/wp\/v2\/comments?post=7786"}],"version-history":[{"count":0,"href":"https:\/\/ucgegroup.com\/tr\/wp-json\/wp\/v2\/pages\/7786\/revisions"}],"wp:attachment":[{"href":"https:\/\/ucgegroup.com\/tr\/wp-json\/wp\/v2\/media?parent=7786"}],"curies":[{"name":"wp","href":"https:\/\/api.w.org\/{rel}","templated":true}]}}