{"id":7823,"date":"2025-08-23T14:14:53","date_gmt":"2025-08-23T14:14:53","guid":{"rendered":"https:\/\/ucgegroup.com\/?page_id=7823"},"modified":"2025-12-18T12:17:55","modified_gmt":"2025-12-18T12:17:55","slug":"surdurulebi%cc%87li%cc%87rli%cc%87k-cevre-teknoloji%cc%87leri%cc%87","status":"publish","type":"page","link":"https:\/\/ucgegroup.com\/tr\/sustainability-environmental-technologies\/","title":{"rendered":"S\u00fcrd\u00fcr\u00fclebilirlik ve \u00c7evre Teknolojileri"},"content":{"rendered":"<div data-elementor-type=\"wp-page\" data-elementor-id=\"7823\" class=\"elementor elementor-7823\" data-elementor-post-type=\"page\">\n\t\t\t\t\t\t<section class=\"elementor-section elementor-top-section elementor-element elementor-element-b7f95ff elementor-section-content-middle has-lines-vertical has-lines-vertical-center elementor-section-boxed elementor-section-height-default elementor-section-height-default\" data-id=\"b7f95ff\" data-element_type=\"section\" data-e-type=\"section\">\n\t\t\t\t\t\t<div class=\"elementor-container elementor-column-gap-extended\">\n\t\t\t\t\t<div class=\"elementor-column elementor-col-50 elementor-top-column elementor-element elementor-element-ae45a81 ot-flex-column-vertical\" data-id=\"ae45a81\" data-element_type=\"column\" data-e-type=\"column\">\n\t\t\t<div class=\"elementor-widget-wrap elementor-element-populated\">\n\t\t\t\t\t\t<div class=\"elementor-element elementor-element-e5bdfdf elementor-widget elementor-widget-iiconbox1\" data-id=\"e5bdfdf\" data-element_type=\"widget\" data-e-type=\"widget\" data-widget_type=\"iiconbox1.default\">\n\t\t\t\t<div class=\"elementor-widget-container\">\n\t\t\t\t\t\t\t<div class=\"icon-box icon-box--bg-img icon-box--icon-top icon-box--is-line-hover\">\r\n\t\t\t<div class=\"icon-main\">\r\n\t\t        \t\t\t    \t\t        \t        <\/div>\r\n\t        <div class=\"content-box\">\r\n\t\t        \t\t        <p><\/p>\r\n\t\t\t<\/div>\r\n\t\t\t\t\r\n\t    <\/div>\r\n\t    \t\t\t\t<\/div>\n\t\t\t\t<\/div>\n\t\t\t\t\t<\/div>\n\t\t<\/div>\n\t\t\t\t<div class=\"elementor-column elementor-col-50 elementor-top-column elementor-element elementor-element-410c041 ot-flex-column-vertical\" data-id=\"410c041\" data-element_type=\"column\" data-e-type=\"column\">\n\t\t\t<div class=\"elementor-widget-wrap elementor-element-populated\">\n\t\t\t\t\t\t<div class=\"elementor-element elementor-element-f44a30a elementor-widget elementor-widget-image\" data-id=\"f44a30a\" data-element_type=\"widget\" data-e-type=\"widget\" data-widget_type=\"image.default\">\n\t\t\t\t\t\t\t\t\t\t\t\t\t\t\t<img decoding=\"async\" width=\"378\" height=\"85\" src=\"https:\/\/ucgegroup.com\/wp-content\/uploads\/2025\/08\/revego-yatay-logo_2_11zon.webp\" class=\"attachment-full size-full wp-image-7978\" alt=\"\" srcset=\"https:\/\/ucgegroup.com\/wp-content\/uploads\/2025\/08\/revego-yatay-logo_2_11zon.webp 378w, https:\/\/ucgegroup.com\/wp-content\/uploads\/2025\/08\/revego-yatay-logo_2_11zon-300x67.webp 300w, https:\/\/ucgegroup.com\/wp-content\/uploads\/2025\/08\/revego-yatay-logo_2_11zon-18x4.webp 18w\" sizes=\"(max-width: 378px) 100vw, 378px\" \/>\t\t\t\t\t\t\t\t\t\t\t\t\t\t\t<\/div>\n\t\t\t\t<div class=\"elementor-element elementor-element-72fa0d8 elementor-widget elementor-widget-iheading\" data-id=\"72fa0d8\" data-element_type=\"widget\" data-e-type=\"widget\" data-widget_type=\"iheading.default\">\n\t\t\t\t<div class=\"elementor-widget-container\">\n\t\t\t\t\t\t\t<div class=\"ot-heading\">\r\n\t        <span>\u00c7evresel \u00c7\u00f6z\u00fcmler ve Teknolojileri<\/span>\t        <h2 class=\"main-heading\">REVEGO<\/h2>\t    <\/div>\r\n\t    \t\t\t\t<\/div>\n\t\t\t\t<\/div>\n\t\t\t\t<div class=\"elementor-element elementor-element-7a6cddf elementor-widget elementor-widget-text-editor\" data-id=\"7a6cddf\" data-element_type=\"widget\" data-e-type=\"widget\" data-widget_type=\"text-editor.default\">\n\t\t\t\t\t\t\t\t\tREVEGO, \u00e7evre teknolojileri ve s\u00fcrd\u00fcr\u00fclebilir \u00e7\u00f6z\u00fcmler arac\u0131l\u0131\u011f\u0131yla daha ye\u015fil ve daha ya\u015fanabilir bir gelecek yaratmaya adanm\u0131\u015f bir markad\u0131r.\n\nREVEGO'da teknolojiyi daha iyi bir gelecek in\u015fa etmek i\u00e7in kullan\u0131yoruz. Biz sadece bir depozito iade makinesi \u00fcreticisi de\u011filiz; veri odakl\u0131 sistemler yaratan, geri d\u00f6n\u00fc\u015f\u00fcm\u00fc g\u00f6r\u00fcn\u00fcr k\u0131lan ve \u00e7evresel iyile\u015ftirme i\u00e7in sosyal fark\u0131ndal\u0131\u011f\u0131 art\u0131ran bir markay\u0131z.\t\t\t\t\t\t\t\t<\/div>\n\t\t\t\t<div class=\"elementor-element elementor-element-bbfb076 elementor-widget elementor-widget-ibutton\" data-id=\"bbfb076\" data-element_type=\"widget\" data-e-type=\"widget\" data-widget_type=\"ibutton.default\">\n\t\t\t\t<div class=\"elementor-widget-container\">\n\t\t\t\t\t\t\t<div class=\"ot-button\">\r\n\t\t\t<a href=\"https:\/\/revego.net\/en\" class=\"octf-btn octf-btn-dark\">Web Sitesini G\u00f6r\u00fcnt\u00fcle<\/a>\r\n\t    <\/div>\r\n\t    \t\t\t\t<\/div>\n\t\t\t\t<\/div>\n\t\t\t\t\t<\/div>\n\t\t<\/div>\n\t\t\t\t\t<\/div>\n\t\t<\/section>\n\t\t\t\t<section class=\"elementor-section elementor-top-section elementor-element elementor-element-34ffffb elementor-section-content-middle has-lines-vertical has-lines-vertical-center elementor-section-boxed elementor-section-height-default elementor-section-height-default\" data-id=\"34ffffb\" data-element_type=\"section\" data-e-type=\"section\">\n\t\t\t\t\t\t<div class=\"elementor-container elementor-column-gap-extended\">\n\t\t\t\t\t<div class=\"elementor-column elementor-col-50 elementor-top-column elementor-element elementor-element-666dfc2 ot-flex-column-vertical\" data-id=\"666dfc2\" data-element_type=\"column\" data-e-type=\"column\">\n\t\t\t<div class=\"elementor-widget-wrap elementor-element-populated\">\n\t\t\t\t\t\t<div class=\"elementor-element elementor-element-628a188 elementor-hidden-desktop elementor-hidden-tablet elementor-widget elementor-widget-iiconbox1\" data-id=\"628a188\" data-element_type=\"widget\" data-e-type=\"widget\" data-widget_type=\"iiconbox1.default\">\n\t\t\t\t<div class=\"elementor-widget-container\">\n\t\t\t\t\t\t\t<div class=\"icon-box icon-box--bg-img icon-box--icon-top icon-box--is-line-hover\">\r\n\t\t\t<div class=\"icon-main\">\r\n\t\t        \t\t\t    \t\t        \t        <\/div>\r\n\t        <div class=\"content-box\">\r\n\t\t        \t\t        <p><\/p>\r\n\t\t\t<\/div>\r\n\t\t\t\t\r\n\t    <\/div>\r\n\t    \t\t\t\t<\/div>\n\t\t\t\t<\/div>\n\t\t\t\t<div class=\"elementor-element elementor-element-5cde083 elementor-widget elementor-widget-image\" data-id=\"5cde083\" data-element_type=\"widget\" data-e-type=\"widget\" data-widget_type=\"image.default\">\n\t\t\t\t\t\t\t\t\t\t\t\t\t\t\t<img decoding=\"async\" width=\"378\" height=\"85\" src=\"https:\/\/ucgegroup.com\/wp-content\/uploads\/2025\/08\/bluxone-yatay-logo_11zon.webp\" class=\"attachment-full size-full wp-image-8013\" alt=\"\" srcset=\"https:\/\/ucgegroup.com\/wp-content\/uploads\/2025\/08\/bluxone-yatay-logo_11zon.webp 378w, https:\/\/ucgegroup.com\/wp-content\/uploads\/2025\/08\/bluxone-yatay-logo_11zon-300x67.webp 300w, https:\/\/ucgegroup.com\/wp-content\/uploads\/2025\/08\/bluxone-yatay-logo_11zon-18x4.webp 18w\" sizes=\"(max-width: 378px) 100vw, 378px\" \/>\t\t\t\t\t\t\t\t\t\t\t\t\t\t\t<\/div>\n\t\t\t\t<div class=\"elementor-element elementor-element-d9a3368 elementor-widget elementor-widget-iheading\" data-id=\"d9a3368\" data-element_type=\"widget\" data-e-type=\"widget\" data-widget_type=\"iheading.default\">\n\t\t\t\t<div class=\"elementor-widget-container\">\n\t\t\t\t\t\t\t<div class=\"ot-heading\">\r\n\t        <span>Ak\u0131ll\u0131 \u00c7\u00f6z\u00fcmler<\/span>\t        <h2 class=\"main-heading\">blu.xone <\/h2>\t    <\/div>\r\n\t    \t\t\t\t<\/div>\n\t\t\t\t<\/div>\n\t\t\t\t<div class=\"elementor-element elementor-element-079fb0a elementor-widget__width-inherit elementor-widget elementor-widget-text-editor\" data-id=\"079fb0a\" data-element_type=\"widget\" data-e-type=\"widget\" data-widget_type=\"text-editor.default\">\n\t\t\t\t\t\t\t\t\tDaha temiz bir d\u00fcnya i\u00e7in \u00e7evresel s\u00fcrd\u00fcr\u00fclebilirlik ilkesini benimsiyoruz. Gereksiz ka\u011f\u0131t kullan\u0131m\u0131ndan kaynaklanan \u00e7evresel etkileri azaltmak, \u015firketlerin operasyonel h\u0131z\u0131n\u0131 art\u0131rmak, maksimum i\u015f verimlili\u011fi sa\u011flamak ve do\u011fru bilgi ak\u0131\u015f\u0131 sa\u011flamak i\u00e7in yola \u00e7\u0131kt\u0131k.\n\n\u00dc\u00c7GE \u00e7at\u0131s\u0131 alt\u0131nda faaliyet g\u00f6steren REVEGO markam\u0131z ve blu.xone ile de\u011fer katan yeni nesil IoT \u00e7\u00f6z\u00fcmleri geli\u015ftiriyoruz. Sekt\u00f6re sundu\u011fumuz teknolojiler, \u015firketimizin yenilik\u00e7i yakla\u015f\u0131m\u0131n\u0131 ve marka de\u011ferlerini yans\u0131t\u0131rken, g\u00fc\u00e7l\u00fc bir bulut ekosistemi ile i\u015fbirli\u011fi i\u00e7inde hayata ge\u00e7iriliyor.\t\t\t\t\t\t\t\t<\/div>\n\t\t\t\t<div class=\"elementor-element elementor-element-44261e8 elementor-widget elementor-widget-ibutton\" data-id=\"44261e8\" data-element_type=\"widget\" data-e-type=\"widget\" data-widget_type=\"ibutton.default\">\n\t\t\t\t<div class=\"elementor-widget-container\">\n\t\t\t\t\t\t\t<div class=\"ot-button\">\r\n\t\t\t<a href=\"https:\/\/bluxone.net\/en\" class=\"octf-btn octf-btn-dark\">Web Sitesini G\u00f6r\u00fcnt\u00fcle<\/a>\r\n\t    <\/div>\r\n\t    \t\t\t\t<\/div>\n\t\t\t\t<\/div>\n\t\t\t\t\t<\/div>\n\t\t<\/div>\n\t\t\t\t<div class=\"elementor-column elementor-col-50 elementor-top-column elementor-element elementor-element-13cc258 elementor-hidden-mobile ot-flex-column-vertical\" data-id=\"13cc258\" data-element_type=\"column\" data-e-type=\"column\">\n\t\t\t<div class=\"elementor-widget-wrap elementor-element-populated\">\n\t\t\t\t\t\t<div class=\"elementor-element elementor-element-d44b20f elementor-widget elementor-widget-iiconbox1\" data-id=\"d44b20f\" data-element_type=\"widget\" data-e-type=\"widget\" data-widget_type=\"iiconbox1.default\">\n\t\t\t\t<div class=\"elementor-widget-container\">\n\t\t\t\t\t\t\t<div class=\"icon-box icon-box--bg-img icon-box--icon-top icon-box--is-line-hover\">\r\n\t\t\t<div class=\"icon-main\">\r\n\t\t        \t\t\t    \t\t        \t        <\/div>\r\n\t        <div class=\"content-box\">\r\n\t\t        \t\t        <p><\/p>\r\n\t\t\t<\/div>\r\n\t\t\t\t\r\n\t    <\/div>\r\n\t    \t\t\t\t<\/div>\n\t\t\t\t<\/div>\n\t\t\t\t\t<\/div>\n\t\t<\/div>\n\t\t\t\t\t<\/div>\n\t\t<\/section>\n\t\t\t\t<\/div>","protected":false},"excerpt":{"rendered":"<p>Environmental Solutions &#038; Tecnologies REVEGO REVEGO is a brand dedicated to creating a greener and more livable future through environmental technologies and sustainable solutions. At REVEGO, we use technology to build a better future. We are not just a manufacturer of deposit return machines; we are a brand that creates data-driven systems, makes recycling visible, [&hellip;]<\/p>\n","protected":false},"author":1,"featured_media":0,"parent":0,"menu_order":0,"comment_status":"closed","ping_status":"closed","template":"","meta":{"footnotes":""},"class_list":["post-7823","page","type-page","status-publish","hentry"],"_links":{"self":[{"href":"https:\/\/ucgegroup.com\/tr\/wp-json\/wp\/v2\/pages\/7823","targetHints":{"allow":["GET"]}}],"collection":[{"href":"https:\/\/ucgegroup.com\/tr\/wp-json\/wp\/v2\/pages"}],"about":[{"href":"https:\/\/ucgegroup.com\/tr\/wp-json\/wp\/v2\/types\/page"}],"author":[{"embeddable":true,"href":"https:\/\/ucgegroup.com\/tr\/wp-json\/wp\/v2\/users\/1"}],"replies":[{"embeddable":true,"href":"https:\/\/ucgegroup.com\/tr\/wp-json\/wp\/v2\/comments?post=7823"}],"version-history":[{"count":0,"href":"https:\/\/ucgegroup.com\/tr\/wp-json\/wp\/v2\/pages\/7823\/revisions"}],"wp:attachment":[{"href":"https:\/\/ucgegroup.com\/tr\/wp-json\/wp\/v2\/media?parent=7823"}],"curies":[{"name":"wp","href":"https:\/\/api.w.org\/{rel}","templated":true}]}}