{"id":7934,"date":"2025-08-26T12:43:03","date_gmt":"2025-08-26T12:43:03","guid":{"rendered":"https:\/\/ucgegroup.com\/?page_id=7934"},"modified":"2025-12-17T14:37:11","modified_gmt":"2025-12-17T14:37:11","slug":"kurucu","status":"publish","type":"page","link":"https:\/\/ucgegroup.com\/tr\/our-founder\/","title":{"rendered":"Kurucumuz"},"content":{"rendered":"<div data-elementor-type=\"wp-page\" data-elementor-id=\"7934\" class=\"elementor elementor-7934\" data-elementor-post-type=\"page\">\n\t\t\t\t<div class=\"elementor-element elementor-element-8474675 e-flex e-con-boxed e-con e-parent\" data-id=\"8474675\" data-element_type=\"container\" data-e-type=\"container\" data-settings=\"{&quot;background_background&quot;:&quot;classic&quot;}\">\n\t\t\t\t\t<div class=\"e-con-inner\">\n\t\t<div class=\"elementor-element elementor-element-3deb258 e-con-full e-flex e-con e-child\" data-id=\"3deb258\" data-element_type=\"container\" data-e-type=\"container\" data-settings=\"{&quot;background_background&quot;:&quot;classic&quot;}\">\n\t\t\t\t<div class=\"elementor-element elementor-element-2d536eb elementor-widget elementor-widget-heading\" data-id=\"2d536eb\" data-element_type=\"widget\" data-e-type=\"widget\" data-widget_type=\"heading.default\">\n\t\t\t\t\t<h2 class=\"elementor-heading-title elementor-size-default\">G\u00d6K\u00c7\u0130N ARAS<\/h2>\t\t\t\t<\/div>\n\t\t\t\t<div class=\"elementor-element elementor-element-165aa71 elementor-widget__width-initial elementor-widget elementor-widget-text-editor\" data-id=\"165aa71\" data-element_type=\"widget\" data-e-type=\"widget\" data-widget_type=\"text-editor.default\">\n\t\t\t\t\t\t\t\t\t<p>Merhum kurucumuz G\u00f6k\u00e7in Aras, T\u00fcrkiye'nin ma\u011faza ekipmanlar\u0131 ve depo raf sistemleri sekt\u00f6r\u00fcnde bir\u00e7ok ilke imza atan \u00f6nc\u00fc bir i\u015f lideri olarak kal\u0131c\u0131 bir miras b\u0131rakt\u0131. D\u00fcnyaca \u00fcnl\u00fc \u015firketlerin g\u00fcvendi\u011fi k\u00fcresel bir marka yaratt\u0131 ve sekt\u00f6re y\u00f6n verdi. Ekibiyle birlikte hayata ge\u00e7irdi\u011fi idealleri ve yenilik\u00e7i vizyonu, markam\u0131z\u0131n yolculu\u011funda bize ilham vermeye devam ediyor.<\/p><p>G\u00f6k\u00e7in Aras, 1954 y\u0131l\u0131nda Ardahan'\u0131n G\u00f6le il\u00e7esinde do\u011fdu. K\u00f6y Enstit\u00fcs\u00fc mezunu ve \u00f6\u011fretmen olan babas\u0131n\u0131n tayini nedeniyle aile 1967 y\u0131l\u0131nda Bursa'ya ta\u015f\u0131nd\u0131. G\u00f6k\u00e7in Aras, 13 ya\u015f\u0131ndan itibaren Bursa'da ya\u015fad\u0131, orta ve lise \u00f6\u011frenimini burada tamamlad\u0131. Daha sonra Bursa E\u011fitim Enstit\u00fcs\u00fc T\u00fcrk Dili ve Edebiyat\u0131 B\u00f6l\u00fcm\u00fc'nden mezun oldu.<\/p><p>E\u011fitiminin yan\u0131 s\u0131ra Ankara \u00dcniversitesi Hukuk Fak\u00fcltesi'nde de \u00f6\u011frenim g\u00f6rd\u00fc. Perakende yolculu\u011funa 1976 y\u0131l\u0131nda Bursa'da k\u00fc\u00e7\u00fck bir raf at\u00f6lyesi ile ba\u015flayan G\u00f6k\u00e7in Aras, \u00dc\u00c7GE markas\u0131 ile sekt\u00f6rde 46 y\u0131l\u0131 geride b\u0131rakt\u0131. Ba\u015far\u0131l\u0131 bir i\u015fadam\u0131 olarak T\u00dcG\u0130AD, GES\u0130AD ve KES\u0130AD gibi \u00e7e\u015fitli sivil toplum kurulu\u015flar\u0131n\u0131n yap\u0131lanmas\u0131nda aktif rol oynad\u0131. Tutkulu bir spor tutkunu olan Aras, Bursaspor'un y\u00f6netim kurulunda ba\u015fkan yard\u0131mc\u0131s\u0131 olarak g\u00f6rev yapt\u0131 ve farkl\u0131 zamanlarda \u00e7e\u015fitli y\u00f6neticilik pozisyonlar\u0131nda bulundu. Voleybol 1. Ligi'nde m\u00fccadele eden Emniyet Spor'un da bir d\u00f6nem ba\u015fkanl\u0131\u011f\u0131n\u0131 yapt\u0131.<\/p>\t\t\t\t\t\t\t\t<\/div>\n\t\t\t\t<\/div>\n\t\t<div class=\"elementor-element elementor-element-659127b e-con-full e-flex e-con e-child\" data-id=\"659127b\" data-element_type=\"container\" data-e-type=\"container\">\n\t\t\t\t<div class=\"elementor-element elementor-element-46d8b67 elementor-widget elementor-widget-image\" data-id=\"46d8b67\" data-element_type=\"widget\" data-e-type=\"widget\" data-widget_type=\"image.default\">\n\t\t\t\t\t\t\t\t\t\t\t\t\t\t\t<img fetchpriority=\"high\" decoding=\"async\" width=\"875\" height=\"947\" src=\"https:\/\/ucgegroup.com\/wp-content\/uploads\/2025\/08\/gokcin_04-e1756217762384.webp\" class=\"attachment-full size-full wp-image-7957\" alt=\"\" srcset=\"https:\/\/ucgegroup.com\/wp-content\/uploads\/2025\/08\/gokcin_04-e1756217762384.webp 875w, https:\/\/ucgegroup.com\/wp-content\/uploads\/2025\/08\/gokcin_04-e1756217762384-277x300.webp 277w, https:\/\/ucgegroup.com\/wp-content\/uploads\/2025\/08\/gokcin_04-e1756217762384-768x831.webp 768w, https:\/\/ucgegroup.com\/wp-content\/uploads\/2025\/08\/gokcin_04-e1756217762384-11x12.webp 11w\" sizes=\"(max-width: 875px) 100vw, 875px\" \/>\t\t\t\t\t\t\t\t\t\t\t\t\t\t\t<\/div>\n\t\t\t\t<\/div>\n\t\t\t\t\t<\/div>\n\t\t\t\t<\/div>\n\t\t\t\t<section class=\"elementor-section elementor-top-section elementor-element elementor-element-3358fc3 elementor-section-content-middle elementor-section-boxed elementor-section-height-default elementor-section-height-default\" data-id=\"3358fc3\" data-element_type=\"section\" data-e-type=\"section\" data-settings=\"{&quot;background_background&quot;:&quot;classic&quot;}\">\n\t\t\t\t\t\t<div class=\"elementor-container elementor-column-gap-no\">\n\t\t\t\t\t<div class=\"elementor-column elementor-col-50 elementor-top-column elementor-element elementor-element-56bb625 ot-flex-column-vertical\" data-id=\"56bb625\" data-element_type=\"column\" data-e-type=\"column\">\n\t\t\t<div class=\"elementor-widget-wrap elementor-element-populated\">\n\t\t\t\t\t\t<div class=\"elementor-element elementor-element-2ceec39 elementor-widget elementor-widget-image\" data-id=\"2ceec39\" data-element_type=\"widget\" data-e-type=\"widget\" data-widget_type=\"image.default\">\n\t\t\t\t\t\t\t\t\t\t\t\t\t\t\t<img decoding=\"async\" width=\"886\" height=\"1000\" src=\"https:\/\/ucgegroup.com\/wp-content\/uploads\/2025\/08\/gokcin-aras-03.webp\" class=\"attachment-full size-full wp-image-7965\" alt=\"\" srcset=\"https:\/\/ucgegroup.com\/wp-content\/uploads\/2025\/08\/gokcin-aras-03.webp 886w, https:\/\/ucgegroup.com\/wp-content\/uploads\/2025\/08\/gokcin-aras-03-266x300.webp 266w, https:\/\/ucgegroup.com\/wp-content\/uploads\/2025\/08\/gokcin-aras-03-768x867.webp 768w, https:\/\/ucgegroup.com\/wp-content\/uploads\/2025\/08\/gokcin-aras-03-11x12.webp 11w\" sizes=\"(max-width: 886px) 100vw, 886px\" \/>\t\t\t\t\t\t\t\t\t\t\t\t\t\t\t<\/div>\n\t\t\t\t\t<\/div>\n\t\t<\/div>\n\t\t\t\t<div class=\"elementor-column elementor-col-50 elementor-top-column elementor-element elementor-element-b759128 ot-flex-column-vertical\" data-id=\"b759128\" data-element_type=\"column\" data-e-type=\"column\" data-settings=\"{&quot;background_background&quot;:&quot;classic&quot;}\">\n\t\t\t<div class=\"elementor-widget-wrap elementor-element-populated\">\n\t\t\t\t\t\t<section class=\"elementor-section elementor-inner-section elementor-element elementor-element-1eb9dd3 elementor-section-boxed elementor-section-height-default elementor-section-height-default\" data-id=\"1eb9dd3\" data-element_type=\"section\" data-e-type=\"section\">\n\t\t\t\t\t\t<div class=\"elementor-container elementor-column-gap-default\">\n\t\t\t\t\t<div class=\"elementor-column elementor-col-100 elementor-inner-column elementor-element elementor-element-cb1002c ot-flex-column-vertical\" data-id=\"cb1002c\" data-element_type=\"column\" data-e-type=\"column\">\n\t\t\t<div class=\"elementor-widget-wrap elementor-element-populated\">\n\t\t\t\t\t\t<div class=\"elementor-element elementor-element-b3c118c elementor-widget elementor-widget-text-editor\" data-id=\"b3c118c\" data-element_type=\"widget\" data-e-type=\"widget\" data-widget_type=\"text-editor.default\">\n\t\t\t\t\t\t\t\t\tE\u011fitimci bir aileden gelen ve e\u011fitime b\u00fcy\u00fck \u00f6nem veren G\u00f6k\u00e7in Aras, \u201c\u00c7ocuklar\u0131m\u0131z gelece\u011fimizdir\u201d ilkesiyle annesi ad\u0131na Ardahan \u00c7obanl\u0131 K\u00f6y\u00fc'nde Hayriye Aras \u0130lk\u00f6\u011fretim Okulu'nu, kendisi gibi \u00f6\u011fretmen olan babas\u0131 ad\u0131na da Bursa Be\u015fevler'de \u00d6\u011fretmen Mehmet Aras \u0130lk\u00f6\u011fretim Okulu'nu yapt\u0131rd\u0131.\n\nSosyal sorumluluk kapsam\u0131nda spor, k\u00fclt\u00fcr, sanat ve daha bir\u00e7ok alanda \u00e7ocuklar\u0131m\u0131za, gen\u00e7lerimize ve \u00fclkemize katk\u0131 sa\u011flamak en b\u00fcy\u00fck hedeflerinden biri olmu\u015ftur. G\u00f6k\u00e7in Aras, kurucusu oldu\u011fu \u00dc\u00c7GE Grup \u015eirketleri'nin Y\u00f6netim Kurulu Ba\u015fkanl\u0131\u011f\u0131 ve 2016-2022 y\u0131llar\u0131 aras\u0131nda GPD (G\u0131da Perakendecileri Derne\u011fi) Y\u00f6netim Kurulu \u00dcyeli\u011fi g\u00f6revlerinde bulundu. G\u00f6k\u00e7in Aras taraf\u0131ndan G\u00fc\u00e7 G\u00fcven G\u00f6rkem ilkeleriyle kurulan \u00dc\u00c7GE, bug\u00fcn perakende, lojistik ve sanayi sekt\u00f6rlerinin d\u00fcnyadaki \u00f6nemli tedarik\u00e7ileri aras\u0131nda yer al\u0131yor.\n\nT\u00fcrk bakkaliye ve g\u0131da perakendecili\u011fi tarihine ad\u0131n\u0131 yazd\u0131ran \u00dc\u00c7GE'nin hikayesi ve kurucusu G\u00f6k\u00e7in Aras'\u0131n ekibiyle birlikte hayata ge\u00e7irdi\u011fi idealler; d\u00fcnya markas\u0131 olma yolunda ilerleyen \u00fcreticilere ilham vermeye devam ediyor.\t\t\t\t\t\t\t\t<\/div>\n\t\t\t\t\t<\/div>\n\t\t<\/div>\n\t\t\t\t\t<\/div>\n\t\t<\/section>\n\t\t\t\t\t<\/div>\n\t\t<\/div>\n\t\t\t\t\t<\/div>\n\t\t<\/section>\n\t\t\t\t<\/div>","protected":false},"excerpt":{"rendered":"<p>G\u00d6K\u00c7\u0130N ARAS Our late founder, G\u00f6k\u00e7in Aras, left a lasting legacy as a pioneering business leader who introduced many firsts in Turkey&#8217;s store equipment and warehouse racking systems industry. He created a global brand trusted by world-renowned companies and set the direction for the industry. The ideals and innovative vision he brought to life with [&hellip;]<\/p>\n","protected":false},"author":1,"featured_media":0,"parent":0,"menu_order":0,"comment_status":"closed","ping_status":"closed","template":"","meta":{"footnotes":""},"class_list":["post-7934","page","type-page","status-publish","hentry"],"_links":{"self":[{"href":"https:\/\/ucgegroup.com\/tr\/wp-json\/wp\/v2\/pages\/7934","targetHints":{"allow":["GET"]}}],"collection":[{"href":"https:\/\/ucgegroup.com\/tr\/wp-json\/wp\/v2\/pages"}],"about":[{"href":"https:\/\/ucgegroup.com\/tr\/wp-json\/wp\/v2\/types\/page"}],"author":[{"embeddable":true,"href":"https:\/\/ucgegroup.com\/tr\/wp-json\/wp\/v2\/users\/1"}],"replies":[{"embeddable":true,"href":"https:\/\/ucgegroup.com\/tr\/wp-json\/wp\/v2\/comments?post=7934"}],"version-history":[{"count":0,"href":"https:\/\/ucgegroup.com\/tr\/wp-json\/wp\/v2\/pages\/7934\/revisions"}],"wp:attachment":[{"href":"https:\/\/ucgegroup.com\/tr\/wp-json\/wp\/v2\/media?parent=7934"}],"curies":[{"name":"wp","href":"https:\/\/api.w.org\/{rel}","templated":true}]}}