{"id":8033,"date":"2025-08-27T09:11:55","date_gmt":"2025-08-27T09:11:55","guid":{"rendered":"https:\/\/ucgegroup.com\/?page_id=8033"},"modified":"2025-12-23T12:54:55","modified_gmt":"2025-12-23T12:54:55","slug":"di%cc%87ji%cc%87tal-donusum","status":"publish","type":"page","link":"https:\/\/ucgegroup.com\/tr\/digital-transformation\/","title":{"rendered":"Dijital D\u00f6n\u00fc\u015f\u00fcm"},"content":{"rendered":"<div data-elementor-type=\"wp-page\" data-elementor-id=\"8033\" class=\"elementor elementor-8033\" data-elementor-post-type=\"page\">\n\t\t\t\t\t\t<section class=\"elementor-section elementor-top-section elementor-element elementor-element-6d14056 elementor-section-content-middle has-lines-vertical has-lines-vertical-center elementor-section-boxed elementor-section-height-default elementor-section-height-default\" data-id=\"6d14056\" data-element_type=\"section\" data-e-type=\"section\">\n\t\t\t\t\t\t<div class=\"elementor-container elementor-column-gap-extended\">\n\t\t\t\t\t<div class=\"elementor-column elementor-col-50 elementor-top-column elementor-element elementor-element-562dfc5 ot-flex-column-vertical\" data-id=\"562dfc5\" data-element_type=\"column\" data-e-type=\"column\">\n\t\t\t<div class=\"elementor-widget-wrap elementor-element-populated\">\n\t\t\t\t\t\t<div class=\"elementor-element elementor-element-ac36752 elementor-widget elementor-widget-iiconbox1\" data-id=\"ac36752\" data-element_type=\"widget\" data-e-type=\"widget\" data-widget_type=\"iiconbox1.default\">\n\t\t\t\t<div class=\"elementor-widget-container\">\n\t\t\t\t\t\t\t<div class=\"icon-box icon-box--bg-img icon-box--icon-top icon-box--is-line-hover\">\r\n\t\t\t<div class=\"icon-main\">\r\n\t\t        \t\t\t    \t\t        \t        <\/div>\r\n\t        <div class=\"content-box\">\r\n\t\t        \t\t        <p><\/p>\r\n\t\t\t<\/div>\r\n\t\t\t\t\r\n\t    <\/div>\r\n\t    \t\t\t\t<\/div>\n\t\t\t\t<\/div>\n\t\t\t\t\t<\/div>\n\t\t<\/div>\n\t\t\t\t<div class=\"elementor-column elementor-col-50 elementor-top-column elementor-element elementor-element-ae4adaa ot-flex-column-vertical\" data-id=\"ae4adaa\" data-element_type=\"column\" data-e-type=\"column\">\n\t\t\t<div class=\"elementor-widget-wrap elementor-element-populated\">\n\t\t\t\t\t\t<div class=\"elementor-element elementor-element-7a398bd elementor-widget elementor-widget-text-editor\" data-id=\"7a398bd\" data-element_type=\"widget\" data-e-type=\"widget\" data-widget_type=\"text-editor.default\">\n\t\t\t\t\t\t\t\t\t<p data-start=\"40\" data-end=\"448\">Dijital d\u00f6n\u00fc\u015f\u00fcm sadece teknolojik bir y\u00fckseltme de\u011fil; i\u015f s\u00fcre\u00e7lerimizin, kurum k\u00fclt\u00fcr\u00fcm\u00fcz\u00fcn ve stratejik vizyonumuzun tamamen yeniden tasarlanmas\u0131d\u0131r. \u00dc\u00c7GE Grup olarak dijitalle\u015fmeyi s\u00fcrd\u00fcr\u00fclebilir ba\u015far\u0131ya ula\u015fman\u0131n temel ta\u015f\u0131 olarak g\u00f6r\u00fcyoruz. Teknolojiyi sadece anlayan de\u011fil, ayn\u0131 zamanda strateji ile uyumlu hale getiren ve s\u00fcre\u00e7lerimize derinlemesine entegre eden bir organizasyon olmaya kararl\u0131y\u0131z.<\/p><p data-start=\"450\" data-end=\"881\">Dijital d\u00f6n\u00fc\u015f\u00fcm yolculu\u011fumuzda att\u0131\u011f\u0131m\u0131z her ad\u0131m gelece\u011fe duydu\u011fumuz g\u00fcveni yans\u0131t\u0131yor. Teknolojiyi operasyonlar\u0131m\u0131z\u0131n merkezine yerle\u015ftirirken, ger\u00e7ek ba\u015far\u0131n\u0131n insan\u0131 merkeze alan bir k\u00fclt\u00fcrel d\u00f6n\u00fc\u015f\u00fcmden ge\u00e7ti\u011finin de fark\u0131nday\u0131z. Bu nedenle organizasyonumuzu, d\u00f6n\u00fc\u015f\u00fcm s\u00fcrecini do\u011frudan \u00fcst y\u00f6netime raporlayacak, stratejik y\u00f6neti\u015fimimizi ve h\u0131zl\u0131 karar alma mekanizmalar\u0131m\u0131z\u0131 g\u00fc\u00e7lendirecek \u015fekilde yeniden yap\u0131land\u0131rd\u0131k.<\/p>\t\t\t\t\t\t\t\t<\/div>\n\t\t\t\t\t<\/div>\n\t\t<\/div>\n\t\t\t\t\t<\/div>\n\t\t<\/section>\n\t\t\t\t<section class=\"elementor-section elementor-top-section elementor-element elementor-element-baa211b elementor-section-content-middle has-lines-vertical has-lines-vertical-center elementor-section-boxed elementor-section-height-default elementor-section-height-default\" data-id=\"baa211b\" data-element_type=\"section\" data-e-type=\"section\">\n\t\t\t\t\t\t<div class=\"elementor-container elementor-column-gap-extended\">\n\t\t\t\t\t<div class=\"elementor-column elementor-col-50 elementor-top-column elementor-element elementor-element-21349dd ot-flex-column-vertical\" data-id=\"21349dd\" data-element_type=\"column\" data-e-type=\"column\">\n\t\t\t<div class=\"elementor-widget-wrap elementor-element-populated\">\n\t\t\t\t\t\t<div class=\"elementor-element elementor-element-835d4ef elementor-hidden-desktop elementor-hidden-tablet elementor-widget elementor-widget-iiconbox1\" data-id=\"835d4ef\" data-element_type=\"widget\" data-e-type=\"widget\" data-widget_type=\"iiconbox1.default\">\n\t\t\t\t<div class=\"elementor-widget-container\">\n\t\t\t\t\t\t\t<div class=\"icon-box icon-box--bg-img icon-box--icon-top icon-box--is-line-hover\">\r\n\t\t\t<div class=\"icon-main\">\r\n\t\t        \t\t\t    \t\t        \t        <\/div>\r\n\t        <div class=\"content-box\">\r\n\t\t        \t\t        <p><\/p>\r\n\t\t\t<\/div>\r\n\t\t\t\t\r\n\t    <\/div>\r\n\t    \t\t\t\t<\/div>\n\t\t\t\t<\/div>\n\t\t\t\t<div class=\"elementor-element elementor-element-e6afca4 elementor-widget elementor-widget-text-editor\" data-id=\"e6afca4\" data-element_type=\"widget\" data-e-type=\"widget\" data-widget_type=\"text-editor.default\">\n\t\t\t\t\t\t\t\t\t<p data-start=\"883\" data-end=\"1202\">\u00c7al\u0131\u015fanlar\u0131m\u0131z\u0131 her projeye kilit kullan\u0131c\u0131 olarak dahil ediyor, elektronik \u00f6\u011frenme sistemimiz \u00fczerinden verdi\u011fimiz dijital okuryazarl\u0131k ve fark\u0131ndal\u0131k e\u011fitimleriyle yetkinliklerini art\u0131r\u0131yoruz. \u0130nsan sermayemize yapt\u0131\u011f\u0131m\u0131z bu yat\u0131r\u0131mla dijital fikirlerin geli\u015fimini destekliyor ve d\u00f6n\u00fc\u015f\u00fcm\u00fcm\u00fcz\u00fcn s\u00fcrd\u00fcr\u00fclebilirli\u011fini sa\u011fl\u0131yoruz.<\/p><p data-start=\"1204\" data-end=\"1397\">Dijital D\u00f6n\u00fc\u015f\u00fcm Olgunluk Analizimizi ve Siber G\u00fcvenlik Olgunluk Analizimizi tamamlad\u0131k ve bu de\u011ferlendirmelerden elde edilen i\u00e7g\u00f6r\u00fclere dayal\u0131 eylem planlar\u0131n\u0131 uygulamaya ba\u015flad\u0131k.<\/p><p data-start=\"1399\" data-end=\"1815\">Sa\u011flam bir BT altyap\u0131s\u0131 olu\u015fturmak i\u00e7in ERP ve merkezi veri taban\u0131 sistemlerimizi yeniliyor ve 2026 y\u0131l\u0131 ba\u015f\u0131nda devreye almay\u0131 hedefliyoruz. Ayn\u0131 zamanda yapay zeka projelerimizin de ilk ad\u0131mlar\u0131n\u0131 att\u0131k. BI raporlama sistemimiz, CRM altyap\u0131m\u0131z ve \u201c\u00dc\u00c7GE Yapay Zeka\u201d giri\u015fimlerimiz bu \u00e7al\u0131\u015fmalar\u0131n temelini olu\u015fturuyor. Bu projeleri \u00f6n\u00fcm\u00fczdeki iki y\u0131l i\u00e7inde hayata ge\u00e7irmeyi hedefliyoruz.<\/p>\t\t\t\t\t\t\t\t<\/div>\n\t\t\t\t\t<\/div>\n\t\t<\/div>\n\t\t\t\t<div class=\"elementor-column elementor-col-50 elementor-top-column elementor-element elementor-element-1cf25b7 ot-flex-column-vertical\" data-id=\"1cf25b7\" data-element_type=\"column\" data-e-type=\"column\">\n\t\t\t<div class=\"elementor-widget-wrap elementor-element-populated\">\n\t\t\t\t\t\t<div class=\"elementor-element elementor-element-d6b39ae elementor-hidden-mobile elementor-widget elementor-widget-iiconbox1\" data-id=\"d6b39ae\" data-element_type=\"widget\" data-e-type=\"widget\" data-widget_type=\"iiconbox1.default\">\n\t\t\t\t<div class=\"elementor-widget-container\">\n\t\t\t\t\t\t\t<div class=\"icon-box icon-box--bg-img icon-box--icon-top icon-box--is-line-hover\">\r\n\t\t\t<div class=\"icon-main\">\r\n\t\t        \t\t\t    \t\t        \t        <\/div>\r\n\t        <div class=\"content-box\">\r\n\t\t        \t\t        <p><\/p>\r\n\t\t\t<\/div>\r\n\t\t\t\t\r\n\t    <\/div>\r\n\t    \t\t\t\t<\/div>\n\t\t\t\t<\/div>\n\t\t\t\t\t<\/div>\n\t\t<\/div>\n\t\t\t\t\t<\/div>\n\t\t<\/section>\n\t\t\t\t<section class=\"elementor-section elementor-top-section elementor-element elementor-element-7b36762 elementor-section-content-middle has-lines-vertical has-lines-vertical-center elementor-section-boxed elementor-section-height-default elementor-section-height-default\" data-id=\"7b36762\" data-element_type=\"section\" data-e-type=\"section\">\n\t\t\t\t\t\t<div class=\"elementor-container elementor-column-gap-extended\">\n\t\t\t\t\t<div class=\"elementor-column elementor-col-50 elementor-top-column elementor-element elementor-element-44cc2d6 ot-flex-column-vertical\" data-id=\"44cc2d6\" data-element_type=\"column\" data-e-type=\"column\">\n\t\t\t<div class=\"elementor-widget-wrap elementor-element-populated\">\n\t\t\t\t\t\t<div class=\"elementor-element elementor-element-4a03c2e elementor-widget elementor-widget-iiconbox1\" data-id=\"4a03c2e\" data-element_type=\"widget\" data-e-type=\"widget\" data-widget_type=\"iiconbox1.default\">\n\t\t\t\t<div class=\"elementor-widget-container\">\n\t\t\t\t\t\t\t<div class=\"icon-box icon-box--bg-img icon-box--icon-top icon-box--is-line-hover\">\r\n\t\t\t<div class=\"icon-main\">\r\n\t\t        \t\t\t    \t\t        \t        <\/div>\r\n\t        <div class=\"content-box\">\r\n\t\t        \t\t        <p><\/p>\r\n\t\t\t<\/div>\r\n\t\t\t\t\r\n\t    <\/div>\r\n\t    \t\t\t\t<\/div>\n\t\t\t\t<\/div>\n\t\t\t\t\t<\/div>\n\t\t<\/div>\n\t\t\t\t<div class=\"elementor-column elementor-col-50 elementor-top-column elementor-element elementor-element-51bc078 ot-flex-column-vertical\" data-id=\"51bc078\" data-element_type=\"column\" data-e-type=\"column\">\n\t\t\t<div class=\"elementor-widget-wrap elementor-element-populated\">\n\t\t\t\t\t\t<div class=\"elementor-element elementor-element-2f3d3e6 elementor-widget elementor-widget-text-editor\" data-id=\"2f3d3e6\" data-element_type=\"widget\" data-e-type=\"widget\" data-widget_type=\"text-editor.default\">\n\t\t\t\t\t\t\t\t\t<p data-start=\"1817\" data-end=\"2085\">Ka\u011f\u0131ts\u0131z ofis hedefimiz do\u011frultusunda, tekrar eden g\u00f6revleri ortadan kald\u0131r\u0131yor ve i\u015f ak\u0131\u015flar\u0131m\u0131z\u0131 dijitalle\u015ftiriyoruz. M\u00fc\u015fteri ihtiya\u00e7lar\u0131n\u0131n belirlenmesinden \u00fcr\u00fcn tasar\u0131m\u0131na ve fiyat teklifine kadar ge\u00e7en s\u00fcreyi yaln\u0131zca birka\u00e7 saate indirecek \u015fekilde tasarlanan projelerle hem h\u0131z hem de \u00e7eviklik kazan\u0131yoruz.<\/p><p data-start=\"2087\" data-end=\"2363\">\u00dcretim s\u00fcre\u00e7lerimizde dijitalle\u015fme, hatalar\u0131 an\u0131nda tespit etmemize ve fire oranlar\u0131n\u0131 en aza indirmemize olanak sa\u011fl\u0131yor. T\u00fcm i\u015f s\u00fcre\u00e7lerinde u\u00e7tan uca dijitalle\u015fmeyi sa\u011flayarak dijital k\u00fclt\u00fcr\u00fc kurumsal DNA'm\u0131za entegre ediyor ve s\u00fcrd\u00fcr\u00fclebilir bir d\u00f6n\u00fc\u015f\u00fcm in\u015fa ediyoruz.<\/p><p data-start=\"2365\" data-end=\"2521\" data-is-last-node=\"\" data-is-only-node=\"\">\u00dc\u00c7GE'de dijital d\u00f6n\u00fc\u015f\u00fcm\u00fc sadece bir teknoloji yat\u0131r\u0131m\u0131 olarak de\u011fil, gelece\u011fi \u015fekillendiren ve merkezine insan\u0131 koyan bir liderlik alan\u0131 olarak g\u00f6r\u00fcyoruz.<\/p>\t\t\t\t\t\t\t\t<\/div>\n\t\t\t\t\t<\/div>\n\t\t<\/div>\n\t\t\t\t\t<\/div>\n\t\t<\/section>\n\t\t\t\t<\/div>","protected":false},"excerpt":{"rendered":"<p>Digital transformation is not merely a technological upgrade; it is a complete redesign of our business processes, corporate culture, and strategic vision. As \u00dc\u00c7GE Group, we consider digitalization to be the cornerstone of achieving sustainable success. We are committed to becoming an organization that not only understands technology but aligns it with strategy and deeply [&hellip;]<\/p>\n","protected":false},"author":1,"featured_media":0,"parent":0,"menu_order":0,"comment_status":"closed","ping_status":"closed","template":"","meta":{"footnotes":""},"class_list":["post-8033","page","type-page","status-publish","hentry"],"_links":{"self":[{"href":"https:\/\/ucgegroup.com\/tr\/wp-json\/wp\/v2\/pages\/8033","targetHints":{"allow":["GET"]}}],"collection":[{"href":"https:\/\/ucgegroup.com\/tr\/wp-json\/wp\/v2\/pages"}],"about":[{"href":"https:\/\/ucgegroup.com\/tr\/wp-json\/wp\/v2\/types\/page"}],"author":[{"embeddable":true,"href":"https:\/\/ucgegroup.com\/tr\/wp-json\/wp\/v2\/users\/1"}],"replies":[{"embeddable":true,"href":"https:\/\/ucgegroup.com\/tr\/wp-json\/wp\/v2\/comments?post=8033"}],"version-history":[{"count":0,"href":"https:\/\/ucgegroup.com\/tr\/wp-json\/wp\/v2\/pages\/8033\/revisions"}],"wp:attachment":[{"href":"https:\/\/ucgegroup.com\/tr\/wp-json\/wp\/v2\/media?parent=8033"}],"curies":[{"name":"wp","href":"https:\/\/api.w.org\/{rel}","templated":true}]}}