{"id":8057,"date":"2025-08-27T09:27:42","date_gmt":"2025-08-27T09:27:42","guid":{"rendered":"https:\/\/ucgegroup.com\/?page_id=8057"},"modified":"2025-12-23T13:40:50","modified_gmt":"2025-12-23T13:40:50","slug":"insan","status":"publish","type":"page","link":"https:\/\/ucgegroup.com\/tr\/human\/","title":{"rendered":"\u0130nsan"},"content":{"rendered":"<div data-elementor-type=\"wp-page\" data-elementor-id=\"8057\" class=\"elementor elementor-8057\" data-elementor-post-type=\"page\">\n\t\t\t\t\t\t<section class=\"elementor-section elementor-top-section elementor-element elementor-element-f41eab6 elementor-section-content-middle has-lines-vertical has-lines-vertical-center elementor-section-boxed elementor-section-height-default elementor-section-height-default\" data-id=\"f41eab6\" data-element_type=\"section\" data-e-type=\"section\">\n\t\t\t\t\t\t<div class=\"elementor-container elementor-column-gap-extended\">\n\t\t\t\t\t<div class=\"elementor-column elementor-col-50 elementor-top-column elementor-element elementor-element-30fbe77 ot-flex-column-vertical\" data-id=\"30fbe77\" data-element_type=\"column\" data-e-type=\"column\">\n\t\t\t<div class=\"elementor-widget-wrap elementor-element-populated\">\n\t\t\t\t\t\t<div class=\"elementor-element elementor-element-1726389 elementor-widget elementor-widget-iheading\" data-id=\"1726389\" data-element_type=\"widget\" data-e-type=\"widget\" data-widget_type=\"iheading.default\">\n\t\t\t\t<div class=\"elementor-widget-container\">\n\t\t\t\t\t\t\t<div class=\"ot-heading\">\r\n\t        <span>BU YOL B\u0130RL\u0130KTE Y\u00dcR\u00dcMEYE DE\u011eER<\/span>\t        <h2 class=\"main-heading\">\u00dc\u00c7GE'li olmak<\/h2>\t    <\/div>\r\n\t    \t\t\t\t<\/div>\n\t\t\t\t<\/div>\n\t\t\t\t<div class=\"elementor-element elementor-element-9b3a9bc elementor-widget__width-initial elementor-widget elementor-widget-text-editor\" data-id=\"9b3a9bc\" data-element_type=\"widget\" data-e-type=\"widget\" data-widget_type=\"text-editor.default\">\n\t\t\t\t\t\t\t\t\t<p>K\u00f6kl\u00fc kurum k\u00fclt\u00fcr\u00fcm\u00fcz\u00fc, \u2018ba\u015far\u0131 birlikte \u00e7al\u0131\u015fmaktan ge\u00e7er\u2019 felsefemizin rehberli\u011finde, insan merkezli bir \u00e7al\u0131\u015fan deneyimi ile somutla\u015ft\u0131r\u0131yoruz. \u0130nsan Kaynaklar\u0131 politikam\u0131z, nitelikli ve fark yaratan yetenekleri \u00dc\u00c7GE'ye kazand\u0131rmay\u0131, ekip \u00fcyelerimizin ki\u015fisel ve mesleki geli\u015fimlerini s\u00fcrekli desteklemeyi, \u015feffaf ve adil uygulamalarla y\u00fcksek motivasyon sa\u011flamay\u0131 ve kapsay\u0131c\u0131 bir \u00e7al\u0131\u015fma ortam\u0131nda ortak ba\u015far\u0131 \u00fcretmeyi hedeflemektedir. \u00dc\u00c7GE'li olmak; dayan\u0131\u015fma, yenilik\u00e7ilik ve s\u00fcrekli geli\u015fimin bir arada oldu\u011fu, bireysel katk\u0131lar\u0131n \u015firketimizin s\u00fcrd\u00fcr\u00fclebilir ba\u015far\u0131s\u0131na d\u00f6n\u00fc\u015ft\u00fc\u011f\u00fc bir yolculu\u011fun par\u00e7as\u0131 olmak demektir.<\/p>\t\t\t\t\t\t\t\t<\/div>\n\t\t\t\t\t<\/div>\n\t\t<\/div>\n\t\t\t\t<div class=\"elementor-column elementor-col-50 elementor-top-column elementor-element elementor-element-fcd85ae ot-flex-column-vertical\" data-id=\"fcd85ae\" data-element_type=\"column\" data-e-type=\"column\">\n\t\t\t<div class=\"elementor-widget-wrap elementor-element-populated\">\n\t\t\t\t\t\t<div class=\"elementor-element elementor-element-e235414 elementor-widget elementor-widget-iiconbox1\" data-id=\"e235414\" data-element_type=\"widget\" data-e-type=\"widget\" data-widget_type=\"iiconbox1.default\">\n\t\t\t\t<div class=\"elementor-widget-container\">\n\t\t\t\t\t\t\t<div class=\"icon-box icon-box--bg-img icon-box--icon-top icon-box--is-line-hover\">\r\n\t\t\t<div class=\"icon-main\">\r\n\t\t        \t\t\t    \t\t        \t        <\/div>\r\n\t        <div class=\"content-box\">\r\n\t\t        \t\t        <p><\/p>\r\n\t\t\t<\/div>\r\n\t\t\t\t\r\n\t    <\/div>\r\n\t    \t\t\t\t<\/div>\n\t\t\t\t<\/div>\n\t\t\t\t\t<\/div>\n\t\t<\/div>\n\t\t\t\t\t<\/div>\n\t\t<\/section>\n\t\t\t\t<section class=\"elementor-section elementor-top-section elementor-element elementor-element-5d7bdbf elementor-section-boxed elementor-section-height-default elementor-section-height-default\" data-id=\"5d7bdbf\" data-element_type=\"section\" data-e-type=\"section\">\n\t\t\t\t\t\t<div class=\"elementor-container elementor-column-gap-extended\">\n\t\t\t\t\t<div class=\"elementor-column elementor-col-100 elementor-top-column elementor-element elementor-element-2c98516 ot-flex-column-vertical\" data-id=\"2c98516\" data-element_type=\"column\" data-e-type=\"column\">\n\t\t\t<div class=\"elementor-widget-wrap elementor-element-populated\">\n\t\t\t\t\t\t<div class=\"elementor-element elementor-element-7c72dba theratio-align-center elementor-widget elementor-widget-iheading\" data-id=\"7c72dba\" data-element_type=\"widget\" data-e-type=\"widget\" data-widget_type=\"iheading.default\">\n\t\t\t\t<div class=\"elementor-widget-container\">\n\t\t\t\t\t\t\t<div class=\"ot-heading\">\r\n\t        <span>Gelece\u011fe de\u011fer<\/span>\t        <h2 class=\"main-heading\">\u00dc\u00c7GE'de Ya\u015fam<\/h2>\t    <\/div>\r\n\t    \t\t\t\t<\/div>\n\t\t\t\t<\/div>\n\t\t\t\t\t<\/div>\n\t\t<\/div>\n\t\t\t\t\t<\/div>\n\t\t<\/section>\n\t\t\t\t<section class=\"elementor-section elementor-top-section elementor-element elementor-element-a27c4be elementor-section-boxed elementor-section-height-default elementor-section-height-default\" data-id=\"a27c4be\" data-element_type=\"section\" data-e-type=\"section\">\n\t\t\t\t\t\t<div class=\"elementor-container elementor-column-gap-extended\">\n\t\t\t\t\t<div class=\"elementor-column elementor-col-100 elementor-top-column elementor-element elementor-element-3dffebb ot-flex-column-vertical\" data-id=\"3dffebb\" data-element_type=\"column\" data-e-type=\"column\">\n\t\t\t<div class=\"elementor-widget-wrap elementor-element-populated\">\n\t\t\t\t\t\t<section class=\"elementor-section elementor-inner-section elementor-element elementor-element-05358cc elementor-section-full_width elementor-section-height-default elementor-section-height-default\" data-id=\"05358cc\" data-element_type=\"section\" data-e-type=\"section\">\n\t\t\t\t\t\t<div class=\"elementor-container elementor-column-gap-extended\">\n\t\t\t\t\t<div class=\"elementor-column elementor-col-50 elementor-inner-column elementor-element elementor-element-4b1dc0e ot-flex-column-vertical\" data-id=\"4b1dc0e\" data-element_type=\"column\" data-e-type=\"column\">\n\t\t\t<div class=\"elementor-widget-wrap elementor-element-populated\">\n\t\t\t\t\t\t<div class=\"elementor-element elementor-element-d422733 elementor-widget__width-initial elementor-widget elementor-widget-iiconbox2\" data-id=\"d422733\" data-element_type=\"widget\" data-e-type=\"widget\" data-widget_type=\"iiconbox2.default\">\n\t\t\t\t<div class=\"elementor-widget-container\">\n\t\t\t\t\t\t\t<div class=\"icon-box icon-box--classic icon-box--icon-top\">\r\n\t\t\t<div class=\"icon-main\">\r\n\t\t        \t\t\t    <img decoding=\"async\" src=\"https:\/\/ucgegroup.com\/wp-content\/uploads\/elementor\/thumbs\/1-2-rbjzlohiktd9l407ry50b48xu16v2v4w47aannvg9s.png\" title=\"1 2\" alt=\"1 2\" loading=\"lazy\" \/>\t\t        \t        <\/div>\r\n\t        <div class=\"content-box\">\r\n\t\t        <h5 class=\"icon-box-title\">\u00c7e\u015fitlilik, E\u015fitlik ve Kapsay\u0131c\u0131l\u0131k (DEI)<\/h5>\t\t        <p>\u00dc\u00c7GE'de \u00e7e\u015fitlili\u011fi daha iyi kararlar, daha y\u00fcksek ba\u011fl\u0131l\u0131k ve s\u00fcrd\u00fcr\u00fclebilir ba\u015far\u0131 i\u00e7in stratejik bir g\u00fc\u00e7 olarak g\u00f6r\u00fcyoruz. Cinsiyet e\u015fitli\u011fini, nesiller aras\u0131 i\u015fbirli\u011fini ve farkl\u0131 deneyimleri destekleyen e\u011fitim ve istihdam programlar\u0131yla, \u00fcretimden ofise kadar her alanda kapsay\u0131c\u0131l\u0131\u011f\u0131 g\u00fc\u00e7lendiriyoruz. F\u0131rsat e\u015fitli\u011fi, adil de\u011ferlendirme ve sayg\u0131l\u0131 ileti\u015fim g\u00fcnl\u00fck faaliyetlerimizin temelini olu\u015fturuyor.\n<\/p>\r\n\t\t\t<\/div>\r\n\t    <\/div>\r\n\t    \t\t\t\t<\/div>\n\t\t\t\t<\/div>\n\t\t\t\t\t<\/div>\n\t\t<\/div>\n\t\t\t\t<div class=\"elementor-column elementor-col-50 elementor-inner-column elementor-element elementor-element-488c8fa ot-flex-column-vertical\" data-id=\"488c8fa\" data-element_type=\"column\" data-e-type=\"column\">\n\t\t\t<div class=\"elementor-widget-wrap elementor-element-populated\">\n\t\t\t\t\t\t<div class=\"elementor-element elementor-element-2a8e7f6 elementor-widget__width-initial elementor-widget elementor-widget-iiconbox2\" data-id=\"2a8e7f6\" data-element_type=\"widget\" data-e-type=\"widget\" data-widget_type=\"iiconbox2.default\">\n\t\t\t\t<div class=\"elementor-widget-container\">\n\t\t\t\t\t\t\t<div class=\"icon-box icon-box--classic icon-box--icon-top\">\r\n\t\t\t<div class=\"icon-main\">\r\n\t\t        \t\t\t    <img decoding=\"async\" src=\"https:\/\/ucgegroup.com\/wp-content\/uploads\/elementor\/thumbs\/2-2-rbjzlmlu75aoxw2y2xbr64q0n9g4ngxffxzbp3y8m8.png\" title=\"2 2\" alt=\"2 2\" loading=\"lazy\" \/>\t\t        \t        <\/div>\r\n\t        <div class=\"content-box\">\r\n\t\t        <h5 class=\"icon-box-title\">\u00c7al\u0131\u015fma K\u00fclt\u00fcr\u00fc<\/h5>\t\t        <p>\u00dc\u00c7GE'de \u00e7al\u0131\u015fma k\u00fclt\u00fcr\u00fcm\u00fcz verimlilik, i\u015fyeri g\u00fcvenli\u011fi ve kar\u015f\u0131l\u0131kl\u0131 sayg\u0131 \u00fczerine in\u015fa edilmi\u015ftir. Periyodik etkinliklerle motivasyonu destekliyor, \u015feffaf ve eri\u015filebilir s\u00fcre\u00e7lerle dengeli bir \u00e7al\u0131\u015fma ortam\u0131 sa\u011fl\u0131yoruz. \u00c7al\u0131\u015fanlar\u0131m\u0131z\u0131n geli\u015fimini destekleyen e\u011fitim olanaklar\u0131 sunarak ve s\u00fcrekli ileti\u015fimi te\u015fvik ederek g\u00fc\u00e7l\u00fc bir ekip ruhu yarat\u0131yoruz. Bu sayede ortak hedeflerimize birlikte, g\u00fcvenle ve kararl\u0131l\u0131kla ilerliyoruz.<\/p>\r\n\t\t\t<\/div>\r\n\t    <\/div>\r\n\t    \t\t\t\t<\/div>\n\t\t\t\t<\/div>\n\t\t\t\t\t<\/div>\n\t\t<\/div>\n\t\t\t\t\t<\/div>\n\t\t<\/section>\n\t\t\t\t<section class=\"elementor-section elementor-inner-section elementor-element elementor-element-5e05027 elementor-section-full_width elementor-section-height-default elementor-section-height-default\" data-id=\"5e05027\" data-element_type=\"section\" data-e-type=\"section\">\n\t\t\t\t\t\t<div class=\"elementor-container elementor-column-gap-extended\">\n\t\t\t\t\t<div class=\"elementor-column elementor-col-50 elementor-inner-column elementor-element elementor-element-3cf3789 ot-flex-column-vertical\" data-id=\"3cf3789\" data-element_type=\"column\" data-e-type=\"column\">\n\t\t\t<div class=\"elementor-widget-wrap elementor-element-populated\">\n\t\t\t\t\t\t<div class=\"elementor-element elementor-element-8a6cbfd elementor-widget elementor-widget-iiconbox2\" data-id=\"8a6cbfd\" data-element_type=\"widget\" data-e-type=\"widget\" data-widget_type=\"iiconbox2.default\">\n\t\t\t\t<div class=\"elementor-widget-container\">\n\t\t\t\t\t\t\t<div class=\"icon-box icon-box--classic icon-box--icon-top\">\r\n\t\t\t<div class=\"icon-main\">\r\n\t\t        \t\t\t    <img decoding=\"async\" src=\"https:\/\/ucgegroup.com\/wp-content\/uploads\/elementor\/thumbs\/3-1-rbjzllo00b9ema4b8ex4lmyk1vkrfrtp3tbu7tzmsg.png\" title=\"3 1\" alt=\"3 1\" loading=\"lazy\" \/>\t\t        \t        <\/div>\r\n\t        <div class=\"content-box\">\r\n\t\t        <h5 class=\"icon-box-title\">\u00d6\u011frenme ve Geli\u015fim<\/h5>\t\t        <p>\u00dc\u00c7GE'de \u00f6\u011frenme ve geli\u015fimi insana yap\u0131lan stratejik bir yat\u0131r\u0131m olarak g\u00f6r\u00fcyoruz. \u00c7al\u0131\u015fanlar\u0131m\u0131z\u0131n teknik ve ki\u015fisel geli\u015fimlerini destekliyor, g\u00fcncel yakla\u015f\u0131mlar\u0131 programlar\u0131m\u0131za entegre ediyor, farkl\u0131 \u00f6\u011frenme stillerini dikkate al\u0131yor ve \u00e7e\u015fitlendirilmi\u015f \u00f6\u011frenme kanallar\u0131ndan yararlan\u0131yoruz. Bu s\u00fcre\u00e7te \u00e7al\u0131\u015fanlar\u0131m\u0131z\u0131n potansiyelini ortaya \u00e7\u0131karan f\u0131rsatlar yarat\u0131yor ve gelece\u011fin liderleri olmalar\u0131 i\u00e7in onlar\u0131 cesaretlendiriyoruz. Bu sayede s\u00fcrekli geli\u015fimi kurum k\u00fclt\u00fcr\u00fcm\u00fcz\u00fcn vazge\u00e7ilmez bir par\u00e7as\u0131 haline getiriyoruz.<\/p>\r\n\t\t\t<\/div>\r\n\t    <\/div>\r\n\t    \t\t\t\t<\/div>\n\t\t\t\t<\/div>\n\t\t\t\t\t<\/div>\n\t\t<\/div>\n\t\t\t\t<div class=\"elementor-column elementor-col-50 elementor-inner-column elementor-element elementor-element-02768b6 ot-flex-column-vertical\" data-id=\"02768b6\" data-element_type=\"column\" data-e-type=\"column\">\n\t\t\t<div class=\"elementor-widget-wrap elementor-element-populated\">\n\t\t\t\t\t\t<div class=\"elementor-element elementor-element-48296f8 elementor-widget__width-initial elementor-widget elementor-widget-iiconbox2\" data-id=\"48296f8\" data-element_type=\"widget\" data-e-type=\"widget\" data-widget_type=\"iiconbox2.default\">\n\t\t\t\t<div class=\"elementor-widget-container\">\n\t\t\t\t\t\t\t<div class=\"icon-box icon-box--classic icon-box--icon-top\">\r\n\t\t\t<div class=\"icon-main\">\r\n\t\t        \t\t\t    <img decoding=\"async\" src=\"https:\/\/ucgegroup.com\/wp-content\/uploads\/elementor\/thumbs\/4-1-rbjzljsbmn6tz271je3vgnfmv3u10dm8fk0v9a2f4w.png\" title=\"4 (1)\" alt=\"4 (1)\" loading=\"lazy\" \/>\t\t        \t        <\/div>\r\n\t        <div class=\"content-box\">\r\n\t\t        <h5 class=\"icon-box-title\">Davran\u0131\u015fsal G\u00f6stergeler<\/h5>\t\t        <p>\u00dc\u00c7GE'de k\u00fclt\u00fcr\u00fcm\u00fcz\u00fc ayakta tutan ve \u00e7al\u0131\u015fma \u015feklimizi tan\u0131mlayan ortak davran\u0131\u015flar, de\u011ferlerimizin ve ilkelerimizin somut ifadesidir.\n<p>\n\u00dc\u00c7GE \u00e7al\u0131\u015fanlar\u0131 olarak her zaman m\u00fc\u015fteri ve payda\u015f odakl\u0131 bir yakla\u015f\u0131m benimsiyor, kurumsal sorumluluk bilinciyle hareket ediyoruz. G\u00fcven ortam\u0131 yaratmay\u0131 ve i\u015f birli\u011fini geli\u015ftirmeyi \u00f6n planda tutuyor, inovasyonu benimseyerek geli\u015fime \u00f6nc\u00fcl\u00fck ediyor ve s\u00fcrd\u00fcr\u00fclebilir de\u011fer yaratmay\u0131 ana hedefimiz olarak g\u00f6r\u00fcyoruz. Dijital ara\u00e7lar\u0131 etkin bir \u015fekilde kullanarak i\u015f s\u00fcre\u00e7lerinde fark yarat\u0131yoruz.<\/p>\r\n\t\t\t<\/div>\r\n\t    <\/div>\r\n\t    \t\t\t\t<\/div>\n\t\t\t\t<\/div>\n\t\t\t\t\t<\/div>\n\t\t<\/div>\n\t\t\t\t\t<\/div>\n\t\t<\/section>\n\t\t\t\t\t<\/div>\n\t\t<\/div>\n\t\t\t\t\t<\/div>\n\t\t<\/section>\n\t\t\t\t<section class=\"elementor-section elementor-top-section elementor-element elementor-element-a7cd6e6 elementor-section-content-middle has-lines-vertical has-lines-vertical-center elementor-section-boxed elementor-section-height-default elementor-section-height-default\" data-id=\"a7cd6e6\" data-element_type=\"section\" data-e-type=\"section\">\n\t\t\t\t\t\t<div class=\"elementor-container elementor-column-gap-extended\">\n\t\t\t\t\t<div class=\"elementor-column elementor-col-50 elementor-top-column elementor-element elementor-element-a3faab6 ot-flex-column-vertical\" data-id=\"a3faab6\" data-element_type=\"column\" data-e-type=\"column\">\n\t\t\t<div class=\"elementor-widget-wrap elementor-element-populated\">\n\t\t\t\t\t\t<div class=\"elementor-element elementor-element-081b701 elementor-widget elementor-widget-iiconbox1\" data-id=\"081b701\" data-element_type=\"widget\" data-e-type=\"widget\" data-widget_type=\"iiconbox1.default\">\n\t\t\t\t<div class=\"elementor-widget-container\">\n\t\t\t\t\t\t\t<div class=\"icon-box icon-box--bg-img icon-box--icon-top icon-box--is-line-hover\">\r\n\t\t\t<div class=\"icon-main\">\r\n\t\t        \t\t\t    \t\t        \t        <\/div>\r\n\t        <div class=\"content-box\">\r\n\t\t        \t\t        <p><\/p>\r\n\t\t\t<\/div>\r\n\t\t\t\t\r\n\t    <\/div>\r\n\t    \t\t\t\t<\/div>\n\t\t\t\t<\/div>\n\t\t\t\t\t<\/div>\n\t\t<\/div>\n\t\t\t\t<div class=\"elementor-column elementor-col-50 elementor-top-column elementor-element elementor-element-8fff8c4 ot-flex-column-vertical\" data-id=\"8fff8c4\" data-element_type=\"column\" data-e-type=\"column\">\n\t\t\t<div class=\"elementor-widget-wrap elementor-element-populated\">\n\t\t\t\t\t\t<div class=\"elementor-element elementor-element-4ae99b9 elementor-widget elementor-widget-iheading\" data-id=\"4ae99b9\" data-element_type=\"widget\" data-e-type=\"widget\" data-widget_type=\"iheading.default\">\n\t\t\t\t<div class=\"elementor-widget-container\">\n\t\t\t\t\t\t\t<div class=\"ot-heading\">\r\n\t        <span>Gelece\u011fe de\u011fer<\/span>\t        <h2 class=\"main-heading\">Kurumsal Sosyal Sorumluluk<\/h2>\t    <\/div>\r\n\t    \t\t\t\t<\/div>\n\t\t\t\t<\/div>\n\t\t\t\t<div class=\"elementor-element elementor-element-c2a3320 elementor-widget__width-initial elementor-widget elementor-widget-text-editor\" data-id=\"c2a3320\" data-element_type=\"widget\" data-e-type=\"widget\" data-widget_type=\"text-editor.default\">\n\t\t\t\t\t\t\t\t\t<p>Toplumsal katk\u0131y\u0131 kurum k\u00fclt\u00fcr\u00fcm\u00fcz\u00fcn ayr\u0131lmaz bir par\u00e7as\u0131 olarak g\u00f6r\u00fcyoruz. Y\u0131l boyunca d\u00fczenledi\u011fimiz etkinlikler, g\u00f6n\u00fcll\u00fcl\u00fck projeleri ve payda\u015flar\u0131m\u0131zla ger\u00e7ekle\u015ftirdi\u011fimiz i\u015fbirlikleriyle hem sosyal sorumluluk bilincini g\u00fc\u00e7lendiriyor hem de toplum i\u00e7in kal\u0131c\u0131 de\u011fer yarat\u0131yoruz. Katk\u0131da bulundu\u011fumuz her ad\u0131mda \u201cbirlikte yaratman\u0131n\u201d g\u00fcc\u00fcne inan\u0131yor ve faydalar\u0131n\u0131 toplumla payla\u015farak daha geni\u015f bir etki yarat\u0131yoruz.<\/p><p>E\u011fitimden \u00e7evreye, sa\u011fl\u0131ktan toplumsal cinsiyet e\u015fitli\u011fine kadar bireylerin ve toplumun hayat\u0131na dokunan sorumluluklar \u00fcstleniyoruz. T\u00fcm \u00e7al\u0131\u015fmalar\u0131m\u0131zda s\u00fcrd\u00fcr\u00fclebilirli\u011fi \u00f6n planda tutuyor, gelece\u011fe daha g\u00fc\u00e7l\u00fc ve bilin\u00e7li bir miras b\u0131rakmay\u0131 hedefliyoruz. \u00c7\u00fcnk\u00fc biliyoruz ki topluma yap\u0131lan her katk\u0131 asl\u0131nda ortak gelece\u011fimiz i\u00e7in at\u0131lm\u0131\u015f bir ad\u0131md\u0131r.<\/p>\t\t\t\t\t\t\t\t<\/div>\n\t\t\t\t\t<\/div>\n\t\t<\/div>\n\t\t\t\t\t<\/div>\n\t\t<\/section>\n\t\t\t\t<\/div>","protected":false},"excerpt":{"rendered":"<p>THIS ROAD IS WORTH WALKING TOGETHER Being a part of \u00dc\u00c7GE We embody our long-standing organisational culture with a people-centred employee experience, guided by our philosophy that \u2018success is about working together\u2019. Our Human Resources policy aims to attract qualified and distinctive talents to \u00dc\u00c7GE, continuously support the personal and professional development of our team [&hellip;]<\/p>\n","protected":false},"author":1,"featured_media":0,"parent":0,"menu_order":0,"comment_status":"closed","ping_status":"closed","template":"","meta":{"footnotes":""},"class_list":["post-8057","page","type-page","status-publish","hentry"],"_links":{"self":[{"href":"https:\/\/ucgegroup.com\/tr\/wp-json\/wp\/v2\/pages\/8057","targetHints":{"allow":["GET"]}}],"collection":[{"href":"https:\/\/ucgegroup.com\/tr\/wp-json\/wp\/v2\/pages"}],"about":[{"href":"https:\/\/ucgegroup.com\/tr\/wp-json\/wp\/v2\/types\/page"}],"author":[{"embeddable":true,"href":"https:\/\/ucgegroup.com\/tr\/wp-json\/wp\/v2\/users\/1"}],"replies":[{"embeddable":true,"href":"https:\/\/ucgegroup.com\/tr\/wp-json\/wp\/v2\/comments?post=8057"}],"version-history":[{"count":0,"href":"https:\/\/ucgegroup.com\/tr\/wp-json\/wp\/v2\/pages\/8057\/revisions"}],"wp:attachment":[{"href":"https:\/\/ucgegroup.com\/tr\/wp-json\/wp\/v2\/media?parent=8057"}],"curies":[{"name":"wp","href":"https:\/\/api.w.org\/{rel}","templated":true}]}}