{"id":8165,"date":"2025-08-28T13:53:23","date_gmt":"2025-08-28T13:53:23","guid":{"rendered":"https:\/\/ucgegroup.com\/?page_id=8165"},"modified":"2025-12-17T14:50:54","modified_gmt":"2025-12-17T14:50:54","slug":"politikalar","status":"publish","type":"page","link":"https:\/\/ucgegroup.com\/tr\/policies\/","title":{"rendered":"Politikalar"},"content":{"rendered":"<div data-elementor-type=\"wp-page\" data-elementor-id=\"8165\" class=\"elementor elementor-8165\" data-elementor-post-type=\"page\">\n\t\t\t\t\t\t<section class=\"elementor-section elementor-top-section elementor-element elementor-element-f4c5082 elementor-section-content-middle has-lines-vertical has-lines-vertical-center elementor-section-boxed elementor-section-height-default elementor-section-height-default\" data-id=\"f4c5082\" data-element_type=\"section\" data-e-type=\"section\">\n\t\t\t\t\t\t<div class=\"elementor-container elementor-column-gap-extended\">\n\t\t\t\t\t<div class=\"elementor-column elementor-col-50 elementor-top-column elementor-element elementor-element-bac3e8b ot-flex-column-vertical\" data-id=\"bac3e8b\" data-element_type=\"column\" data-e-type=\"column\">\n\t\t\t<div class=\"elementor-widget-wrap elementor-element-populated\">\n\t\t\t\t\t\t<div class=\"elementor-element elementor-element-c2863fb elementor-widget elementor-widget-iheading\" data-id=\"c2863fb\" data-element_type=\"widget\" data-e-type=\"widget\" data-widget_type=\"iheading.default\">\n\t\t\t\t<div class=\"elementor-widget-container\">\n\t\t\t\t\t\t\t<div class=\"ot-heading\">\r\n\t        <span>M\u00fckemmellik Kalite ile Ba\u015flar<\/span>\t        <h2 class=\"main-heading\">Kalite Politikalar\u0131<\/h2>\t    <\/div>\r\n\t    \t\t\t\t<\/div>\n\t\t\t\t<\/div>\n\t\t\t\t<div class=\"elementor-element elementor-element-d947ae5 elementor-hidden-desktop elementor-hidden-tablet elementor-widget elementor-widget-iiconbox1\" data-id=\"d947ae5\" data-element_type=\"widget\" data-e-type=\"widget\" data-widget_type=\"iiconbox1.default\">\n\t\t\t\t<div class=\"elementor-widget-container\">\n\t\t\t\t\t\t\t<div class=\"icon-box icon-box--bg-img icon-box--icon-top icon-box--is-line-hover\">\r\n\t\t\t<div class=\"icon-main\">\r\n\t\t        \t\t\t    \t\t        \t        <\/div>\r\n\t        <div class=\"content-box\">\r\n\t\t        \t\t        <p><\/p>\r\n\t\t\t<\/div>\r\n\t\t\t\t\r\n\t    <\/div>\r\n\t    \t\t\t\t<\/div>\n\t\t\t\t<\/div>\n\t\t\t\t<div class=\"elementor-element elementor-element-dd9df57 elementor-widget elementor-widget-text-editor\" data-id=\"dd9df57\" data-element_type=\"widget\" data-e-type=\"widget\" data-widget_type=\"text-editor.default\">\n\t\t\t\t\t\t\t\t\t<p>G\u00fc\u00e7, G\u00fcven, G\u00f6rkem (\u00dc\u00c7GE) olarak gelecek i\u00e7in de\u011fer yaratma felsefesiyle y\u00fcr\u00fctt\u00fc\u011f\u00fcm\u00fcz ulusal ve uluslararas\u0131 t\u00fcm faaliyetlerimizde kalite y\u00f6netim sistemini s\u00fcrekli iyile\u015ftirmeyi ve t\u00fcm payda\u015flar\u0131m\u0131z\u0131n memnuniyetini en \u00fcst d\u00fczeyde sa\u011flamay\u0131 taahh\u00fct ediyoruz.<\/p><p>- M\u00fc\u015fterilerimizin memnuniyetini en \u00fcst d\u00fczeyde tutmak ve geli\u015fimlerine s\u00fcrd\u00fcr\u00fclebilir katk\u0131 sa\u011flamak<br \/>- En \u00f6nemli de\u011ferimiz insan felsefesi ile \u00e7al\u0131\u015fanlar\u0131m\u0131z\u0131n haklar\u0131n\u0131 korumak, geli\u015fimlerine katk\u0131da bulunmak, faaliyetlerimizi adil, sa\u011fl\u0131kl\u0131, g\u00fcvenli ve destekleyici bir \u00e7al\u0131\u015fma ortam\u0131nda ger\u00e7ekle\u015ftirmek<br \/>- \u00dcr\u00fcn ve hizmet kalitesini art\u0131rmak i\u00e7in tedarik\u00e7ilerimizle i\u015fbirli\u011fimizi g\u00fc\u00e7lendirmek, geli\u015fimlerini takip etmek ve desteklemek<br \/>- D\u00fcnyada h\u0131zla de\u011fi\u015fen i\u015f yap\u0131\u015f \u015fekillerine uygun olarak yenilik\u00e7i yakla\u015f\u0131m\u0131m\u0131z\u0131 s\u00fcrd\u00fcr\u00fclebilir k\u0131lmak, t\u00fcm sistem ve s\u00fcre\u00e7lerimizi teknolojik ve dijital hale getirmek<br \/>- Tasar\u0131m, teknoloji ve inovasyonda \u00f6nc\u00fc olmak i\u00e7in inovasyonu kurum k\u00fclt\u00fcr\u00fcn\u00fcn dinamik bir unsuru olarak benimsemek, yarat\u0131c\u0131 ve yenilik\u00e7i bak\u0131\u015f a\u00e7\u0131lar\u0131n\u0131 desteklemek<br \/>- T\u00fcm s\u00fcre\u00e7lerimizde risk ve f\u0131rsatlar\u0131 proaktif bir \u015fekilde y\u00f6neterek kurumsal esneklik ve operasyonel m\u00fckemmelli\u011fe ula\u015fmaya \u00e7al\u0131\u015fmak<br \/>- T\u00fcm de\u011fer zincirimizde S\u00fcrd\u00fcr\u00fclebilir Kaynak Y\u00f6netimini takip ederek do\u011fal kaynaklar\u0131, \u00e7evreyi ve ekolojik dengeyi korumak<br \/>- \u0130\u015f s\u00fcre\u00e7lerimizde ve t\u00fcm payda\u015flar\u0131m\u0131zla ili\u015fkilerimizde adillik, \u015feffafl\u0131k, d\u00fcr\u00fcstl\u00fck ve e\u015fitlik ilkelerine \u00f6nem vererek yerel ve uluslararas\u0131 etik kurallara tam uyum sa\u011flamak, yasa ve y\u00f6netmeliklere sayg\u0131 g\u00f6stermek<br \/>- Y\u00fcr\u00fctt\u00fc\u011f\u00fcm\u00fcz t\u00fcm faaliyetlerde \u00f6l\u00e7\u00fclebilir hedefler ve standartlar do\u011frultusunda s\u00fcrekli iyile\u015fme ve geli\u015fmeyi sa\u011flamak<br \/>- \u0130lgili taraflar\u0131n uygulanabilir beklentilerinin kar\u015f\u0131lanmas\u0131<\/p>\t\t\t\t\t\t\t\t<\/div>\n\t\t\t\t\t<\/div>\n\t\t<\/div>\n\t\t\t\t<div class=\"elementor-column elementor-col-50 elementor-top-column elementor-element elementor-element-0121653 elementor-hidden-mobile ot-flex-column-vertical\" data-id=\"0121653\" data-element_type=\"column\" data-e-type=\"column\">\n\t\t\t<div class=\"elementor-widget-wrap elementor-element-populated\">\n\t\t\t\t\t\t<div class=\"elementor-element elementor-element-ea820ac elementor-widget elementor-widget-iiconbox1\" data-id=\"ea820ac\" data-element_type=\"widget\" data-e-type=\"widget\" data-widget_type=\"iiconbox1.default\">\n\t\t\t\t<div class=\"elementor-widget-container\">\n\t\t\t\t\t\t\t<div class=\"icon-box icon-box--bg-img icon-box--icon-top icon-box--is-line-hover\">\r\n\t\t\t<div class=\"icon-main\">\r\n\t\t        \t\t\t    \t\t        \t        <\/div>\r\n\t        <div class=\"content-box\">\r\n\t\t        \t\t        <p><\/p>\r\n\t\t\t<\/div>\r\n\t\t\t\t\r\n\t    <\/div>\r\n\t    \t\t\t\t<\/div>\n\t\t\t\t<\/div>\n\t\t\t\t\t<\/div>\n\t\t<\/div>\n\t\t\t\t\t<\/div>\n\t\t<\/section>\n\t\t\t\t<section class=\"elementor-section elementor-top-section elementor-element elementor-element-a6f3a24 elementor-section-content-middle has-lines-vertical has-lines-vertical-center elementor-section-boxed elementor-section-height-default elementor-section-height-default\" data-id=\"a6f3a24\" data-element_type=\"section\" data-e-type=\"section\">\n\t\t\t\t\t\t<div class=\"elementor-container elementor-column-gap-extended\">\n\t\t\t\t\t<div class=\"elementor-column elementor-col-50 elementor-top-column elementor-element elementor-element-dec8b36 ot-flex-column-vertical\" data-id=\"dec8b36\" data-element_type=\"column\" data-e-type=\"column\">\n\t\t\t<div class=\"elementor-widget-wrap elementor-element-populated\">\n\t\t\t\t\t\t<div class=\"elementor-element elementor-element-547a0ac elementor-widget elementor-widget-iiconbox1\" data-id=\"547a0ac\" data-element_type=\"widget\" data-e-type=\"widget\" data-widget_type=\"iiconbox1.default\">\n\t\t\t\t<div class=\"elementor-widget-container\">\n\t\t\t\t\t\t\t<div class=\"icon-box icon-box--bg-img icon-box--icon-top icon-box--is-line-hover\">\r\n\t\t\t<div class=\"icon-main\">\r\n\t\t        \t\t\t    \t\t        \t        <\/div>\r\n\t        <div class=\"content-box\">\r\n\t\t        \t\t        <p><\/p>\r\n\t\t\t<\/div>\r\n\t\t\t\t\r\n\t    <\/div>\r\n\t    \t\t\t\t<\/div>\n\t\t\t\t<\/div>\n\t\t\t\t\t<\/div>\n\t\t<\/div>\n\t\t\t\t<div class=\"elementor-column elementor-col-50 elementor-top-column elementor-element elementor-element-42a6522 ot-flex-column-vertical\" data-id=\"42a6522\" data-element_type=\"column\" data-e-type=\"column\">\n\t\t\t<div class=\"elementor-widget-wrap elementor-element-populated\">\n\t\t\t\t\t\t<div class=\"elementor-element elementor-element-e9e7aee elementor-widget elementor-widget-iheading\" data-id=\"e9e7aee\" data-element_type=\"widget\" data-e-type=\"widget\" data-widget_type=\"iheading.default\">\n\t\t\t\t<div class=\"elementor-widget-container\">\n\t\t\t\t\t\t\t<div class=\"ot-heading\">\r\n\t        <span>Her Ad\u0131mda S\u00fcrd\u00fcr\u00fclebilirlik<\/span>\t        <h2 class=\"main-heading\">\u00c7evre Politikas\u0131<\/h2>\t    <\/div>\r\n\t    \t\t\t\t<\/div>\n\t\t\t\t<\/div>\n\t\t\t\t<div class=\"elementor-element elementor-element-730b986 elementor-widget elementor-widget-text-editor\" data-id=\"730b986\" data-element_type=\"widget\" data-e-type=\"widget\" data-widget_type=\"text-editor.default\">\n\t\t\t\t\t\t\t\t\t<p>\u00dc\u00c7GE olarak, Gelecek i\u00e7in De\u011fer yaratma hedefimiz kapsam\u0131nda faaliyetlerimizin merkezine yerle\u015ftirdi\u011fimiz s\u00fcrd\u00fcr\u00fclebilir \u00e7evre ilkelerini t\u00fcm de\u011fer zincirimizde canl\u0131 tutmay\u0131 ve performans\u0131m\u0131z\u0131 s\u00fcrekli iyile\u015ftirmeyi g\u00f6rev biliyoruz.<br \/>G\u00fc\u00e7, G\u00fcven, G\u00f6rkem (\u00dc\u00c7GE) ilkeleriyle y\u00fcr\u00fctt\u00fc\u011f\u00fcm\u00fcz t\u00fcm yerel ve k\u00fcresel faaliyetlerimizin \u00e7evresel ayak izini en aza indirecek strateji ve politikalar\u0131 benimseyerek \u00e7evrenin korunmas\u0131n\u0131 her zaman \u00f6n planda tutuyoruz.<\/p><p>- \u00c7evre boyutlar\u0131 ile ilgili t\u00fcm ulusal ve uluslararas\u0131 yasal y\u00fck\u00fcml\u00fcl\u00fckleri ve m\u00fc\u015fteri gereksinimlerini kar\u015f\u0131layarak s\u00fcrekli geli\u015fim ve iyile\u015ftirmeyi sa\u011flamak.\u00a0<br \/>- Tesis, \u00fcr\u00fcn ve s\u00fcre\u00e7 tasar\u0131m\u0131nda \u00e7evresel etkilerin g\u00f6z \u00f6n\u00fcnde bulundurulmas\u0131<br \/>- \u00c7evresel performans\u0131m\u0131z\u0131n s\u00fcrekli iyile\u015ftirilmesi i\u00e7in \u00e7evre y\u00f6netim sistemimizi geli\u015ftirmek<br \/>- Yenilenebilir enerji kaynaklar\u0131n\u0131n kullan\u0131m\u0131n\u0131n art\u0131r\u0131lmas\u0131<br \/>- T\u00fcm \u00e7al\u0131\u015fanlar\u0131m\u0131z\u0131n ve payda\u015flar\u0131m\u0131z\u0131n faaliyetlerimizin \u00e7evresel etkileri ve \u00e7evresel sorumluluklar\u0131m\u0131z konusunda e\u011fitim ve etkinlik faaliyetleri ile bilin\u00e7lendirilmesi, fark\u0131ndal\u0131klar\u0131n\u0131n ve kat\u0131l\u0131mlar\u0131n\u0131n art\u0131r\u0131lmas\u0131<br \/>- \u00dc\u00c7GE \u00fcr\u00fcnlerinin \u00e7evresel etkilerini iyile\u015ftirmek i\u00e7in tedarik\u00e7ilerimizin \u00e7evresel etkilerini de\u011ferlendirmek<br \/>- Teknik ve ekonomik imk\u00e2nlar \u00e7er\u00e7evesinde \u00e7evreye etkisi en az olan uygun teknolojileri kullanarak do\u011fal kaynaklar\u0131 korumak<br \/>- Faaliyetlerimiz sonucunda ortaya \u00e7\u0131kabilecek at\u0131klar\u0131n kayna\u011f\u0131nda \u00f6nlenmesi veya en aza indirilmesi, geri d\u00f6n\u00fc\u015f\u00fcm ve yeniden kullan\u0131m alternatiflerine \u00f6ncelik verilmesi<br \/>- Faaliyetlerimizde meydana gelebilecek herhangi bir kaza veya acil durumda, \u00e7al\u0131\u015fanlar\u0131m\u0131z ve \u00e7evre \u00fczerindeki etkileri en aza indirecek \u00f6nlemleri almak<\/p>\t\t\t\t\t\t\t\t<\/div>\n\t\t\t\t\t<\/div>\n\t\t<\/div>\n\t\t\t\t\t<\/div>\n\t\t<\/section>\n\t\t<div class=\"elementor-element elementor-element-e8a0914 e-con-full e-flex e-con e-parent\" data-id=\"e8a0914\" data-element_type=\"container\" data-e-type=\"container\">\n\t\t<div class=\"elementor-element elementor-element-4394c6c e-con-full e-flex e-con e-child\" data-id=\"4394c6c\" data-element_type=\"container\" data-e-type=\"container\">\n\t\t\t\t<div class=\"elementor-element elementor-element-2958e5d elementor-widget elementor-widget-image\" data-id=\"2958e5d\" data-element_type=\"widget\" data-e-type=\"widget\" data-widget_type=\"image.default\">\n\t\t\t\t\t\t\t\t\t\t\t\t\t\t\t\t<a href=\"https:\/\/ucgegroup.com\/wp-content\/uploads\/2025\/08\/ume-9001.jpg\" data-elementor-open-lightbox=\"yes\" data-elementor-lightbox-title=\"ume-9001\" data-e-action-hash=\"#elementor-action%3Aaction%3Dlightbox%26settings%3DeyJpZCI6ODE3NSwidXJsIjoiaHR0cHM6XC9cL3VjZ2Vncm91cC5jb21cL3dwLWNvbnRlbnRcL3VwbG9hZHNcLzIwMjVcLzA4XC91bWUtOTAwMS5qcGcifQ%3D%3D\">\n\t\t\t\t\t\t\t<img fetchpriority=\"high\" decoding=\"async\" width=\"1754\" height=\"2481\" src=\"https:\/\/ucgegroup.com\/wp-content\/uploads\/2025\/08\/ume-9001.jpg\" class=\"attachment-full size-full wp-image-8175\" alt=\"\" srcset=\"https:\/\/ucgegroup.com\/wp-content\/uploads\/2025\/08\/ume-9001.jpg 1754w, https:\/\/ucgegroup.com\/wp-content\/uploads\/2025\/08\/ume-9001-212x300.jpg 212w, https:\/\/ucgegroup.com\/wp-content\/uploads\/2025\/08\/ume-9001-724x1024.jpg 724w, https:\/\/ucgegroup.com\/wp-content\/uploads\/2025\/08\/ume-9001-768x1086.jpg 768w, https:\/\/ucgegroup.com\/wp-content\/uploads\/2025\/08\/ume-9001-1086x1536.jpg 1086w, https:\/\/ucgegroup.com\/wp-content\/uploads\/2025\/08\/ume-9001-1448x2048.jpg 1448w, https:\/\/ucgegroup.com\/wp-content\/uploads\/2025\/08\/ume-9001-8x12.jpg 8w\" sizes=\"(max-width: 1754px) 100vw, 1754px\" \/>\t\t\t\t\t\t\t\t<\/a>\n\t\t\t\t\t\t\t\t\t\t\t\t\t\t\t<\/div>\n\t\t\t\t<\/div>\n\t\t<div class=\"elementor-element elementor-element-35f9be7 e-con-full e-flex e-con e-child\" data-id=\"35f9be7\" data-element_type=\"container\" data-e-type=\"container\">\n\t\t\t\t<div class=\"elementor-element elementor-element-c7fa866 elementor-widget elementor-widget-image\" data-id=\"c7fa866\" data-element_type=\"widget\" data-e-type=\"widget\" data-widget_type=\"image.default\">\n\t\t\t\t\t\t\t\t\t\t\t\t\t\t\t\t<a href=\"https:\/\/ucgegroup.com\/wp-content\/uploads\/2025\/08\/UCGE-14001.jpg\" data-elementor-open-lightbox=\"yes\" data-elementor-lightbox-title=\"UCGE-14001\" data-e-action-hash=\"#elementor-action%3Aaction%3Dlightbox%26settings%3DeyJpZCI6ODE3NCwidXJsIjoiaHR0cHM6XC9cL3VjZ2Vncm91cC5jb21cL3dwLWNvbnRlbnRcL3VwbG9hZHNcLzIwMjVcLzA4XC9VQ0dFLTE0MDAxLmpwZyJ9\">\n\t\t\t\t\t\t\t<img decoding=\"async\" width=\"645\" height=\"913\" src=\"https:\/\/ucgegroup.com\/wp-content\/uploads\/2025\/08\/UCGE-14001.jpg\" class=\"attachment-full size-full wp-image-8174\" alt=\"\" srcset=\"https:\/\/ucgegroup.com\/wp-content\/uploads\/2025\/08\/UCGE-14001.jpg 645w, https:\/\/ucgegroup.com\/wp-content\/uploads\/2025\/08\/UCGE-14001-212x300.jpg 212w, https:\/\/ucgegroup.com\/wp-content\/uploads\/2025\/08\/UCGE-14001-8x12.jpg 8w\" sizes=\"(max-width: 645px) 100vw, 645px\" \/>\t\t\t\t\t\t\t\t<\/a>\n\t\t\t\t\t\t\t\t\t\t\t\t\t\t\t<\/div>\n\t\t\t\t<\/div>\n\t\t<div class=\"elementor-element elementor-element-b99a13d e-con-full e-flex e-con e-child\" data-id=\"b99a13d\" data-element_type=\"container\" data-e-type=\"container\">\n\t\t\t\t<div class=\"elementor-element elementor-element-9618241 elementor-widget elementor-widget-image\" data-id=\"9618241\" data-element_type=\"widget\" data-e-type=\"widget\" data-widget_type=\"image.default\">\n\t\t\t\t\t\t\t\t\t\t\t\t\t\t\t\t<a href=\"https:\/\/ucgegroup.com\/wp-content\/uploads\/2025\/08\/drs-9001.jpg\" data-elementor-open-lightbox=\"yes\" data-elementor-lightbox-title=\"drs 9001\" data-e-action-hash=\"#elementor-action%3Aaction%3Dlightbox%26settings%3DeyJpZCI6ODE3MywidXJsIjoiaHR0cHM6XC9cL3VjZ2Vncm91cC5jb21cL3dwLWNvbnRlbnRcL3VwbG9hZHNcLzIwMjVcLzA4XC9kcnMtOTAwMS5qcGcifQ%3D%3D\">\n\t\t\t\t\t\t\t<img decoding=\"async\" width=\"1086\" height=\"1536\" src=\"https:\/\/ucgegroup.com\/wp-content\/uploads\/2025\/08\/drs-9001.jpg\" class=\"attachment-full size-full wp-image-8173\" alt=\"\" srcset=\"https:\/\/ucgegroup.com\/wp-content\/uploads\/2025\/08\/drs-9001.jpg 1086w, https:\/\/ucgegroup.com\/wp-content\/uploads\/2025\/08\/drs-9001-212x300.jpg 212w, https:\/\/ucgegroup.com\/wp-content\/uploads\/2025\/08\/drs-9001-724x1024.jpg 724w, https:\/\/ucgegroup.com\/wp-content\/uploads\/2025\/08\/drs-9001-768x1086.jpg 768w, https:\/\/ucgegroup.com\/wp-content\/uploads\/2025\/08\/drs-9001-8x12.jpg 8w\" sizes=\"(max-width: 1086px) 100vw, 1086px\" \/>\t\t\t\t\t\t\t\t<\/a>\n\t\t\t\t\t\t\t\t\t\t\t\t\t\t\t<\/div>\n\t\t\t\t<\/div>\n\t\t<div class=\"elementor-element elementor-element-c20966f e-con-full e-flex e-con e-child\" data-id=\"c20966f\" data-element_type=\"container\" data-e-type=\"container\">\n\t\t\t\t<div class=\"elementor-element elementor-element-ad9648a elementor-widget elementor-widget-image\" data-id=\"ad9648a\" data-element_type=\"widget\" data-e-type=\"widget\" data-widget_type=\"image.default\">\n\t\t\t\t\t\t\t\t\t\t\t\t\t\t\t\t<a href=\"https:\/\/ucgegroup.com\/wp-content\/uploads\/2025\/08\/Revego-9001.jpg\" data-elementor-open-lightbox=\"yes\" data-elementor-lightbox-title=\"Revego 9001\" data-e-action-hash=\"#elementor-action%3Aaction%3Dlightbox%26settings%3DeyJpZCI6ODE3MiwidXJsIjoiaHR0cHM6XC9cL3VjZ2Vncm91cC5jb21cL3dwLWNvbnRlbnRcL3VwbG9hZHNcLzIwMjVcLzA4XC9SZXZlZ28tOTAwMS5qcGcifQ%3D%3D\">\n\t\t\t\t\t\t\t<img loading=\"lazy\" decoding=\"async\" width=\"1754\" height=\"2481\" src=\"https:\/\/ucgegroup.com\/wp-content\/uploads\/2025\/08\/Revego-9001.jpg\" class=\"attachment-full size-full wp-image-8172\" alt=\"\" srcset=\"https:\/\/ucgegroup.com\/wp-content\/uploads\/2025\/08\/Revego-9001.jpg 1754w, https:\/\/ucgegroup.com\/wp-content\/uploads\/2025\/08\/Revego-9001-212x300.jpg 212w, https:\/\/ucgegroup.com\/wp-content\/uploads\/2025\/08\/Revego-9001-724x1024.jpg 724w, https:\/\/ucgegroup.com\/wp-content\/uploads\/2025\/08\/Revego-9001-768x1086.jpg 768w, https:\/\/ucgegroup.com\/wp-content\/uploads\/2025\/08\/Revego-9001-1086x1536.jpg 1086w, https:\/\/ucgegroup.com\/wp-content\/uploads\/2025\/08\/Revego-9001-1448x2048.jpg 1448w, https:\/\/ucgegroup.com\/wp-content\/uploads\/2025\/08\/Revego-9001-8x12.jpg 8w\" sizes=\"(max-width: 1754px) 100vw, 1754px\" \/>\t\t\t\t\t\t\t\t<\/a>\n\t\t\t\t\t\t\t\t\t\t\t\t\t\t\t<\/div>\n\t\t\t\t<\/div>\n\t\t<div class=\"elementor-element elementor-element-55d0043 e-con-full e-flex e-con e-child\" data-id=\"55d0043\" data-element_type=\"container\" data-e-type=\"container\">\n\t\t\t\t<div class=\"elementor-element elementor-element-12218cd elementor-widget elementor-widget-image\" data-id=\"12218cd\" data-element_type=\"widget\" data-e-type=\"widget\" data-widget_type=\"image.default\">\n\t\t\t\t\t\t\t\t\t\t\t\t\t\t\t\t<a href=\"https:\/\/ucgegroup.com\/wp-content\/uploads\/2025\/08\/Revego-14001.jpg\" data-elementor-open-lightbox=\"yes\" data-elementor-lightbox-title=\"Revego 14001\" data-e-action-hash=\"#elementor-action%3Aaction%3Dlightbox%26settings%3DeyJpZCI6ODE3MSwidXJsIjoiaHR0cHM6XC9cL3VjZ2Vncm91cC5jb21cL3dwLWNvbnRlbnRcL3VwbG9hZHNcLzIwMjVcLzA4XC9SZXZlZ28tMTQwMDEuanBnIn0%3D\">\n\t\t\t\t\t\t\t<img loading=\"lazy\" decoding=\"async\" width=\"1754\" height=\"2481\" src=\"https:\/\/ucgegroup.com\/wp-content\/uploads\/2025\/08\/Revego-14001.jpg\" class=\"attachment-full size-full wp-image-8171\" alt=\"\" srcset=\"https:\/\/ucgegroup.com\/wp-content\/uploads\/2025\/08\/Revego-14001.jpg 1754w, https:\/\/ucgegroup.com\/wp-content\/uploads\/2025\/08\/Revego-14001-212x300.jpg 212w, https:\/\/ucgegroup.com\/wp-content\/uploads\/2025\/08\/Revego-14001-724x1024.jpg 724w, https:\/\/ucgegroup.com\/wp-content\/uploads\/2025\/08\/Revego-14001-768x1086.jpg 768w, https:\/\/ucgegroup.com\/wp-content\/uploads\/2025\/08\/Revego-14001-1086x1536.jpg 1086w, https:\/\/ucgegroup.com\/wp-content\/uploads\/2025\/08\/Revego-14001-1448x2048.jpg 1448w, https:\/\/ucgegroup.com\/wp-content\/uploads\/2025\/08\/Revego-14001-8x12.jpg 8w\" sizes=\"(max-width: 1754px) 100vw, 1754px\" \/>\t\t\t\t\t\t\t\t<\/a>\n\t\t\t\t\t\t\t\t\t\t\t\t\t\t\t<\/div>\n\t\t\t\t<\/div>\n\t\t\t\t<\/div>\n\t\t\t\t<\/div>","protected":false},"excerpt":{"rendered":"<p>Excellence Starts with Quality Quality Policies Power, Trust, Glory (\u00dc\u00c7GE), we are committed to continuously improve the quality management system in all our national and international activities that we carry out with the philosophy of creating value for the future as \u00dc\u00c7GE and to ensure the satisfaction of all our stakeholders at the highest level. [&hellip;]<\/p>\n","protected":false},"author":1,"featured_media":0,"parent":0,"menu_order":0,"comment_status":"closed","ping_status":"closed","template":"","meta":{"footnotes":""},"class_list":["post-8165","page","type-page","status-publish","hentry"],"_links":{"self":[{"href":"https:\/\/ucgegroup.com\/tr\/wp-json\/wp\/v2\/pages\/8165","targetHints":{"allow":["GET"]}}],"collection":[{"href":"https:\/\/ucgegroup.com\/tr\/wp-json\/wp\/v2\/pages"}],"about":[{"href":"https:\/\/ucgegroup.com\/tr\/wp-json\/wp\/v2\/types\/page"}],"author":[{"embeddable":true,"href":"https:\/\/ucgegroup.com\/tr\/wp-json\/wp\/v2\/users\/1"}],"replies":[{"embeddable":true,"href":"https:\/\/ucgegroup.com\/tr\/wp-json\/wp\/v2\/comments?post=8165"}],"version-history":[{"count":0,"href":"https:\/\/ucgegroup.com\/tr\/wp-json\/wp\/v2\/pages\/8165\/revisions"}],"wp:attachment":[{"href":"https:\/\/ucgegroup.com\/tr\/wp-json\/wp\/v2\/media?parent=8165"}],"curies":[{"name":"wp","href":"https:\/\/api.w.org\/{rel}","templated":true}]}}