{"id":8186,"date":"2025-08-29T05:59:41","date_gmt":"2025-08-29T05:59:41","guid":{"rendered":"https:\/\/ucgegroup.com\/?page_id=8186"},"modified":"2025-12-10T07:55:53","modified_gmt":"2025-12-10T07:55:53","slug":"yonetim-kurulu","status":"publish","type":"page","link":"https:\/\/ucgegroup.com\/tr\/board-of-directors\/","title":{"rendered":"Y\u00f6netim Kurulu"},"content":{"rendered":"<div data-elementor-type=\"wp-page\" data-elementor-id=\"8186\" class=\"elementor elementor-8186\" data-elementor-post-type=\"page\">\n\t\t\t\t\t\t<section class=\"elementor-section elementor-top-section elementor-element elementor-element-08979e5 elementor-section-boxed elementor-section-height-default elementor-section-height-default\" data-id=\"08979e5\" data-element_type=\"section\" data-e-type=\"section\" data-settings=\"{&quot;background_background&quot;:&quot;classic&quot;}\">\n\t\t\t\t\t\t<div class=\"elementor-container elementor-column-gap-custom\">\n\t\t\t\t\t<div class=\"elementor-column elementor-col-33 elementor-top-column elementor-element elementor-element-034a04d ot-flex-column-vertical\" data-id=\"034a04d\" data-element_type=\"column\" data-e-type=\"column\">\n\t\t\t<div class=\"elementor-widget-wrap elementor-element-populated\">\n\t\t\t\t\t\t<div class=\"elementor-element elementor-element-79cb20e elementor-widget elementor-widget-wpzoom-elementor-addons-team-members\" data-id=\"79cb20e\" data-element_type=\"widget\" data-e-type=\"widget\" data-widget_type=\"wpzoom-elementor-addons-team-members.default\">\n\t\t\t\t<div class=\"elementor-widget-container\">\n\t\t\t\t\t\n\t\t\t\t\t<figure class=\"wpz-member-figure\">\n\t\t\t\t<img fetchpriority=\"high\" decoding=\"async\" width=\"1080\" height=\"1080\" src=\"https:\/\/ucgegroup.com\/wp-content\/uploads\/2025\/12\/1.png\" class=\"elementor-animation-disable-animation attachment-full size-full wp-image-8609\" alt=\"1\" srcset=\"https:\/\/ucgegroup.com\/wp-content\/uploads\/2025\/12\/1.png 1080w, https:\/\/ucgegroup.com\/wp-content\/uploads\/2025\/12\/1-300x300.png 300w, https:\/\/ucgegroup.com\/wp-content\/uploads\/2025\/12\/1-1024x1024.png 1024w, https:\/\/ucgegroup.com\/wp-content\/uploads\/2025\/12\/1-150x150.png 150w, https:\/\/ucgegroup.com\/wp-content\/uploads\/2025\/12\/1-768x768.png 768w, https:\/\/ucgegroup.com\/wp-content\/uploads\/2025\/12\/1-12x12.png 12w, https:\/\/ucgegroup.com\/wp-content\/uploads\/2025\/12\/1-720x720.png 720w\" sizes=\"(max-width: 1080px) 100vw, 1080px\" \/>\t\t\t<\/figure>\n\t\t\n\t\t<div class=\"wpz-member-body\">\n\t\t\t<h2 class=\"wpz-member-name\">DAMLA ARAS<\/h2>\n\t\t\t\t\t\t\t<div class=\"wpz-member-position\">Y\u00f6netim Kurulu Ba\u015fkan\u0131<\/div>\n\t\t\t\n\t\t\t\n\t\t\t\n\t\t\t\n\t\t\t\t\t<\/div>\n\t\t\t\t\t\t<\/div>\n\t\t\t\t<\/div>\n\t\t\t\t\t<\/div>\n\t\t<\/div>\n\t\t\t\t<div class=\"elementor-column elementor-col-33 elementor-top-column elementor-element elementor-element-6445415 ot-flex-column-vertical\" data-id=\"6445415\" data-element_type=\"column\" data-e-type=\"column\">\n\t\t\t<div class=\"elementor-widget-wrap elementor-element-populated\">\n\t\t\t\t\t\t<div class=\"elementor-element elementor-element-50ec3f5 elementor-widget elementor-widget-wpzoom-elementor-addons-team-members\" data-id=\"50ec3f5\" data-element_type=\"widget\" data-e-type=\"widget\" data-widget_type=\"wpzoom-elementor-addons-team-members.default\">\n\t\t\t\t<div class=\"elementor-widget-container\">\n\t\t\t\t\t\n\t\t\t\t\t<figure class=\"wpz-member-figure\">\n\t\t\t\t<img decoding=\"async\" width=\"1080\" height=\"1080\" src=\"https:\/\/ucgegroup.com\/wp-content\/uploads\/2025\/12\/2.png\" class=\"elementor-animation-disable-animation attachment-full size-full wp-image-8610\" alt=\"2\" srcset=\"https:\/\/ucgegroup.com\/wp-content\/uploads\/2025\/12\/2.png 1080w, https:\/\/ucgegroup.com\/wp-content\/uploads\/2025\/12\/2-300x300.png 300w, https:\/\/ucgegroup.com\/wp-content\/uploads\/2025\/12\/2-1024x1024.png 1024w, https:\/\/ucgegroup.com\/wp-content\/uploads\/2025\/12\/2-150x150.png 150w, https:\/\/ucgegroup.com\/wp-content\/uploads\/2025\/12\/2-768x768.png 768w, https:\/\/ucgegroup.com\/wp-content\/uploads\/2025\/12\/2-12x12.png 12w, https:\/\/ucgegroup.com\/wp-content\/uploads\/2025\/12\/2-720x720.png 720w\" sizes=\"(max-width: 1080px) 100vw, 1080px\" \/>\t\t\t<\/figure>\n\t\t\n\t\t<div class=\"wpz-member-body\">\n\t\t\t<h2 class=\"wpz-member-name\">CAN ARAS<\/h2>\n\t\t\t\t\t\t\t<div class=\"wpz-member-position\">Y\u00f6netim Kurulu Ba\u015fkan\u0131<\/div>\n\t\t\t\n\t\t\t\n\t\t\t\n\t\t\t\n\t\t\t\t\t<\/div>\n\t\t\t\t\t\t<\/div>\n\t\t\t\t<\/div>\n\t\t\t\t\t<\/div>\n\t\t<\/div>\n\t\t\t\t<div class=\"elementor-column elementor-col-33 elementor-top-column elementor-element elementor-element-c70772a ot-flex-column-vertical\" data-id=\"c70772a\" data-element_type=\"column\" data-e-type=\"column\">\n\t\t\t<div class=\"elementor-widget-wrap elementor-element-populated\">\n\t\t\t\t\t\t<div class=\"elementor-element elementor-element-d86bbbc elementor-widget elementor-widget-wpzoom-elementor-addons-team-members\" data-id=\"d86bbbc\" data-element_type=\"widget\" data-e-type=\"widget\" data-widget_type=\"wpzoom-elementor-addons-team-members.default\">\n\t\t\t\t<div class=\"elementor-widget-container\">\n\t\t\t\t\t\n\t\t\t\t\t<figure class=\"wpz-member-figure\">\n\t\t\t\t<img decoding=\"async\" width=\"1024\" height=\"1024\" src=\"https:\/\/ucgegroup.com\/wp-content\/uploads\/2025\/09\/esra-guven_02_5.webp\" class=\"elementor-animation-disable-animation attachment-full size-full wp-image-8279\" alt=\"\" srcset=\"https:\/\/ucgegroup.com\/wp-content\/uploads\/2025\/09\/esra-guven_02_5.webp 1024w, https:\/\/ucgegroup.com\/wp-content\/uploads\/2025\/09\/esra-guven_02_5-300x300.webp 300w, https:\/\/ucgegroup.com\/wp-content\/uploads\/2025\/09\/esra-guven_02_5-150x150.webp 150w, https:\/\/ucgegroup.com\/wp-content\/uploads\/2025\/09\/esra-guven_02_5-768x768.webp 768w, https:\/\/ucgegroup.com\/wp-content\/uploads\/2025\/09\/esra-guven_02_5-12x12.webp 12w, https:\/\/ucgegroup.com\/wp-content\/uploads\/2025\/09\/esra-guven_02_5-720x720.webp 720w\" sizes=\"(max-width: 1024px) 100vw, 1024px\" \/>\t\t\t<\/figure>\n\t\t\n\t\t<div class=\"wpz-member-body\">\n\t\t\t<h2 class=\"wpz-member-name\">ESRA G\u00dcVEN<\/h2>\n\t\t\t\t\t\t\t<div class=\"wpz-member-position\">Grup \u015eirketleri Ba\u015fkan\u0131<\/div>\n\t\t\t\n\t\t\t\n\t\t\t\n\t\t\t\n\t\t\t\t\t<\/div>\n\t\t\t\t\t\t<\/div>\n\t\t\t\t<\/div>\n\t\t\t\t\t<\/div>\n\t\t<\/div>\n\t\t\t\t\t<\/div>\n\t\t<\/section>\n\t\t\t\t<section class=\"elementor-section elementor-top-section elementor-element elementor-element-c30351a elementor-section-boxed elementor-section-height-default elementor-section-height-default\" data-id=\"c30351a\" data-element_type=\"section\" data-e-type=\"section\" data-settings=\"{&quot;background_background&quot;:&quot;classic&quot;}\">\n\t\t\t\t\t\t<div class=\"elementor-container elementor-column-gap-custom\">\n\t\t\t\t\t<div class=\"elementor-column elementor-col-33 elementor-top-column elementor-element elementor-element-8cecda4 ot-flex-column-vertical\" data-id=\"8cecda4\" data-element_type=\"column\" data-e-type=\"column\">\n\t\t\t<div class=\"elementor-widget-wrap elementor-element-populated\">\n\t\t\t\t\t\t<div class=\"elementor-element elementor-element-ad0e65c elementor-widget elementor-widget-wpzoom-elementor-addons-team-members\" data-id=\"ad0e65c\" data-element_type=\"widget\" data-e-type=\"widget\" data-widget_type=\"wpzoom-elementor-addons-team-members.default\">\n\t\t\t\t<div class=\"elementor-widget-container\">\n\t\t\t\t\t\n\t\t\t\t\t<figure class=\"wpz-member-figure\">\n\t\t\t\t<img loading=\"lazy\" decoding=\"async\" width=\"1080\" height=\"1080\" src=\"https:\/\/ucgegroup.com\/wp-content\/uploads\/2025\/11\/oaras-foto_11zon.webp\" class=\"elementor-animation-disable-animation attachment-full size-full wp-image-8604\" alt=\"oaras foto_11zon\" srcset=\"https:\/\/ucgegroup.com\/wp-content\/uploads\/2025\/11\/oaras-foto_11zon.webp 1080w, https:\/\/ucgegroup.com\/wp-content\/uploads\/2025\/11\/oaras-foto_11zon-300x300.webp 300w, https:\/\/ucgegroup.com\/wp-content\/uploads\/2025\/11\/oaras-foto_11zon-1024x1024.webp 1024w, https:\/\/ucgegroup.com\/wp-content\/uploads\/2025\/11\/oaras-foto_11zon-150x150.webp 150w, https:\/\/ucgegroup.com\/wp-content\/uploads\/2025\/11\/oaras-foto_11zon-768x768.webp 768w, https:\/\/ucgegroup.com\/wp-content\/uploads\/2025\/11\/oaras-foto_11zon-12x12.webp 12w, https:\/\/ucgegroup.com\/wp-content\/uploads\/2025\/11\/oaras-foto_11zon-720x720.webp 720w\" sizes=\"(max-width: 1080px) 100vw, 1080px\" \/>\t\t\t<\/figure>\n\t\t\n\t\t<div class=\"wpz-member-body\">\n\t\t\t<h2 class=\"wpz-member-name\">\u00d6ZG\u00dcR ARAS<\/h2>\n\t\t\t\t\t\t\t<div class=\"wpz-member-position\">Sat\u0131\u015f Pazarlama Ba\u015fkan Yard\u0131mc\u0131s\u0131<\/div>\n\t\t\t\n\t\t\t\n\t\t\t\n\t\t\t\n\t\t\t\t\t<\/div>\n\t\t\t\t\t\t<\/div>\n\t\t\t\t<\/div>\n\t\t\t\t\t<\/div>\n\t\t<\/div>\n\t\t\t\t<div class=\"elementor-column elementor-col-33 elementor-top-column elementor-element elementor-element-1866ac7 ot-flex-column-vertical\" data-id=\"1866ac7\" data-element_type=\"column\" data-e-type=\"column\">\n\t\t\t<div class=\"elementor-widget-wrap elementor-element-populated\">\n\t\t\t\t\t\t<div class=\"elementor-element elementor-element-0a82cd7 elementor-widget elementor-widget-wpzoom-elementor-addons-team-members\" data-id=\"0a82cd7\" data-element_type=\"widget\" data-e-type=\"widget\" data-widget_type=\"wpzoom-elementor-addons-team-members.default\">\n\t\t\t\t<div class=\"elementor-widget-container\">\n\t\t\t\t\t\n\t\t\t\t\t<figure class=\"wpz-member-figure\">\n\t\t\t\t<img loading=\"lazy\" decoding=\"async\" width=\"1080\" height=\"1080\" src=\"https:\/\/ucgegroup.com\/wp-content\/uploads\/2025\/12\/3.png\" class=\"elementor-animation-disable-animation attachment-full size-full wp-image-8611\" alt=\"3\" srcset=\"https:\/\/ucgegroup.com\/wp-content\/uploads\/2025\/12\/3.png 1080w, https:\/\/ucgegroup.com\/wp-content\/uploads\/2025\/12\/3-300x300.png 300w, https:\/\/ucgegroup.com\/wp-content\/uploads\/2025\/12\/3-1024x1024.png 1024w, https:\/\/ucgegroup.com\/wp-content\/uploads\/2025\/12\/3-150x150.png 150w, https:\/\/ucgegroup.com\/wp-content\/uploads\/2025\/12\/3-768x768.png 768w, https:\/\/ucgegroup.com\/wp-content\/uploads\/2025\/12\/3-12x12.png 12w, https:\/\/ucgegroup.com\/wp-content\/uploads\/2025\/12\/3-720x720.png 720w\" sizes=\"(max-width: 1080px) 100vw, 1080px\" \/>\t\t\t<\/figure>\n\t\t\n\t\t<div class=\"wpz-member-body\">\n\t\t\t<h2 class=\"wpz-member-name\">ENG\u0130N TANJU<\/h2>\n\t\t\t\t\t\t\t<div class=\"wpz-member-position\">\u00dcretim Ba\u015fkan Yard\u0131mc\u0131s\u0131<\/div>\n\t\t\t\n\t\t\t\n\t\t\t\n\t\t\t\n\t\t\t\t\t<\/div>\n\t\t\t\t\t\t<\/div>\n\t\t\t\t<\/div>\n\t\t\t\t\t<\/div>\n\t\t<\/div>\n\t\t\t\t<div class=\"elementor-column elementor-col-33 elementor-top-column elementor-element elementor-element-de5d739 ot-flex-column-vertical\" data-id=\"de5d739\" data-element_type=\"column\" data-e-type=\"column\">\n\t\t\t<div class=\"elementor-widget-wrap elementor-element-populated\">\n\t\t\t\t\t\t<div class=\"elementor-element elementor-element-73c1157 elementor-widget elementor-widget-image\" data-id=\"73c1157\" data-element_type=\"widget\" data-e-type=\"widget\" data-widget_type=\"image.default\">\n\t\t\t\t\t\t\t\t\t\t\t\t\t\t\t<img loading=\"lazy\" decoding=\"async\" width=\"1024\" height=\"1024\" src=\"https:\/\/ucgegroup.com\/wp-content\/uploads\/2025\/10\/seckin-yuksel-1024x1024.png\" class=\"attachment-large size-large wp-image-8562\" alt=\"seckin yuksel\" srcset=\"https:\/\/ucgegroup.com\/wp-content\/uploads\/2025\/10\/seckin-yuksel-1024x1024.png 1024w, https:\/\/ucgegroup.com\/wp-content\/uploads\/2025\/10\/seckin-yuksel-300x300.png 300w, https:\/\/ucgegroup.com\/wp-content\/uploads\/2025\/10\/seckin-yuksel-150x150.png 150w, https:\/\/ucgegroup.com\/wp-content\/uploads\/2025\/10\/seckin-yuksel-768x768.png 768w, https:\/\/ucgegroup.com\/wp-content\/uploads\/2025\/10\/seckin-yuksel-12x12.png 12w, https:\/\/ucgegroup.com\/wp-content\/uploads\/2025\/10\/seckin-yuksel-720x720.png 720w, https:\/\/ucgegroup.com\/wp-content\/uploads\/2025\/10\/seckin-yuksel.png 1080w\" sizes=\"(max-width: 1024px) 100vw, 1024px\" \/>\t\t\t\t\t\t\t\t\t\t\t\t\t\t\t<\/div>\n\t\t\t\t<div class=\"elementor-element elementor-element-a66e90e elementor-widget elementor-widget-wpzoom-elementor-addons-team-members\" data-id=\"a66e90e\" data-element_type=\"widget\" data-e-type=\"widget\" data-widget_type=\"wpzoom-elementor-addons-team-members.default\">\n\t\t\t\t<div class=\"elementor-widget-container\">\n\t\t\t\t\t\n\t\t\n\t\t<div class=\"wpz-member-body\">\n\t\t\t<h2 class=\"wpz-member-name\">SE\u00c7K\u0130N Y\u00dcKSEL<\/h2>\n\t\t\t\t\t\t\t<div class=\"wpz-member-position\">Mali \u0130\u015fler Ba\u015fkan Yard\u0131mc\u0131s\u0131<\/div>\n\t\t\t\n\t\t\t\n\t\t\t\n\t\t\t\n\t\t\t\t\t<\/div>\n\t\t\t\t\t\t<\/div>\n\t\t\t\t<\/div>\n\t\t\t\t\t<\/div>\n\t\t<\/div>\n\t\t\t\t\t<\/div>\n\t\t<\/section>\n\t\t\t\t<\/div>","protected":false},"excerpt":{"rendered":"<p>DAMLA ARAS Y\u00f6netim Kurulu Ba\u015fkan\u0131 CAN ARAS Y\u00f6netim Kurulu Ba\u015fkan\u0131 ESRA G\u00dcVEN \u0130cra Kurulu Ba\u015fkan\u0131 \u00d6ZG\u00dcR ARAS Sat\u0131\u015f ve Pazarlama Genel M\u00fcd\u00fcr Yard\u0131mc\u0131s\u0131 ENG\u0130N TANJU Operasyon Genel M\u00fcd\u00fcr Yard\u0131mc\u0131s\u0131 SE\u00c7K\u0130N Y\u00dcKSEL Mali \u0130\u015fler Genel M\u00fcd\u00fcr Yard\u0131mc\u0131s\u0131<\/p>","protected":false},"author":1,"featured_media":0,"parent":0,"menu_order":0,"comment_status":"closed","ping_status":"closed","template":"","meta":{"footnotes":""},"class_list":["post-8186","page","type-page","status-publish","hentry"],"_links":{"self":[{"href":"https:\/\/ucgegroup.com\/tr\/wp-json\/wp\/v2\/pages\/8186","targetHints":{"allow":["GET"]}}],"collection":[{"href":"https:\/\/ucgegroup.com\/tr\/wp-json\/wp\/v2\/pages"}],"about":[{"href":"https:\/\/ucgegroup.com\/tr\/wp-json\/wp\/v2\/types\/page"}],"author":[{"embeddable":true,"href":"https:\/\/ucgegroup.com\/tr\/wp-json\/wp\/v2\/users\/1"}],"replies":[{"embeddable":true,"href":"https:\/\/ucgegroup.com\/tr\/wp-json\/wp\/v2\/comments?post=8186"}],"version-history":[{"count":0,"href":"https:\/\/ucgegroup.com\/tr\/wp-json\/wp\/v2\/pages\/8186\/revisions"}],"wp:attachment":[{"href":"https:\/\/ucgegroup.com\/tr\/wp-json\/wp\/v2\/media?parent=8186"}],"curies":[{"name":"wp","href":"https:\/\/api.w.org\/{rel}","templated":true}]}}