{"id":8350,"date":"2025-09-11T08:56:37","date_gmt":"2025-09-11T08:56:37","guid":{"rendered":"https:\/\/ucgegroup.com\/?page_id=8350"},"modified":"2025-12-23T14:34:08","modified_gmt":"2025-12-23T14:34:08","slug":"kariyer","status":"publish","type":"page","link":"https:\/\/ucgegroup.com\/tr\/career\/","title":{"rendered":"Kariyer"},"content":{"rendered":"<div data-elementor-type=\"wp-page\" data-elementor-id=\"8350\" class=\"elementor elementor-8350\" data-elementor-post-type=\"page\">\n\t\t\t\t\t\t<section class=\"elementor-section elementor-top-section elementor-element elementor-element-d9e3d80 elementor-section-content-middle has-lines-vertical has-lines-vertical-center elementor-section-boxed elementor-section-height-default elementor-section-height-default\" data-id=\"d9e3d80\" data-element_type=\"section\" data-e-type=\"section\">\n\t\t\t\t\t\t<div class=\"elementor-container elementor-column-gap-extended\">\n\t\t\t\t\t<div class=\"elementor-column elementor-col-100 elementor-top-column elementor-element elementor-element-f484930 ot-flex-column-vertical\" data-id=\"f484930\" data-element_type=\"column\" data-e-type=\"column\">\n\t\t\t<div class=\"elementor-widget-wrap elementor-element-populated\">\n\t\t\t\t\t\t<div class=\"elementor-element elementor-element-712332b elementor-widget elementor-widget-iheading\" data-id=\"712332b\" data-element_type=\"widget\" data-e-type=\"widget\" data-widget_type=\"iheading.default\">\n\t\t\t\t<div class=\"elementor-widget-container\">\n\t\t\t\t\t\t\t<div class=\"ot-heading\">\r\n\t        <span>gelece\u011fe de\u011fer<\/span>\t        <h2 class=\"main-heading\">\u00dc\u00c7GE'de Gelece\u011fi Birlikte \u015eekillendiriyoruz<\/h2>\t    <\/div>\r\n\t    \t\t\t\t<\/div>\n\t\t\t\t<\/div>\n\t\t\t\t<div class=\"elementor-element elementor-element-8a23621 elementor-widget__width-initial elementor-widget elementor-widget-text-editor\" data-id=\"8a23621\" data-element_type=\"widget\" data-e-type=\"widget\" data-widget_type=\"text-editor.default\">\n\t\t\t\t\t\t\t\t\t<p>Yenilik\u00e7i vizyonumuz, g\u00fc\u00e7l\u00fc kurumsal de\u011ferlerimiz ve yar\u0131m as\u0131rl\u0131k tecr\u00fcbemizle her ge\u00e7en g\u00fcn daha s\u00fcrd\u00fcr\u00fclebilir, daha dijital ve daha kapsay\u0131c\u0131 bir gelecek in\u015fa ediyoruz. \u00dc\u00c7GE ailesine kat\u0131lmak isteyen yetenekli bireyleri i\u015f ve staj ba\u015fvuru formlar\u0131m\u0131z\u0131 incelemeye davet ediyoruz. Siz de \u00dc\u00c7GE'li olmaya haz\u0131rsan\u0131z <br>Bu d\u00f6n\u00fc\u015f\u00fcm\u00fcn bir par\u00e7as\u0131 olmak i\u00e7in bizimle yolculu\u011funuza bug\u00fcn ba\u015flay\u0131n.<\/p>\t\t\t\t\t\t\t\t<\/div>\n\t\t\t\t\t<\/div>\n\t\t<\/div>\n\t\t\t\t\t<\/div>\n\t\t<\/section>\n\t\t<div class=\"elementor-element elementor-element-64dad90 e-flex e-con-boxed e-con e-parent\" data-id=\"64dad90\" data-element_type=\"container\" data-e-type=\"container\">\n\t\t\t\t\t<div class=\"e-con-inner\">\n\t\t<div class=\"elementor-element elementor-element-efcef20 e-con-full e-flex e-con e-child\" data-id=\"efcef20\" data-element_type=\"container\" data-e-type=\"container\">\n\t\t\t\t<div class=\"elementor-element elementor-element-3d99eb6 elementor-widget elementor-widget-iiconbox1\" data-id=\"3d99eb6\" data-element_type=\"widget\" data-e-type=\"widget\" data-widget_type=\"iiconbox1.default\">\n\t\t\t\t<div class=\"elementor-widget-container\">\n\t\t\t\t\t\t\t<div class=\"icon-box icon-box--bg-img icon-box--icon-top icon-box--is-line-hover\">\r\n\t\t\t<div class=\"icon-main\">\r\n\t\t        \t\t\t    \t\t        \t        <\/div>\r\n\t        <div class=\"content-box\">\r\n\t\t        <h5 class=\"icon-box-title\"><a href=\"https:\/\/ucgegroup.com\/tr\/kariyer\/basvuru-formu\/\">Ba\u015fvuru Formu<\/a><\/h5>\t\t        <p><\/p>\r\n\t\t\t<\/div>\r\n\t\t\t\t\r\n\t    <\/div>\r\n\t    \t\t\t\t<\/div>\n\t\t\t\t<\/div>\n\t\t\t\t<\/div>\n\t\t<div class=\"elementor-element elementor-element-d7a5ee0 e-con-full e-flex e-con e-child\" data-id=\"d7a5ee0\" data-element_type=\"container\" data-e-type=\"container\">\n\t\t\t\t<div class=\"elementor-element elementor-element-41cdc55 elementor-widget elementor-widget-iiconbox1\" data-id=\"41cdc55\" data-element_type=\"widget\" data-e-type=\"widget\" data-widget_type=\"iiconbox1.default\">\n\t\t\t\t<div class=\"elementor-widget-container\">\n\t\t\t\t\t\t\t<div class=\"icon-box icon-box--bg-img icon-box--icon-top icon-box--is-line-hover\">\r\n\t\t\t<div class=\"icon-main\">\r\n\t\t        \t\t\t    \t\t        \t        <\/div>\r\n\t        <div class=\"content-box\">\r\n\t\t        <h5 class=\"icon-box-title\"><a href=\"https:\/\/ucgegroup.com\/tr\/kariyer\/staj-formu\/\">Staj <br>Formu<\/a><\/h5>\t\t        <p><\/p>\r\n\t\t\t<\/div>\r\n\t\t\t\t\r\n\t    <\/div>\r\n\t    \t\t\t\t<\/div>\n\t\t\t\t<\/div>\n\t\t\t\t<\/div>\n\t\t<div class=\"elementor-element elementor-element-58e72d9 e-con-full e-flex e-con e-child\" data-id=\"58e72d9\" data-element_type=\"container\" data-e-type=\"container\">\n\t\t\t\t<div class=\"elementor-element elementor-element-ad282b6 elementor-widget elementor-widget-iiconbox1\" data-id=\"ad282b6\" data-element_type=\"widget\" data-e-type=\"widget\" data-widget_type=\"iiconbox1.default\">\n\t\t\t\t<div class=\"elementor-widget-container\">\n\t\t\t\t\t\t\t<div class=\"icon-box icon-box--bg-img icon-box--icon-top icon-box--is-line-hover\">\r\n\t\t\t<div class=\"icon-main\">\r\n\t\t        \t\t\t    \t\t        \t        <\/div>\r\n\t        <div class=\"content-box\">\r\n\t\t        <h5 class=\"icon-box-title\"><a href=\"https:\/\/www.kariyer.net\/firma-profil\/ucge-grup-sirketleri-a-s-5593-30476\">G\u00fcncel <br>\u0130lanlar<\/a><\/h5>\t\t        <p><\/p>\r\n\t\t\t<\/div>\r\n\t\t\t\t\r\n\t    <\/div>\r\n\t    \t\t\t\t<\/div>\n\t\t\t\t<\/div>\n\t\t\t\t<\/div>\n\t\t\t\t\t<\/div>\n\t\t\t\t<\/div>\n\t\t\t\t<\/div>","protected":false},"excerpt":{"rendered":"<p>value to the future Shaping the Future Together at \u00dc\u00c7GE With our innovative vision, strong corporate values, and half a century of experience, we are building a more sustainable, more digital, and more inclusive future every day. We invite talented individuals who wish to join the \u00dc\u00c7GE family to explore our job and internship application [&hellip;]<\/p>\n","protected":false},"author":1,"featured_media":0,"parent":0,"menu_order":0,"comment_status":"closed","ping_status":"closed","template":"","meta":{"footnotes":""},"class_list":["post-8350","page","type-page","status-publish","hentry"],"_links":{"self":[{"href":"https:\/\/ucgegroup.com\/tr\/wp-json\/wp\/v2\/pages\/8350","targetHints":{"allow":["GET"]}}],"collection":[{"href":"https:\/\/ucgegroup.com\/tr\/wp-json\/wp\/v2\/pages"}],"about":[{"href":"https:\/\/ucgegroup.com\/tr\/wp-json\/wp\/v2\/types\/page"}],"author":[{"embeddable":true,"href":"https:\/\/ucgegroup.com\/tr\/wp-json\/wp\/v2\/users\/1"}],"replies":[{"embeddable":true,"href":"https:\/\/ucgegroup.com\/tr\/wp-json\/wp\/v2\/comments?post=8350"}],"version-history":[{"count":0,"href":"https:\/\/ucgegroup.com\/tr\/wp-json\/wp\/v2\/pages\/8350\/revisions"}],"wp:attachment":[{"href":"https:\/\/ucgegroup.com\/tr\/wp-json\/wp\/v2\/media?parent=8350"}],"curies":[{"name":"wp","href":"https:\/\/api.w.org\/{rel}","templated":true}]}}